{"id":38746,"date":"2025-05-28T15:16:49","date_gmt":"2025-05-28T13:16:49","guid":{"rendered":"https:\/\/broz.sk\/kecovske-skrapy\/"},"modified":"2025-05-28T15:16:51","modified_gmt":"2025-05-28T13:16:51","slug":"kecovske-skrapy","status":"publish","type":"page","link":"https:\/\/broz.sk\/hu\/kecovske-skrapy\/","title":{"rendered":"Ke\u010dovsk\u00e9 \u0161krapy"},"content":{"rendered":"<div class=\"wpb-content-wrapper\">[vc_row][vc_column][vc_column_text css=&#8221;&#8221;]A Kecs\u0151i-karrok k\u00fcl\u00f6nleges term\u00e9szetmeg\u0151rz\u00e9si ter\u00fcletet olyan \u00e9rt\u00e9kes \u00e9l\u0151helyek meg\u00f3v\u00e1sa c\u00e9lj\u00e1b\u00f3l l\u00e9tes\u00edtett\u00e9k, mint a jellegzetes melegkedvel\u0151 n\u00f6v\u00e9nyzetet hordoz\u00f3 sztyepp\u00e9k \u00e9s sz\u00e1razs\u00e1gt\u0171r\u0151 legel\u0151k. Fellelhet\u0151k itt tov\u00e1bb\u00e1 s\u00edkvid\u00e9ki \u00e9s hegyl\u00e1bi kasz\u00e1l\u00f3k, sziklagyepek, barlangok, bor\u00f3k\u00e1sok, melegkedvel\u0151 cserj\u00e9sek \u00e9s k\u00fcl\u00f6nleges pannon t\u00f6lgyesek a molyhos t\u00f6lggyel.[\/vc_column_text][vc_column_text css=&#8221;&#8221;]A v\u00e9dett n\u00f6v\u00e9nyfajok k\u00f6z\u00fcl k\u00fcl\u00f6n\u00f6sen \u00e9rt\u00e9kes a le\u00e1nyk\u00f6k\u00f6rcsin (<em>Pulsatilla grandis<\/em>), a gerinctelen \u00e1llatfajok k\u00f6z\u00fcl pedig az eur\u00e1zsiai r\u00e9tis\u00e1ska (<em>Stenobothrus eurasius<\/em>), a cs\u00edkos medvelepke (<em>Callimorpha quadripunctaria<\/em>) \u00e9s a tornai patakcsiga (<em>Bythinella pannonica<\/em>). A gerinces fajok k\u00f6z\u00fcl el\u0151fordul itt az \u00fcrge (<em>Spermophilus citellus<\/em>), sz\u00e1mos v\u00e9dett denev\u00e9rfaj, a farkas (<em>Canis lupus<\/em>) \u00e9s a hi\u00faz <em>(Lynx lynx<\/em>).[\/vc_column_text][vc_row_inner][vc_column_inner width=&#8221;1\/3&#8243;][vc_single_image image=&#8221;38652&#8243; img_size=&#8221;full&#8221; onclick=&#8221;link_image&#8221; css=&#8221;&#8221;][vc_column_text css=&#8221;&#8221;]le\u00e1nyk\u00f6k\u00f6rcsin (<em>Pulsatilla grandis<\/em>)[\/vc_column_text][\/vc_column_inner][vc_column_inner width=&#8221;1\/3&#8243;][vc_single_image image=&#8221;38602&#8243; img_size=&#8221;full&#8221; onclick=&#8221;link_image&#8221; css=&#8221;&#8221;][vc_column_text css=&#8221;&#8221;]eur\u00e1zsiai r\u00e9tis\u00e1ska (<em>Stenobothrus eurasius<\/em>)[\/vc_column_text][\/vc_column_inner][vc_column_inner width=&#8221;1\/3&#8243;][vc_single_image image=&#8221;38735&#8243; img_size=&#8221;full&#8221; onclick=&#8221;link_image&#8221; css=&#8221;&#8221;][vc_column_text css=&#8221;&#8221;]tornai patakcsiga (<em>Bythinella pannonica<\/em>)[\/vc_column_text][\/vc_column_inner][\/vc_row_inner][vc_column_text css=&#8221;&#8221;]A melegkedvel\u0151 fajok \u00e9l\u0151helyeire a Kecs\u0151i-karrokon legnagyobb vesz\u00e9lyt a hagyom\u00e1nyos gazd\u00e1lkod\u00e1s visszaszorul\u00e1sa, a ter\u00fclet ben\u00f6v\u00e9se, valamint expanz\u00edv f\u0171fajok terjed\u00e9se, ami a biol\u00f3giai sokr\u00e9t\u0171s\u00e9g cs\u00f6kken\u00e9s\u00e9hez \u00e9s az \u00e9rt\u00e9kes fajok elt\u0171n\u00e9s\u00e9hez vezet. A bemutatott felv\u00e9teleken l\u00e1that\u00f3 a t\u00e1j szerkezet\u00e9nek v\u00e1ltoz\u00e1sa, a legel\u0151k mozaikos jellege n\u00e9h\u00e1ny t\u00edz \u00e9v alatt fokozatosan elt\u0171nik \u00e9s el\u0151re nyomulnak a f\u00e1s-cserj\u00e9s n\u00f6v\u00e9nyek. A ter\u00fclet meg\u00f3v\u00e1sa \u00e9rdek\u00e9ben ez\u00e9rt fontos a rendszeres tiszt\u00edt\u00e1s \u00e9s a hagyom\u00e1nyos legeltet\u00e9ses gazd\u00e1lkod\u00e1s vissza\u00e1ll\u00edt\u00e1sa.[\/vc_column_text][vc_row_inner][vc_column_inner width=&#8221;1\/2&#8243;][vc_single_image image=&#8221;38720&#8243; img_size=&#8221;full&#8221; onclick=&#8221;link_image&#8221; css=&#8221;&#8221;][vc_column_text css=&#8221;&#8221;]<em>A t\u00e1j t\u00f6rt\u00e9nelmi hasznos\u00edt\u00e1sa \u2013 a f\u00f6ld j\u00f3form\u00e1n minden darabj\u00e1t legeltett\u00e9k, mi\u00e1ltal az \u00e9rt\u00e9kes \u00e9l\u0151helyek \u00e9s fajok is nagyobb ter\u00fcleten ker\u00fcltek kedvez\u0151 helyzetbe<\/em>[\/vc_column_text][\/vc_column_inner][vc_column_inner width=&#8221;1\/2&#8243;][vc_single_image image=&#8221;38715&#8243; img_size=&#8221;full&#8221; onclick=&#8221;link_image&#8221; css=&#8221;&#8221;][vc_column_text css=&#8221;&#8221;]<em>a t\u00e1j jelenlegi hasznos\u00edt\u00e1sa \u2013 a legeltet\u00e9s megsz\u0171n\u00e9s\u00e9vel elkezd\u0151dik a ter\u00fclet ben\u00f6v\u00e9se \u00e9s az \u00e9rt\u00e9kes \u00e9l\u0151helyek \u00e9s fajok elt\u0171n\u00e9se<\/em>[\/vc_column_text][\/vc_column_inner][\/vc_row_inner][vc_row_inner][vc_column_inner width=&#8221;1\/2&#8243;][vc_single_image image=&#8221;38725&#8243; img_size=&#8221;full&#8221; onclick=&#8221;link_image&#8221; css=&#8221;&#8221;][vc_column_text css=&#8221;&#8221;]<em>K\u00fcl\u00f6nb\u00f6z\u0151 \u00e9l\u0151helyek mozaikja<\/em>[\/vc_column_text][\/vc_column_inner][vc_column_inner width=&#8221;1\/2&#8243;][vc_single_image image=&#8221;38710&#8243; img_size=&#8221;full&#8221; onclick=&#8221;link_image&#8221; css=&#8221;&#8221;][vc_column_text css=&#8221;&#8221;]<em>Meleg- \u00e9s sz\u00e1razs\u00e1gkedvel\u0151 gyepek csenkeszekkel<\/em>[\/vc_column_text][\/vc_column_inner][\/vc_row_inner][\/vc_column][\/vc_row]<\/div>","protected":false},"excerpt":{"rendered":"<p>[vc_row][vc_column][vc_column_text css=&#8221;&#8221;]A Kecs\u0151i-karrok k\u00fcl\u00f6nleges term\u00e9szetmeg\u0151rz\u00e9si ter\u00fcletet olyan \u00e9rt\u00e9kes \u00e9l\u0151helyek meg\u00f3v\u00e1sa c\u00e9lj\u00e1b\u00f3l l\u00e9tes\u00edtett\u00e9k, mint a jellegzetes melegkedvel\u0151 n\u00f6v\u00e9nyzetet hordoz\u00f3 sztyepp\u00e9k \u00e9s sz\u00e1razs\u00e1gt\u0171r\u0151 legel\u0151k. Fellelhet\u0151k itt tov\u00e1bb\u00e1 s\u00edkvid\u00e9ki \u00e9s hegyl\u00e1bi kasz\u00e1l\u00f3k, sziklagyepek, barlangok, bor\u00f3k\u00e1sok, melegkedvel\u0151 cserj\u00e9sek \u00e9s k\u00fcl\u00f6nleges pannon t\u00f6lgyesek a molyhos t\u00f6lggyel.[\/vc_column_text][vc_column_text css=&#8221;&#8221;]A v\u00e9dett n\u00f6v\u00e9nyfajok k\u00f6z\u00fcl k\u00fcl\u00f6n\u00f6sen \u00e9rt\u00e9kes a le\u00e1nyk\u00f6k\u00f6rcsin (Pulsatilla grandis), a gerinctelen \u00e1llatfajok k\u00f6z\u00fcl&hellip;<\/p>\n","protected":false},"author":19,"featured_media":0,"parent":0,"menu_order":19,"comment_status":"closed","ping_status":"closed","template":"","meta":{"_acf_changed":false,"pmpro_default_level":"","footnotes":""},"class_list":["post-38746","page","type-page","status-publish","hentry","pmpro-has-access","description-off"],"acf":[],"yoast_head":"<!-- This site is optimized with the Yoast SEO Premium plugin v21.4 (Yoast SEO v27.5) - https:\/\/yoast.com\/product\/yoast-seo-premium-wordpress\/ -->\n<title>Ke\u010dovsk\u00e9 \u0161krapy - BROZ<\/title>\n<meta name=\"robots\" content=\"index, follow, max-snippet:-1, max-image-preview:large, max-video-preview:-1\" \/>\n<link rel=\"canonical\" href=\"https:\/\/broz.sk\/hu\/kecovske-skrapy\/\" \/>\n<meta property=\"og:locale\" content=\"hu_HU\" \/>\n<meta property=\"og:type\" content=\"article\" \/>\n<meta property=\"og:title\" content=\"Ke\u010dovsk\u00e9 \u0161krapy\" \/>\n<meta property=\"og:description\" content=\"[vc_row][vc_column][vc_column_text css=&#8221;&#8221;]A Kecs\u0151i-karrok k\u00fcl\u00f6nleges term\u00e9szetmeg\u0151rz\u00e9si ter\u00fcletet olyan \u00e9rt\u00e9kes \u00e9l\u0151helyek meg\u00f3v\u00e1sa c\u00e9lj\u00e1b\u00f3l l\u00e9tes\u00edtett\u00e9k, mint a jellegzetes melegkedvel\u0151 n\u00f6v\u00e9nyzetet hordoz\u00f3 sztyepp\u00e9k \u00e9s sz\u00e1razs\u00e1gt\u0171r\u0151 legel\u0151k. Fellelhet\u0151k itt tov\u00e1bb\u00e1 s\u00edkvid\u00e9ki \u00e9s hegyl\u00e1bi kasz\u00e1l\u00f3k, sziklagyepek, barlangok, bor\u00f3k\u00e1sok, melegkedvel\u0151 cserj\u00e9sek \u00e9s k\u00fcl\u00f6nleges pannon t\u00f6lgyesek a molyhos t\u00f6lggyel.[\/vc_column_text][vc_column_text css=&#8221;&#8221;]A v\u00e9dett n\u00f6v\u00e9nyfajok k\u00f6z\u00fcl k\u00fcl\u00f6n\u00f6sen \u00e9rt\u00e9kes a le\u00e1nyk\u00f6k\u00f6rcsin (Pulsatilla grandis), a gerinctelen \u00e1llatfajok k\u00f6z\u00fcl&hellip;\" \/>\n<meta property=\"og:url\" content=\"https:\/\/broz.sk\/hu\/kecovske-skrapy\/\" \/>\n<meta property=\"og:site_name\" content=\"BROZ\" \/>\n<meta property=\"article:publisher\" content=\"https:\/\/www.facebook.com\/broz.ba\/\" \/>\n<meta property=\"article:modified_time\" content=\"2025-05-28T13:16:51+00:00\" \/>\n<meta property=\"og:image\" content=\"https:\/\/broz.sk\/wp-content\/uploads\/2018\/03\/broz-logo-color.png\" \/>\n\t<meta property=\"og:image:width\" content=\"192\" \/>\n\t<meta property=\"og:image:height\" content=\"120\" \/>\n\t<meta property=\"og:image:type\" content=\"image\/png\" \/>\n<meta name=\"twitter:card\" content=\"summary_large_image\" \/>\n<meta name=\"twitter:label1\" content=\"Becs\u00fclt olvas\u00e1si id\u0151\" \/>\n\t<meta name=\"twitter:data1\" content=\"3 perc\" \/>\n<script type=\"application\/ld+json\" class=\"yoast-schema-graph\">{\"@context\":\"https:\\\/\\\/schema.org\",\"@graph\":[{\"@type\":\"WebPage\",\"@id\":\"https:\\\/\\\/broz.sk\\\/hu\\\/kecovske-skrapy\\\/\",\"url\":\"https:\\\/\\\/broz.sk\\\/hu\\\/kecovske-skrapy\\\/\",\"name\":\"Ke\u010dovsk\u00e9 \u0161krapy - BROZ\",\"isPartOf\":{\"@id\":\"https:\\\/\\\/broz.sk\\\/#website\"},\"datePublished\":\"2025-05-28T13:16:49+00:00\",\"dateModified\":\"2025-05-28T13:16:51+00:00\",\"breadcrumb\":{\"@id\":\"https:\\\/\\\/broz.sk\\\/hu\\\/kecovske-skrapy\\\/#breadcrumb\"},\"inLanguage\":\"hu\",\"potentialAction\":[{\"@type\":\"ReadAction\",\"target\":[\"https:\\\/\\\/broz.sk\\\/hu\\\/kecovske-skrapy\\\/\"]}]},{\"@type\":\"BreadcrumbList\",\"@id\":\"https:\\\/\\\/broz.sk\\\/hu\\\/kecovske-skrapy\\\/#breadcrumb\",\"itemListElement\":[{\"@type\":\"ListItem\",\"position\":1,\"name\":\"Domovsk\u00e1 str\u00e1nka\",\"item\":\"https:\\\/\\\/broz.sk\\\/\"},{\"@type\":\"ListItem\",\"position\":2,\"name\":\"Ke\u010dovsk\u00e9 \u0161krapy\"}]},{\"@type\":\"WebSite\",\"@id\":\"https:\\\/\\\/broz.sk\\\/#website\",\"url\":\"https:\\\/\\\/broz.sk\\\/\",\"name\":\"BROZ\",\"description\":\"ochran\u00e1rske zdru\u017eenie\",\"publisher\":{\"@id\":\"https:\\\/\\\/broz.sk\\\/#organization\"},\"potentialAction\":[{\"@type\":\"SearchAction\",\"target\":{\"@type\":\"EntryPoint\",\"urlTemplate\":\"https:\\\/\\\/broz.sk\\\/?s={search_term_string}\"},\"query-input\":{\"@type\":\"PropertyValueSpecification\",\"valueRequired\":true,\"valueName\":\"search_term_string\"}}],\"inLanguage\":\"hu\"},{\"@type\":\"Organization\",\"@id\":\"https:\\\/\\\/broz.sk\\\/#organization\",\"name\":\"BROZ - Bratislavsk\u00e9 region\u00e1lne ochran\u00e1rske zdru\u017eenie\",\"url\":\"https:\\\/\\\/broz.sk\\\/\",\"logo\":{\"@type\":\"ImageObject\",\"inLanguage\":\"hu\",\"@id\":\"https:\\\/\\\/broz.sk\\\/#\\\/schema\\\/logo\\\/image\\\/\",\"url\":\"https:\\\/\\\/broz.sk\\\/wp-content\\\/uploads\\\/2018\\\/03\\\/broz-logo-hires-color.png\",\"contentUrl\":\"https:\\\/\\\/broz.sk\\\/wp-content\\\/uploads\\\/2018\\\/03\\\/broz-logo-hires-color.png\",\"width\":2585,\"height\":1618,\"caption\":\"BROZ - Bratislavsk\u00e9 region\u00e1lne ochran\u00e1rske zdru\u017eenie\"},\"image\":{\"@id\":\"https:\\\/\\\/broz.sk\\\/#\\\/schema\\\/logo\\\/image\\\/\"},\"sameAs\":[\"https:\\\/\\\/www.facebook.com\\\/broz.ba\\\/\"]}]}<\/script>\n<!-- \/ Yoast SEO Premium plugin. -->","yoast_head_json":{"title":"Ke\u010dovsk\u00e9 \u0161krapy - BROZ","robots":{"index":"index","follow":"follow","max-snippet":"max-snippet:-1","max-image-preview":"max-image-preview:large","max-video-preview":"max-video-preview:-1"},"canonical":"https:\/\/broz.sk\/hu\/kecovske-skrapy\/","og_locale":"hu_HU","og_type":"article","og_title":"Ke\u010dovsk\u00e9 \u0161krapy","og_description":"[vc_row][vc_column][vc_column_text css=&#8221;&#8221;]A Kecs\u0151i-karrok k\u00fcl\u00f6nleges term\u00e9szetmeg\u0151rz\u00e9si ter\u00fcletet olyan \u00e9rt\u00e9kes \u00e9l\u0151helyek meg\u00f3v\u00e1sa c\u00e9lj\u00e1b\u00f3l l\u00e9tes\u00edtett\u00e9k, mint a jellegzetes melegkedvel\u0151 n\u00f6v\u00e9nyzetet hordoz\u00f3 sztyepp\u00e9k \u00e9s sz\u00e1razs\u00e1gt\u0171r\u0151 legel\u0151k. Fellelhet\u0151k itt tov\u00e1bb\u00e1 s\u00edkvid\u00e9ki \u00e9s hegyl\u00e1bi kasz\u00e1l\u00f3k, sziklagyepek, barlangok, bor\u00f3k\u00e1sok, melegkedvel\u0151 cserj\u00e9sek \u00e9s k\u00fcl\u00f6nleges pannon t\u00f6lgyesek a molyhos t\u00f6lggyel.[\/vc_column_text][vc_column_text css=&#8221;&#8221;]A v\u00e9dett n\u00f6v\u00e9nyfajok k\u00f6z\u00fcl k\u00fcl\u00f6n\u00f6sen \u00e9rt\u00e9kes a le\u00e1nyk\u00f6k\u00f6rcsin (Pulsatilla grandis), a gerinctelen \u00e1llatfajok k\u00f6z\u00fcl&hellip;","og_url":"https:\/\/broz.sk\/hu\/kecovske-skrapy\/","og_site_name":"BROZ","article_publisher":"https:\/\/www.facebook.com\/broz.ba\/","article_modified_time":"2025-05-28T13:16:51+00:00","og_image":[{"width":192,"height":120,"url":"https:\/\/broz.sk\/wp-content\/uploads\/2018\/03\/broz-logo-color.png","type":"image\/png"}],"twitter_card":"summary_large_image","twitter_misc":{"Becs\u00fclt olvas\u00e1si id\u0151":"3 perc"},"schema":{"@context":"https:\/\/schema.org","@graph":[{"@type":"WebPage","@id":"https:\/\/broz.sk\/hu\/kecovske-skrapy\/","url":"https:\/\/broz.sk\/hu\/kecovske-skrapy\/","name":"Ke\u010dovsk\u00e9 \u0161krapy - BROZ","isPartOf":{"@id":"https:\/\/broz.sk\/#website"},"datePublished":"2025-05-28T13:16:49+00:00","dateModified":"2025-05-28T13:16:51+00:00","breadcrumb":{"@id":"https:\/\/broz.sk\/hu\/kecovske-skrapy\/#breadcrumb"},"inLanguage":"hu","potentialAction":[{"@type":"ReadAction","target":["https:\/\/broz.sk\/hu\/kecovske-skrapy\/"]}]},{"@type":"BreadcrumbList","@id":"https:\/\/broz.sk\/hu\/kecovske-skrapy\/#breadcrumb","itemListElement":[{"@type":"ListItem","position":1,"name":"Domovsk\u00e1 str\u00e1nka","item":"https:\/\/broz.sk\/"},{"@type":"ListItem","position":2,"name":"Ke\u010dovsk\u00e9 \u0161krapy"}]},{"@type":"WebSite","@id":"https:\/\/broz.sk\/#website","url":"https:\/\/broz.sk\/","name":"BROZ","description":"ochran\u00e1rske zdru\u017eenie","publisher":{"@id":"https:\/\/broz.sk\/#organization"},"potentialAction":[{"@type":"SearchAction","target":{"@type":"EntryPoint","urlTemplate":"https:\/\/broz.sk\/?s={search_term_string}"},"query-input":{"@type":"PropertyValueSpecification","valueRequired":true,"valueName":"search_term_string"}}],"inLanguage":"hu"},{"@type":"Organization","@id":"https:\/\/broz.sk\/#organization","name":"BROZ - Bratislavsk\u00e9 region\u00e1lne ochran\u00e1rske zdru\u017eenie","url":"https:\/\/broz.sk\/","logo":{"@type":"ImageObject","inLanguage":"hu","@id":"https:\/\/broz.sk\/#\/schema\/logo\/image\/","url":"https:\/\/broz.sk\/wp-content\/uploads\/2018\/03\/broz-logo-hires-color.png","contentUrl":"https:\/\/broz.sk\/wp-content\/uploads\/2018\/03\/broz-logo-hires-color.png","width":2585,"height":1618,"caption":"BROZ - Bratislavsk\u00e9 region\u00e1lne ochran\u00e1rske zdru\u017eenie"},"image":{"@id":"https:\/\/broz.sk\/#\/schema\/logo\/image\/"},"sameAs":["https:\/\/www.facebook.com\/broz.ba\/"]}]}},"_links":{"self":[{"href":"https:\/\/broz.sk\/hu\/wp-json\/wp\/v2\/pages\/38746","targetHints":{"allow":["GET"]}}],"collection":[{"href":"https:\/\/broz.sk\/hu\/wp-json\/wp\/v2\/pages"}],"about":[{"href":"https:\/\/broz.sk\/hu\/wp-json\/wp\/v2\/types\/page"}],"author":[{"embeddable":true,"href":"https:\/\/broz.sk\/hu\/wp-json\/wp\/v2\/users\/19"}],"replies":[{"embeddable":true,"href":"https:\/\/broz.sk\/hu\/wp-json\/wp\/v2\/comments?post=38746"}],"version-history":[{"count":2,"href":"https:\/\/broz.sk\/hu\/wp-json\/wp\/v2\/pages\/38746\/revisions"}],"predecessor-version":[{"id":38748,"href":"https:\/\/broz.sk\/hu\/wp-json\/wp\/v2\/pages\/38746\/revisions\/38748"}],"wp:attachment":[{"href":"https:\/\/broz.sk\/hu\/wp-json\/wp\/v2\/media?parent=38746"}],"curies":[{"name":"wp","href":"https:\/\/api.w.org\/{rel}","templated":true}]}}