{"id":6892,"date":"2018-02-01T21:52:09","date_gmt":"2018-02-01T20:52:09","guid":{"rendered":"https:\/\/broz.sk\/ostrov-velky-lel\/kemping-velky-lel\/"},"modified":"2020-01-23T11:36:09","modified_gmt":"2020-01-23T10:36:09","slug":"kemping-velky-lel","status":"publish","type":"page","link":"https:\/\/broz.sk\/en\/ostrov-velky-lel\/kemping-velky-lel\/","title":{"rendered":"Camping Ve\u013ek\u00fd L\u00e9l"},"content":{"rendered":"<strong>On 13th of June 2017 BROZ symbolically opened a\u00a0new campsite in Ve\u013ek\u00fd L\u00e9l \u2013 Zlatn\u00e1 na Ostrove.<\/strong>\r\n\r\nCamping is situated nearby Ve\u013ekol\u00e9sky ostrov Island. This area is part of the Protected landscape area and Special Protected Area Dunajsk\u00e9 luhy. In the last 10 years conservationists from BROZ contributed to considerable improvement of this protected land. By restoration of Ve\u013ekol\u00e9lske rameno (river branch) \u2013 its reconnection with the main Danube river \u2013 the water flows again and brings new life in the area.\r\n\r\n&nbsp;\r\n\r\nRegional Association for Nature Conservation and Sustainable Development (BROZ) has been administrating the area for a\u00a0long time. It connects nature protection with traditional grazing of cattle and traditional management of the land.\r\n\r\nFlocks of cows and horses graze on flowering meadows. Each year summer riding camps for children and traditional race \u2013 Konsk\u00fd de\u0148\u00a0 (Horse day) &#8211; are organized.\r\n\r\nOn the Island people may visit educational trail and read informational panels. You can walk there or also go by boat or by bike. It is possible to do fishigh, \u00a0birdwatching, go boating or swimming in Danube. Dominants of the island are majestic 300 \u2013 400 year old oaks.\r\n\r\n&nbsp;\r\n\r\nIt\u00b4s the first campsite at the Danube river in Slovakia and we hope it will be used enough\u201c, said Tom\u00e1\u0161 Ku\u0161\u00edk, chairman of BROZ. It is already possible to accomodate in the campsite and the public is highly interested in this type of accomodation in the pure Danube nature.\r\n\r\nWC, showers and kitchen have been built with the financial help of Danube fund within the project \u201eCloser to Danube \u2013 camping Ve\u013ek\u00fd L\u00e9l\u201c.\r\n\r\nThe event of opening the campsite is one of the events related to Solstice on Danube which is brought to public by Danube fund. All the events are related with Danube river and promote spending free time at the river.\r\n\r\nhttp:\/\/www.dunajskyfond.sk\/\r\n\r\nInfo about prices in the camping: <a href=\"https:\/\/www.ekofarma.sk\/cennik\/en\">https:\/\/www.ekofarma.sk\/cennik\/en<\/a>\r\n\r\n<strong>Contact:<\/strong>\r\n\r\nBe\u00e1ta K\u00e1rpathy &#8211; 0948 104 665\r\n\r\n<img fetchpriority=\"high\" decoding=\"async\" class=\"alignleft size-full wp-image-3688\" src=\"https:\/\/broz.sk\/wp-content\/uploads\/2018\/02\/IMG_0612-3.jpg\" alt=\"\" width=\"2048\" height=\"1536\" srcset=\"https:\/\/broz.sk\/wp-content\/uploads\/2018\/02\/IMG_0612-3.jpg 2048w, https:\/\/broz.sk\/wp-content\/uploads\/2018\/02\/IMG_0612-3-300x225.jpg 300w, https:\/\/broz.sk\/wp-content\/uploads\/2018\/02\/IMG_0612-3-768x576.jpg 768w, https:\/\/broz.sk\/wp-content\/uploads\/2018\/02\/IMG_0612-3-1024x768.jpg 1024w, https:\/\/broz.sk\/wp-content\/uploads\/2018\/02\/IMG_0612-3-24x18.jpg 24w, https:\/\/broz.sk\/wp-content\/uploads\/2018\/02\/IMG_0612-3-36x27.jpg 36w, https:\/\/broz.sk\/wp-content\/uploads\/2018\/02\/IMG_0612-3-48x36.jpg 48w\" sizes=\"(max-width: 2048px) 100vw, 2048px\" \/>","protected":false},"excerpt":{"rendered":"<p>On 13th of June 2017 BROZ symbolically opened a\u00a0new campsite in Ve\u013ek\u00fd L\u00e9l \u2013 Zlatn\u00e1 na Ostrove. Camping is situated nearby Ve\u013ekol\u00e9sky ostrov Island. This area is part of the Protected landscape area and Special Protected Area Dunajsk\u00e9 luhy. In the last 10 years conservationists from BROZ contributed to considerable improvement of this protected land.&hellip;<\/p>\n","protected":false},"author":2,"featured_media":6894,"parent":6888,"menu_order":86,"comment_status":"closed","ping_status":"closed","template":"","meta":{"_acf_changed":false,"pmpro_default_level":"","footnotes":""},"class_list":["post-6892","page","type-page","status-publish","has-post-thumbnail","hentry","pmpro-has-access","description-off"],"acf":[],"yoast_head":"<!-- This site is optimized with the Yoast SEO Premium plugin v21.4 (Yoast SEO v27.5) - https:\/\/yoast.com\/product\/yoast-seo-premium-wordpress\/ -->\n<title>Camping Ve\u013ek\u00fd L\u00e9l - BROZ<\/title>\n<meta name=\"robots\" content=\"index, follow, max-snippet:-1, max-image-preview:large, max-video-preview:-1\" \/>\n<link rel=\"canonical\" href=\"https:\/\/broz.sk\/en\/ostrov-velky-lel\/kemping-velky-lel\/\" \/>\n<meta property=\"og:locale\" content=\"en_US\" \/>\n<meta property=\"og:type\" content=\"article\" \/>\n<meta property=\"og:title\" content=\"Camping Ve\u013ek\u00fd L\u00e9l\" \/>\n<meta property=\"og:description\" content=\"On 13th of June 2017 BROZ symbolically opened a\u00a0new campsite in Ve\u013ek\u00fd L\u00e9l \u2013 Zlatn\u00e1 na Ostrove. Camping is situated nearby Ve\u013ekol\u00e9sky ostrov Island. This area is part of the Protected landscape area and Special Protected Area Dunajsk\u00e9 luhy. In the last 10 years conservationists from BROZ contributed to considerable improvement of this protected land.&hellip;\" \/>\n<meta property=\"og:url\" content=\"https:\/\/broz.sk\/en\/ostrov-velky-lel\/kemping-velky-lel\/\" \/>\n<meta property=\"og:site_name\" content=\"BROZ\" \/>\n<meta property=\"article:publisher\" content=\"https:\/\/www.facebook.com\/broz.ba\/\" \/>\n<meta property=\"article:modified_time\" content=\"2020-01-23T10:36:09+00:00\" \/>\n<meta property=\"og:image\" content=\"https:\/\/broz.sk\/wp-content\/uploads\/2018\/02\/IMG_0612-3.jpg\" \/>\n\t<meta property=\"og:image:width\" content=\"2048\" \/>\n\t<meta property=\"og:image:height\" content=\"1536\" \/>\n\t<meta property=\"og:image:type\" content=\"image\/jpeg\" \/>\n<meta name=\"twitter:card\" content=\"summary_large_image\" \/>\n<meta name=\"twitter:label1\" content=\"Est. reading time\" \/>\n\t<meta name=\"twitter:data1\" content=\"2 minutes\" \/>\n<script type=\"application\/ld+json\" class=\"yoast-schema-graph\">{\"@context\":\"https:\\\/\\\/schema.org\",\"@graph\":[{\"@type\":\"WebPage\",\"@id\":\"https:\\\/\\\/broz.sk\\\/en\\\/ostrov-velky-lel\\\/kemping-velky-lel\\\/\",\"url\":\"https:\\\/\\\/broz.sk\\\/en\\\/ostrov-velky-lel\\\/kemping-velky-lel\\\/\",\"name\":\"Camping Ve\u013ek\u00fd L\u00e9l - BROZ\",\"isPartOf\":{\"@id\":\"https:\\\/\\\/broz.sk\\\/#website\"},\"primaryImageOfPage\":{\"@id\":\"https:\\\/\\\/broz.sk\\\/en\\\/ostrov-velky-lel\\\/kemping-velky-lel\\\/#primaryimage\"},\"image\":{\"@id\":\"https:\\\/\\\/broz.sk\\\/en\\\/ostrov-velky-lel\\\/kemping-velky-lel\\\/#primaryimage\"},\"thumbnailUrl\":\"https:\\\/\\\/broz.sk\\\/wp-content\\\/uploads\\\/2018\\\/02\\\/IMG_0612-3.jpg\",\"datePublished\":\"2018-02-01T20:52:09+00:00\",\"dateModified\":\"2020-01-23T10:36:09+00:00\",\"breadcrumb\":{\"@id\":\"https:\\\/\\\/broz.sk\\\/en\\\/ostrov-velky-lel\\\/kemping-velky-lel\\\/#breadcrumb\"},\"inLanguage\":\"en-US\",\"potentialAction\":[{\"@type\":\"ReadAction\",\"target\":[\"https:\\\/\\\/broz.sk\\\/en\\\/ostrov-velky-lel\\\/kemping-velky-lel\\\/\"]}]},{\"@type\":\"ImageObject\",\"inLanguage\":\"en-US\",\"@id\":\"https:\\\/\\\/broz.sk\\\/en\\\/ostrov-velky-lel\\\/kemping-velky-lel\\\/#primaryimage\",\"url\":\"https:\\\/\\\/broz.sk\\\/wp-content\\\/uploads\\\/2018\\\/02\\\/IMG_0612-3.jpg\",\"contentUrl\":\"https:\\\/\\\/broz.sk\\\/wp-content\\\/uploads\\\/2018\\\/02\\\/IMG_0612-3.jpg\",\"width\":2048,\"height\":1536},{\"@type\":\"BreadcrumbList\",\"@id\":\"https:\\\/\\\/broz.sk\\\/en\\\/ostrov-velky-lel\\\/kemping-velky-lel\\\/#breadcrumb\",\"itemListElement\":[{\"@type\":\"ListItem\",\"position\":1,\"name\":\"Domovsk\u00e1 str\u00e1nka\",\"item\":\"https:\\\/\\\/broz.sk\\\/en\\\/\"},{\"@type\":\"ListItem\",\"position\":2,\"name\":\"Island Ve\u013ek\u00fd L\u00e9l\",\"item\":\"https:\\\/\\\/broz.sk\\\/en\\\/ostrov-velky-lel\\\/\"},{\"@type\":\"ListItem\",\"position\":3,\"name\":\"Camping Ve\u013ek\u00fd L\u00e9l\"}]},{\"@type\":\"WebSite\",\"@id\":\"https:\\\/\\\/broz.sk\\\/#website\",\"url\":\"https:\\\/\\\/broz.sk\\\/\",\"name\":\"BROZ\",\"description\":\"ochran\u00e1rske zdru\u017eenie\",\"publisher\":{\"@id\":\"https:\\\/\\\/broz.sk\\\/#organization\"},\"potentialAction\":[{\"@type\":\"SearchAction\",\"target\":{\"@type\":\"EntryPoint\",\"urlTemplate\":\"https:\\\/\\\/broz.sk\\\/?s={search_term_string}\"},\"query-input\":{\"@type\":\"PropertyValueSpecification\",\"valueRequired\":true,\"valueName\":\"search_term_string\"}}],\"inLanguage\":\"en-US\"},{\"@type\":\"Organization\",\"@id\":\"https:\\\/\\\/broz.sk\\\/#organization\",\"name\":\"BROZ - Bratislavsk\u00e9 region\u00e1lne ochran\u00e1rske zdru\u017eenie\",\"url\":\"https:\\\/\\\/broz.sk\\\/\",\"logo\":{\"@type\":\"ImageObject\",\"inLanguage\":\"en-US\",\"@id\":\"https:\\\/\\\/broz.sk\\\/#\\\/schema\\\/logo\\\/image\\\/\",\"url\":\"https:\\\/\\\/broz.sk\\\/wp-content\\\/uploads\\\/2018\\\/03\\\/broz-logo-hires-color.png\",\"contentUrl\":\"https:\\\/\\\/broz.sk\\\/wp-content\\\/uploads\\\/2018\\\/03\\\/broz-logo-hires-color.png\",\"width\":2585,\"height\":1618,\"caption\":\"BROZ - Bratislavsk\u00e9 region\u00e1lne ochran\u00e1rske zdru\u017eenie\"},\"image\":{\"@id\":\"https:\\\/\\\/broz.sk\\\/#\\\/schema\\\/logo\\\/image\\\/\"},\"sameAs\":[\"https:\\\/\\\/www.facebook.com\\\/broz.ba\\\/\"]}]}<\/script>\n<!-- \/ Yoast SEO Premium plugin. -->","yoast_head_json":{"title":"Camping Ve\u013ek\u00fd L\u00e9l - BROZ","robots":{"index":"index","follow":"follow","max-snippet":"max-snippet:-1","max-image-preview":"max-image-preview:large","max-video-preview":"max-video-preview:-1"},"canonical":"https:\/\/broz.sk\/en\/ostrov-velky-lel\/kemping-velky-lel\/","og_locale":"en_US","og_type":"article","og_title":"Camping Ve\u013ek\u00fd L\u00e9l","og_description":"On 13th of June 2017 BROZ symbolically opened a\u00a0new campsite in Ve\u013ek\u00fd L\u00e9l \u2013 Zlatn\u00e1 na Ostrove. Camping is situated nearby Ve\u013ekol\u00e9sky ostrov Island. This area is part of the Protected landscape area and Special Protected Area Dunajsk\u00e9 luhy. In the last 10 years conservationists from BROZ contributed to considerable improvement of this protected land.&hellip;","og_url":"https:\/\/broz.sk\/en\/ostrov-velky-lel\/kemping-velky-lel\/","og_site_name":"BROZ","article_publisher":"https:\/\/www.facebook.com\/broz.ba\/","article_modified_time":"2020-01-23T10:36:09+00:00","og_image":[{"width":2048,"height":1536,"url":"https:\/\/broz.sk\/wp-content\/uploads\/2018\/02\/IMG_0612-3.jpg","type":"image\/jpeg"}],"twitter_card":"summary_large_image","twitter_misc":{"Est. reading time":"2 minutes"},"schema":{"@context":"https:\/\/schema.org","@graph":[{"@type":"WebPage","@id":"https:\/\/broz.sk\/en\/ostrov-velky-lel\/kemping-velky-lel\/","url":"https:\/\/broz.sk\/en\/ostrov-velky-lel\/kemping-velky-lel\/","name":"Camping Ve\u013ek\u00fd L\u00e9l - BROZ","isPartOf":{"@id":"https:\/\/broz.sk\/#website"},"primaryImageOfPage":{"@id":"https:\/\/broz.sk\/en\/ostrov-velky-lel\/kemping-velky-lel\/#primaryimage"},"image":{"@id":"https:\/\/broz.sk\/en\/ostrov-velky-lel\/kemping-velky-lel\/#primaryimage"},"thumbnailUrl":"https:\/\/broz.sk\/wp-content\/uploads\/2018\/02\/IMG_0612-3.jpg","datePublished":"2018-02-01T20:52:09+00:00","dateModified":"2020-01-23T10:36:09+00:00","breadcrumb":{"@id":"https:\/\/broz.sk\/en\/ostrov-velky-lel\/kemping-velky-lel\/#breadcrumb"},"inLanguage":"en-US","potentialAction":[{"@type":"ReadAction","target":["https:\/\/broz.sk\/en\/ostrov-velky-lel\/kemping-velky-lel\/"]}]},{"@type":"ImageObject","inLanguage":"en-US","@id":"https:\/\/broz.sk\/en\/ostrov-velky-lel\/kemping-velky-lel\/#primaryimage","url":"https:\/\/broz.sk\/wp-content\/uploads\/2018\/02\/IMG_0612-3.jpg","contentUrl":"https:\/\/broz.sk\/wp-content\/uploads\/2018\/02\/IMG_0612-3.jpg","width":2048,"height":1536},{"@type":"BreadcrumbList","@id":"https:\/\/broz.sk\/en\/ostrov-velky-lel\/kemping-velky-lel\/#breadcrumb","itemListElement":[{"@type":"ListItem","position":1,"name":"Domovsk\u00e1 str\u00e1nka","item":"https:\/\/broz.sk\/en\/"},{"@type":"ListItem","position":2,"name":"Island Ve\u013ek\u00fd L\u00e9l","item":"https:\/\/broz.sk\/en\/ostrov-velky-lel\/"},{"@type":"ListItem","position":3,"name":"Camping Ve\u013ek\u00fd L\u00e9l"}]},{"@type":"WebSite","@id":"https:\/\/broz.sk\/#website","url":"https:\/\/broz.sk\/","name":"BROZ","description":"ochran\u00e1rske zdru\u017eenie","publisher":{"@id":"https:\/\/broz.sk\/#organization"},"potentialAction":[{"@type":"SearchAction","target":{"@type":"EntryPoint","urlTemplate":"https:\/\/broz.sk\/?s={search_term_string}"},"query-input":{"@type":"PropertyValueSpecification","valueRequired":true,"valueName":"search_term_string"}}],"inLanguage":"en-US"},{"@type":"Organization","@id":"https:\/\/broz.sk\/#organization","name":"BROZ - Bratislavsk\u00e9 region\u00e1lne ochran\u00e1rske zdru\u017eenie","url":"https:\/\/broz.sk\/","logo":{"@type":"ImageObject","inLanguage":"en-US","@id":"https:\/\/broz.sk\/#\/schema\/logo\/image\/","url":"https:\/\/broz.sk\/wp-content\/uploads\/2018\/03\/broz-logo-hires-color.png","contentUrl":"https:\/\/broz.sk\/wp-content\/uploads\/2018\/03\/broz-logo-hires-color.png","width":2585,"height":1618,"caption":"BROZ - Bratislavsk\u00e9 region\u00e1lne ochran\u00e1rske zdru\u017eenie"},"image":{"@id":"https:\/\/broz.sk\/#\/schema\/logo\/image\/"},"sameAs":["https:\/\/www.facebook.com\/broz.ba\/"]}]}},"_links":{"self":[{"href":"https:\/\/broz.sk\/en\/wp-json\/wp\/v2\/pages\/6892","targetHints":{"allow":["GET"]}}],"collection":[{"href":"https:\/\/broz.sk\/en\/wp-json\/wp\/v2\/pages"}],"about":[{"href":"https:\/\/broz.sk\/en\/wp-json\/wp\/v2\/types\/page"}],"author":[{"embeddable":true,"href":"https:\/\/broz.sk\/en\/wp-json\/wp\/v2\/users\/2"}],"replies":[{"embeddable":true,"href":"https:\/\/broz.sk\/en\/wp-json\/wp\/v2\/comments?post=6892"}],"version-history":[{"count":2,"href":"https:\/\/broz.sk\/en\/wp-json\/wp\/v2\/pages\/6892\/revisions"}],"predecessor-version":[{"id":7116,"href":"https:\/\/broz.sk\/en\/wp-json\/wp\/v2\/pages\/6892\/revisions\/7116"}],"up":[{"embeddable":true,"href":"https:\/\/broz.sk\/en\/wp-json\/wp\/v2\/pages\/6888"}],"wp:featuredmedia":[{"embeddable":true,"href":"https:\/\/broz.sk\/en\/wp-json\/wp\/v2\/media\/6894"}],"wp:attachment":[{"href":"https:\/\/broz.sk\/en\/wp-json\/wp\/v2\/media?parent=6892"}],"curies":[{"name":"wp","href":"https:\/\/api.w.org\/{rel}","templated":true}]}}