{"id":5253,"date":"2018-02-02T14:00:36","date_gmt":"2018-02-02T13:00:36","guid":{"rendered":"https:\/\/broz.sk\/dazdovnik-obycajny\/"},"modified":"2018-10-16T11:01:50","modified_gmt":"2018-10-16T09:01:50","slug":"dazdovnik-obycajny","status":"publish","type":"page","link":"https:\/\/broz.sk\/en\/dazdovnik-obycajny\/","title":{"rendered":"Common Swift"},"content":{"rendered":"<div class=\"wpb-content-wrapper\">[vc_row][vc_column][vc_column_text]\r\n<h3>D\u00e1\u017e\u010fovn\u00edk oby\u010dajn\u00fd (<em>Apus apus<\/em>)<\/h3>\r\n<a class=\"internal-link\" title=\"\" href=\"http:\/\/dazdovniky.vtaky.sk\/sk\/dazdovniky\/zvuk-dazdovnika\" target=\"_self\">Vypo\u010dujte si zvuk d\u00e1\u017e\u010fovn\u00edka oby\u010dajn\u00e9ho.<\/a>\r\n\r\n<img decoding=\"async\" class=\"alignnone wp-image-3159\" src=\"https:\/\/broz.sk\/wp-content\/uploads\/2018\/01\/apus_3-300x238.jpeg\" alt=\"\" width=\"185\" height=\"147\" srcset=\"https:\/\/broz.sk\/wp-content\/uploads\/2018\/01\/apus_3-300x238.jpeg 300w, https:\/\/broz.sk\/wp-content\/uploads\/2018\/01\/apus_3-24x19.jpeg 24w, https:\/\/broz.sk\/wp-content\/uploads\/2018\/01\/apus_3-36x29.jpeg 36w, https:\/\/broz.sk\/wp-content\/uploads\/2018\/01\/apus_3-48x38.jpeg 48w, https:\/\/broz.sk\/wp-content\/uploads\/2018\/01\/apus_3.jpeg 400w\" sizes=\"(max-width: 185px) 100vw, 185px\" \/><img decoding=\"async\" class=\"alignnone wp-image-2831\" src=\"https:\/\/broz.sk\/wp-content\/uploads\/2017\/01\/foto-brano-molnar-0681-300x200.jpg\" alt=\"\" width=\"218\" height=\"145\" srcset=\"https:\/\/broz.sk\/wp-content\/uploads\/2017\/01\/foto-brano-molnar-0681-300x200.jpg 300w, https:\/\/broz.sk\/wp-content\/uploads\/2017\/01\/foto-brano-molnar-0681-768x512.jpg 768w, https:\/\/broz.sk\/wp-content\/uploads\/2017\/01\/foto-brano-molnar-0681-1024x683.jpg 1024w, https:\/\/broz.sk\/wp-content\/uploads\/2017\/01\/foto-brano-molnar-0681-24x16.jpg 24w, https:\/\/broz.sk\/wp-content\/uploads\/2017\/01\/foto-brano-molnar-0681-36x24.jpg 36w, https:\/\/broz.sk\/wp-content\/uploads\/2017\/01\/foto-brano-molnar-0681-48x32.jpg 48w\" sizes=\"(max-width: 218px) 100vw, 218px\" \/><img decoding=\"async\" class=\"alignnone wp-image-3352\" src=\"https:\/\/broz.sk\/wp-content\/uploads\/2018\/02\/apus-300x218.jpeg\" alt=\"\" width=\"198\" height=\"144\" srcset=\"https:\/\/broz.sk\/wp-content\/uploads\/2018\/02\/apus-300x218.jpeg 300w, https:\/\/broz.sk\/wp-content\/uploads\/2018\/02\/apus-24x17.jpeg 24w, https:\/\/broz.sk\/wp-content\/uploads\/2018\/02\/apus-36x26.jpeg 36w, https:\/\/broz.sk\/wp-content\/uploads\/2018\/02\/apus-48x35.jpeg 48w, https:\/\/broz.sk\/wp-content\/uploads\/2018\/02\/apus.jpeg 400w\" sizes=\"(max-width: 198px) 100vw, 198px\" \/>\r\n\r\nTento s\u0165ahovav\u00fd druh k n\u00e1m prilieta ako jeden z posledn\u00fdch a\u017e koncom apr\u00edla \u2013 za\u010diatkom m\u00e1ja a odlieta u\u017e za\u010diatkom augusta hne\u010f po vyhniezden\u00ed. Jeho typick\u00fd hlas n\u00e1m symbolizuje pr\u00edchod tepl\u00e9ho letn\u00e9ho po\u010dasia. Jeho charakteristick\u00fdm znakom s\u00fa n\u00e1padne dlh\u00e9 a ostr\u00e9 kos\u00e1kovito zahnut\u00e9 kr\u00eddla, sved\u010diace o schopnosti r\u00fdchleho letu a vidlicovito vykrojen\u00fd chvost. Je tmavohnedo sfarben\u00fd s belavou \u0161kvrnou na hrdle. Mlad\u00e9 vt\u00e1ky mo\u017eno rozozna\u0165 pod\u013ea jemne belav\u00fdch okrajov pier a v\u00e4\u010d\u0161ej bielej plochy na hrdle. M\u00e1 kr\u00e1tky a \u0161irok\u00fd zob\u00e1k, ktor\u00fdm chyt\u00e1 drobn\u00e9 bezstavovce a hmyz vzn\u00e1\u0161aj\u00faci sa v povetr\u00ed. Do\u017e\u00edva sa 10 a\u017e 15 rokov.\r\n\u010casto unik\u00e1 pred bl\u00ed\u017eiacim sa da\u017e\u010fom, \u010do zrejme viedlo k jeho slovensk\u00e9mu pomenovaniu \u2013 treba podotkn\u00fa\u0165, \u017ee nie a\u017e tak\u00e9mu v\u00fdsti\u017en\u00e9mu v porovnan\u00ed s \u010desk\u00fdm n\u00e1zvom ror\u00fds, ktor\u00fd dokonale vystihuje jeho zvukov\u00fd prejav. Vedeck\u00fd n\u00e1zov Apus \u2013 v preklade z latin\u010diny beznoh\u00fd &#8211; poukazuje na jednu z jeho najcharakteristickej\u0161\u00edch \u010d\u0155t \u2013 kr\u00e1tke n\u00f4\u017eky, ktor\u00e9 na ch\u00f4dzu pou\u017e\u00edva len v malej miere. Jeho pohyb na vodorovnom podklade pripom\u00edna sk\u00f4r plazenie ako ch\u00f4dzu. V\u0161etky \u0161tyri prsty na noh\u00e1ch s\u00fa nasmerovan\u00e9 dopredu. T\u00e1to adapt\u00e1cia mu umo\u017e\u0148uje udr\u017ea\u0165 sa na kolmom podklade pri hniezde. Na to, aby mohol d\u00e1\u017e\u010fovn\u00edk vzlietnu\u0165, potrebuje sa spusti\u0165 vo\u013en\u00fdm p\u00e1dom do pr\u00e1zdneho priestoru \u2013 minim\u00e1lne do nieko\u013eko metrovej h\u013abky, aby nabral potrebn\u00fa \u0161tartovaciu r\u00fdchlos\u0165. Ak pristane na zemi, obvykle nedok\u00e1\u017ee s\u00e1m vzlietnu\u0165 bez pomoci \u010dloveka.\r\n\r\nD\u00e1\u017e\u010fovn\u00edky tr\u00e1via \u010dasto cel\u00fa noc vysoko vo vzduchu kde spia po\u010das letu (okrem obdobia hniezdenia). V nieko\u013ek\u00fdch pr\u00edpadoch bolo zaznamenan\u00e9 nocovanie aj na stromoch, zachyten\u00edm sa a visiac na listoch a kon\u00e1rikoch. D\u00e1\u017e\u010fovn\u00edky nedok\u00e1\u017eu sedie\u0165 na vodorovnom podklade (tak ako napr\u00edklad lastovi\u010dky na dr\u00f4toch) a len zriedkakedy sa dlh\u0161ie zachyt\u00e1vaj\u00fa na zvisl\u00fd podklad. Vidie\u0165 d\u00e1\u017e\u010fovn\u00edky zachyten\u00e9 na stene je najpravdepodobnej\u0161ie po\u010das zl\u00e9ho po\u010dasia. Ob\u010das m\u00f4\u017eu jednotlivo nocova\u0165 aj na r\u00edmse okna.\r\n\r\nD\u00e1\u017e\u010fovn\u00edky s\u00fa spolo\u010densk\u00e9 vt\u00e1ky. Niekedy mo\u017eno pozorova\u0165 aj osamotene poletuj\u00face jedince, naj\u010dastej\u0161ie v\u0161ak vytv\u00e1raj\u00fa zomknut\u00e9 k\u0155dle, \u010di u\u017e na hniezdisk\u00e1ch, alebo na svojich zimovisk\u00e1ch v Afrike, kde sa mie\u0161aj\u00fa aj s in\u00fdmi druhmi d\u00e1\u017e\u010fovn\u00edkov. K\u0155dle d\u00e1\u017e\u010fovn\u00edkov si mo\u017eno z v\u00e4\u010d\u0161ej dia\u013eky pom\u00fdli\u0165 s niektor\u00fdmi lastovi\u010dkovit\u00fdmi vt\u00e1kmi \u2013 lastovi\u010dkou domovou, belor\u00edtkou domovou a brehu\u013eou rie\u010dnou. V s\u00favislej mestskej z\u00e1stavbe sa v\u0161ak be\u017ene vyskytuje len belor\u00edtka, ktor\u00e1 je v\u0161ak men\u0161ia, m\u00e1 ove\u013ea krat\u0161ie a \u0161ir\u0161ie kr\u00eddla a predov\u0161etk\u00fdm jej cel\u00e1 spodn\u00e1 strana tela je na rozdiel od d\u00e1\u017e\u010fovn\u00edka biela.\r\n\r\nD\u00e1\u017e\u010fovn\u00edky sa prezr\u00e1dzaj\u00fa typick\u00fdm hlasn\u00fdm volan\u00edm znej\u00facim ako \u0161kr\u00edpav\u00e9 \u201esr\u00ed\u00ed\u00ed\u201c. U n\u00e1s hniezdia naj\u010dastej\u0161ie na budov\u00e1ch v r\u00f4znych otvoroch a \u0161k\u00e1rach, v panelov\u00fdch domoch obsadzuj\u00fa hlavne vetracie otvory alebo \u0161trbiny medzi panelmi. Miestu hniezdenia s\u00fa tieto vt\u00e1ky vern\u00e9 a niektor\u00e9 jedince sa na\u0148 m\u00f4\u017eu vraca\u0165 po dlh\u00e9 roky. Hniezdo predstavuje kotlinka v \u0161trbine alebo vetracom otvore budovy, vystlan\u00e1 per\u00edm, stebielkami tr\u00e1vy alebo l\u00edst\u00edm, ktor\u00e9 d\u00e1\u017e\u010fovn\u00edky zbieraj\u00fa v ovzdu\u0161\u00ed a na hniezde zliepaj\u00fa slinami. Svoje hniezda si aj medzi sebou br\u00e1nia a ne\u010dakan\u00e9 n\u00e1v\u0161tevy sa \u010dasto kon\u010dia s\u00fabojom v ovzdu\u0161\u00ed.\r\n<h4>Porovnanie s podobn\u00fdmi druhmi<\/h4>\r\n<h4>Lastovi\u010dka oby\u010dajn\u00e1<\/h4>\r\n<h4><a class=\"internal-link\" title=\"\" href=\"http:\/\/dazdovniky.vtaky.sk\/sk\/dazdovniky\/zvuky-lastovicky-obycajnej\" target=\"_self\">Vypo\u010dujte si zvuky lastovi\u010dky oby\u010dajnej.<\/a><\/h4>\r\n<p style=\"text-align: left;\">Na rozdiel od d\u00e1\u017e\u010fovn\u00edka, \u010dasto lov\u00ed hmyz n\u00edzkym letom.<\/p>\r\n<p style=\"text-align: left;\"><img loading=\"lazy\" decoding=\"async\" class=\"size-full wp-image-3363 alignleft\" src=\"https:\/\/broz.sk\/wp-content\/uploads\/2018\/02\/last.jpeg\" alt=\"\" width=\"128\" height=\"78\" srcset=\"https:\/\/broz.sk\/wp-content\/uploads\/2018\/02\/last.jpeg 128w, https:\/\/broz.sk\/wp-content\/uploads\/2018\/02\/last-24x15.jpeg 24w, https:\/\/broz.sk\/wp-content\/uploads\/2018\/02\/last-36x22.jpeg 36w, https:\/\/broz.sk\/wp-content\/uploads\/2018\/02\/last-48x29.jpeg 48w\" sizes=\"(max-width: 128px) 100vw, 128px\" \/>Podobne ako belor\u00edtky, stavia si hniezdo z blata.<\/p>\r\n<p style=\"text-align: left;\">M\u00e1 hlboko vykrojen\u00fd chvost, \u010dierny vrch tela, bielu spodn\u00fa \u010das\u0165 a \u010derven\u00e9 hrdlo.<\/p>\r\n<p style=\"text-align: left;\">Spolu s belor\u00edtkami vysed\u00e1vaj\u00fa na dr\u00f4toch elektrick\u00e9ho vedenia.<\/p>\r\n\r\n<h4>Belor\u00edtka oby\u010dajn\u00e1<\/h4>\r\nVypo\u010dujte si zvuky\u00a0<a class=\"internal-link\" title=\"\" href=\"http:\/\/dazdovniky.vtaky.sk\/sk\/dazdovniky\/zvuky-beloritky-obycajnej\" target=\"_self\">belor\u00edtky oby\u010dajnej<\/a>.\r\n<p style=\"text-align: left;\"><img loading=\"lazy\" decoding=\"async\" class=\"size-full wp-image-3364 alignleft\" src=\"https:\/\/broz.sk\/wp-content\/uploads\/2018\/02\/belor.jpeg\" alt=\"\" width=\"128\" height=\"98\" srcset=\"https:\/\/broz.sk\/wp-content\/uploads\/2018\/02\/belor.jpeg 128w, https:\/\/broz.sk\/wp-content\/uploads\/2018\/02\/belor-24x18.jpeg 24w, https:\/\/broz.sk\/wp-content\/uploads\/2018\/02\/belor-36x28.jpeg 36w, https:\/\/broz.sk\/wp-content\/uploads\/2018\/02\/belor-48x37.jpeg 48w\" sizes=\"(max-width: 128px) 100vw, 128px\" \/>Je kontrastne modro\u010dierno-bielo sfarben\u00e1.<\/p>\r\n<p style=\"text-align: left;\">M\u00e1 bielo operen\u00e9 nohy a biely trt\u00e1\u010d. Hniezdi podobne ako lastovi\u010dka v bl\u00edzkosti \u013eudsk\u00fdch obydiel.<\/p>\r\n<p style=\"text-align: left;\">Stavia si hniezdo z blata, ktor\u00e9 zbiera na zemi.<\/p>\r\n\r\n<h4>Brehu\u013ea hned\u00e1<\/h4>\r\n<a class=\"internal-link\" title=\"\" href=\"http:\/\/dazdovniky.vtaky.sk\/sk\/dazdovniky\/zvuky-brehule-hnedej\" target=\"_self\">Vypo\u010dujte si zvuky brehule hnedej.<\/a>\r\n<p style=\"text-align: left;\"><img loading=\"lazy\" decoding=\"async\" class=\"size-full wp-image-3365 alignleft\" src=\"https:\/\/broz.sk\/wp-content\/uploads\/2018\/02\/breh.jpeg\" alt=\"\" width=\"128\" height=\"93\" srcset=\"https:\/\/broz.sk\/wp-content\/uploads\/2018\/02\/breh.jpeg 128w, https:\/\/broz.sk\/wp-content\/uploads\/2018\/02\/breh-24x17.jpeg 24w, https:\/\/broz.sk\/wp-content\/uploads\/2018\/02\/breh-36x26.jpeg 36w, https:\/\/broz.sk\/wp-content\/uploads\/2018\/02\/breh-48x35.jpeg 48w\" sizes=\"(max-width: 128px) 100vw, 128px\" \/>Na rozdiel od predo\u0161l\u00fdch druhov, \u017eije \u010faleko od \u013eud\u00ed.<\/p>\r\n<p style=\"text-align: left;\">Svoje hniezdne nory si vyhrab\u00e1va v kolm\u00fdch pies\u010dit\u00fdch a hlinen\u00fdch sten\u00e1ch pri riekach,<\/p>\r\n<p style=\"text-align: left;\">\u0165a\u017eobn\u00fdch jam\u00e1ch, obna\u017een\u00fdch sten\u00e1ch svahov alebo kop\u00e1ch stavebn\u00e9ho materi\u00e1lu.<\/p>\r\n<p style=\"text-align: left;\">Je hnedo-bielo sfarben\u00e1 s hned\u00fdm p\u00e1som na hrudi. Patr\u00ed medzi koloni\u00e1lne hniezdiace druhy.<\/p>\r\n[\/vc_column_text][\/vc_column][\/vc_row]<\/div>","protected":false},"excerpt":{"rendered":"<p>[vc_row][vc_column][vc_column_text] D\u00e1\u017e\u010fovn\u00edk oby\u010dajn\u00fd (Apus apus) Vypo\u010dujte si zvuk d\u00e1\u017e\u010fovn\u00edka oby\u010dajn\u00e9ho. Tento s\u0165ahovav\u00fd druh k n\u00e1m prilieta ako jeden z posledn\u00fdch a\u017e koncom apr\u00edla \u2013 za\u010diatkom m\u00e1ja a odlieta u\u017e za\u010diatkom augusta hne\u010f po vyhniezden\u00ed. Jeho typick\u00fd hlas n\u00e1m symbolizuje pr\u00edchod tepl\u00e9ho letn\u00e9ho po\u010dasia. Jeho charakteristick\u00fdm znakom s\u00fa n\u00e1padne dlh\u00e9 a ostr\u00e9 kos\u00e1kovito zahnut\u00e9 kr\u00eddla, sved\u010diace&hellip;<\/p>\n","protected":false},"author":2,"featured_media":7615,"parent":0,"menu_order":94,"comment_status":"closed","ping_status":"closed","template":"","meta":{"_acf_changed":false,"pmpro_default_level":"","footnotes":""},"class_list":["post-5253","page","type-page","status-publish","has-post-thumbnail","hentry","pmpro-has-access","description-off"],"acf":[],"yoast_head":"<!-- This site is optimized with the Yoast SEO Premium plugin v21.4 (Yoast SEO v27.5) - https:\/\/yoast.com\/product\/yoast-seo-premium-wordpress\/ -->\n<title>Common Swift - BROZ<\/title>\n<meta name=\"robots\" content=\"index, follow, max-snippet:-1, max-image-preview:large, max-video-preview:-1\" \/>\n<link rel=\"canonical\" href=\"https:\/\/broz.sk\/en\/dazdovnik-obycajny\/\" \/>\n<meta property=\"og:locale\" content=\"en_US\" \/>\n<meta property=\"og:type\" content=\"article\" \/>\n<meta property=\"og:title\" content=\"Common Swift\" \/>\n<meta property=\"og:description\" content=\"[vc_row][vc_column][vc_column_text] D\u00e1\u017e\u010fovn\u00edk oby\u010dajn\u00fd (Apus apus) Vypo\u010dujte si zvuk d\u00e1\u017e\u010fovn\u00edka oby\u010dajn\u00e9ho. Tento s\u0165ahovav\u00fd druh k n\u00e1m prilieta ako jeden z posledn\u00fdch a\u017e koncom apr\u00edla \u2013 za\u010diatkom m\u00e1ja a odlieta u\u017e za\u010diatkom augusta hne\u010f po vyhniezden\u00ed. Jeho typick\u00fd hlas n\u00e1m symbolizuje pr\u00edchod tepl\u00e9ho letn\u00e9ho po\u010dasia. Jeho charakteristick\u00fdm znakom s\u00fa n\u00e1padne dlh\u00e9 a ostr\u00e9 kos\u00e1kovito zahnut\u00e9 kr\u00eddla, sved\u010diace&hellip;\" \/>\n<meta property=\"og:url\" content=\"https:\/\/broz.sk\/en\/dazdovnik-obycajny\/\" \/>\n<meta property=\"og:site_name\" content=\"BROZ\" \/>\n<meta property=\"article:publisher\" content=\"https:\/\/www.facebook.com\/broz.ba\/\" \/>\n<meta property=\"article:modified_time\" content=\"2018-10-16T09:01:50+00:00\" \/>\n<meta property=\"og:image\" content=\"https:\/\/broz.sk\/wp-content\/uploads\/2019\/05\/apus-4_BM-1024x682.jpg\" \/>\n\t<meta property=\"og:image:width\" content=\"1024\" \/>\n\t<meta property=\"og:image:height\" content=\"682\" \/>\n\t<meta property=\"og:image:type\" content=\"image\/jpeg\" \/>\n<meta name=\"twitter:card\" content=\"summary_large_image\" \/>\n<meta name=\"twitter:label1\" content=\"Est. reading time\" \/>\n\t<meta name=\"twitter:data1\" content=\"4 minutes\" \/>\n<script type=\"application\/ld+json\" class=\"yoast-schema-graph\">{\"@context\":\"https:\\\/\\\/schema.org\",\"@graph\":[{\"@type\":\"WebPage\",\"@id\":\"https:\\\/\\\/broz.sk\\\/en\\\/dazdovnik-obycajny\\\/\",\"url\":\"https:\\\/\\\/broz.sk\\\/en\\\/dazdovnik-obycajny\\\/\",\"name\":\"Common Swift - BROZ\",\"isPartOf\":{\"@id\":\"https:\\\/\\\/broz.sk\\\/#website\"},\"primaryImageOfPage\":{\"@id\":\"https:\\\/\\\/broz.sk\\\/en\\\/dazdovnik-obycajny\\\/#primaryimage\"},\"image\":{\"@id\":\"https:\\\/\\\/broz.sk\\\/en\\\/dazdovnik-obycajny\\\/#primaryimage\"},\"thumbnailUrl\":\"https:\\\/\\\/broz.sk\\\/wp-content\\\/uploads\\\/2019\\\/05\\\/apus-4_BM.jpg\",\"datePublished\":\"2018-02-02T13:00:36+00:00\",\"dateModified\":\"2018-10-16T09:01:50+00:00\",\"breadcrumb\":{\"@id\":\"https:\\\/\\\/broz.sk\\\/en\\\/dazdovnik-obycajny\\\/#breadcrumb\"},\"inLanguage\":\"en-US\",\"potentialAction\":[{\"@type\":\"ReadAction\",\"target\":[\"https:\\\/\\\/broz.sk\\\/en\\\/dazdovnik-obycajny\\\/\"]}]},{\"@type\":\"ImageObject\",\"inLanguage\":\"en-US\",\"@id\":\"https:\\\/\\\/broz.sk\\\/en\\\/dazdovnik-obycajny\\\/#primaryimage\",\"url\":\"https:\\\/\\\/broz.sk\\\/wp-content\\\/uploads\\\/2019\\\/05\\\/apus-4_BM.jpg\",\"contentUrl\":\"https:\\\/\\\/broz.sk\\\/wp-content\\\/uploads\\\/2019\\\/05\\\/apus-4_BM.jpg\",\"width\":2748,\"height\":1830},{\"@type\":\"BreadcrumbList\",\"@id\":\"https:\\\/\\\/broz.sk\\\/en\\\/dazdovnik-obycajny\\\/#breadcrumb\",\"itemListElement\":[{\"@type\":\"ListItem\",\"position\":1,\"name\":\"Domovsk\u00e1 str\u00e1nka\",\"item\":\"https:\\\/\\\/broz.sk\\\/en\\\/\"},{\"@type\":\"ListItem\",\"position\":2,\"name\":\"Common Swift\"}]},{\"@type\":\"WebSite\",\"@id\":\"https:\\\/\\\/broz.sk\\\/#website\",\"url\":\"https:\\\/\\\/broz.sk\\\/\",\"name\":\"BROZ\",\"description\":\"ochran\u00e1rske zdru\u017eenie\",\"publisher\":{\"@id\":\"https:\\\/\\\/broz.sk\\\/#organization\"},\"potentialAction\":[{\"@type\":\"SearchAction\",\"target\":{\"@type\":\"EntryPoint\",\"urlTemplate\":\"https:\\\/\\\/broz.sk\\\/?s={search_term_string}\"},\"query-input\":{\"@type\":\"PropertyValueSpecification\",\"valueRequired\":true,\"valueName\":\"search_term_string\"}}],\"inLanguage\":\"en-US\"},{\"@type\":\"Organization\",\"@id\":\"https:\\\/\\\/broz.sk\\\/#organization\",\"name\":\"BROZ - Bratislavsk\u00e9 region\u00e1lne ochran\u00e1rske zdru\u017eenie\",\"url\":\"https:\\\/\\\/broz.sk\\\/\",\"logo\":{\"@type\":\"ImageObject\",\"inLanguage\":\"en-US\",\"@id\":\"https:\\\/\\\/broz.sk\\\/#\\\/schema\\\/logo\\\/image\\\/\",\"url\":\"https:\\\/\\\/broz.sk\\\/wp-content\\\/uploads\\\/2018\\\/03\\\/broz-logo-hires-color.png\",\"contentUrl\":\"https:\\\/\\\/broz.sk\\\/wp-content\\\/uploads\\\/2018\\\/03\\\/broz-logo-hires-color.png\",\"width\":2585,\"height\":1618,\"caption\":\"BROZ - Bratislavsk\u00e9 region\u00e1lne ochran\u00e1rske zdru\u017eenie\"},\"image\":{\"@id\":\"https:\\\/\\\/broz.sk\\\/#\\\/schema\\\/logo\\\/image\\\/\"},\"sameAs\":[\"https:\\\/\\\/www.facebook.com\\\/broz.ba\\\/\"]}]}<\/script>\n<!-- \/ Yoast SEO Premium plugin. -->","yoast_head_json":{"title":"Common Swift - BROZ","robots":{"index":"index","follow":"follow","max-snippet":"max-snippet:-1","max-image-preview":"max-image-preview:large","max-video-preview":"max-video-preview:-1"},"canonical":"https:\/\/broz.sk\/en\/dazdovnik-obycajny\/","og_locale":"en_US","og_type":"article","og_title":"Common Swift","og_description":"[vc_row][vc_column][vc_column_text] D\u00e1\u017e\u010fovn\u00edk oby\u010dajn\u00fd (Apus apus) Vypo\u010dujte si zvuk d\u00e1\u017e\u010fovn\u00edka oby\u010dajn\u00e9ho. Tento s\u0165ahovav\u00fd druh k n\u00e1m prilieta ako jeden z posledn\u00fdch a\u017e koncom apr\u00edla \u2013 za\u010diatkom m\u00e1ja a odlieta u\u017e za\u010diatkom augusta hne\u010f po vyhniezden\u00ed. Jeho typick\u00fd hlas n\u00e1m symbolizuje pr\u00edchod tepl\u00e9ho letn\u00e9ho po\u010dasia. Jeho charakteristick\u00fdm znakom s\u00fa n\u00e1padne dlh\u00e9 a ostr\u00e9 kos\u00e1kovito zahnut\u00e9 kr\u00eddla, sved\u010diace&hellip;","og_url":"https:\/\/broz.sk\/en\/dazdovnik-obycajny\/","og_site_name":"BROZ","article_publisher":"https:\/\/www.facebook.com\/broz.ba\/","article_modified_time":"2018-10-16T09:01:50+00:00","og_image":[{"width":1024,"height":682,"url":"https:\/\/broz.sk\/wp-content\/uploads\/2019\/05\/apus-4_BM-1024x682.jpg","type":"image\/jpeg"}],"twitter_card":"summary_large_image","twitter_misc":{"Est. reading time":"4 minutes"},"schema":{"@context":"https:\/\/schema.org","@graph":[{"@type":"WebPage","@id":"https:\/\/broz.sk\/en\/dazdovnik-obycajny\/","url":"https:\/\/broz.sk\/en\/dazdovnik-obycajny\/","name":"Common Swift - BROZ","isPartOf":{"@id":"https:\/\/broz.sk\/#website"},"primaryImageOfPage":{"@id":"https:\/\/broz.sk\/en\/dazdovnik-obycajny\/#primaryimage"},"image":{"@id":"https:\/\/broz.sk\/en\/dazdovnik-obycajny\/#primaryimage"},"thumbnailUrl":"https:\/\/broz.sk\/wp-content\/uploads\/2019\/05\/apus-4_BM.jpg","datePublished":"2018-02-02T13:00:36+00:00","dateModified":"2018-10-16T09:01:50+00:00","breadcrumb":{"@id":"https:\/\/broz.sk\/en\/dazdovnik-obycajny\/#breadcrumb"},"inLanguage":"en-US","potentialAction":[{"@type":"ReadAction","target":["https:\/\/broz.sk\/en\/dazdovnik-obycajny\/"]}]},{"@type":"ImageObject","inLanguage":"en-US","@id":"https:\/\/broz.sk\/en\/dazdovnik-obycajny\/#primaryimage","url":"https:\/\/broz.sk\/wp-content\/uploads\/2019\/05\/apus-4_BM.jpg","contentUrl":"https:\/\/broz.sk\/wp-content\/uploads\/2019\/05\/apus-4_BM.jpg","width":2748,"height":1830},{"@type":"BreadcrumbList","@id":"https:\/\/broz.sk\/en\/dazdovnik-obycajny\/#breadcrumb","itemListElement":[{"@type":"ListItem","position":1,"name":"Domovsk\u00e1 str\u00e1nka","item":"https:\/\/broz.sk\/en\/"},{"@type":"ListItem","position":2,"name":"Common Swift"}]},{"@type":"WebSite","@id":"https:\/\/broz.sk\/#website","url":"https:\/\/broz.sk\/","name":"BROZ","description":"ochran\u00e1rske zdru\u017eenie","publisher":{"@id":"https:\/\/broz.sk\/#organization"},"potentialAction":[{"@type":"SearchAction","target":{"@type":"EntryPoint","urlTemplate":"https:\/\/broz.sk\/?s={search_term_string}"},"query-input":{"@type":"PropertyValueSpecification","valueRequired":true,"valueName":"search_term_string"}}],"inLanguage":"en-US"},{"@type":"Organization","@id":"https:\/\/broz.sk\/#organization","name":"BROZ - Bratislavsk\u00e9 region\u00e1lne ochran\u00e1rske zdru\u017eenie","url":"https:\/\/broz.sk\/","logo":{"@type":"ImageObject","inLanguage":"en-US","@id":"https:\/\/broz.sk\/#\/schema\/logo\/image\/","url":"https:\/\/broz.sk\/wp-content\/uploads\/2018\/03\/broz-logo-hires-color.png","contentUrl":"https:\/\/broz.sk\/wp-content\/uploads\/2018\/03\/broz-logo-hires-color.png","width":2585,"height":1618,"caption":"BROZ - Bratislavsk\u00e9 region\u00e1lne ochran\u00e1rske zdru\u017eenie"},"image":{"@id":"https:\/\/broz.sk\/#\/schema\/logo\/image\/"},"sameAs":["https:\/\/www.facebook.com\/broz.ba\/"]}]}},"_links":{"self":[{"href":"https:\/\/broz.sk\/en\/wp-json\/wp\/v2\/pages\/5253","targetHints":{"allow":["GET"]}}],"collection":[{"href":"https:\/\/broz.sk\/en\/wp-json\/wp\/v2\/pages"}],"about":[{"href":"https:\/\/broz.sk\/en\/wp-json\/wp\/v2\/types\/page"}],"author":[{"embeddable":true,"href":"https:\/\/broz.sk\/en\/wp-json\/wp\/v2\/users\/2"}],"replies":[{"embeddable":true,"href":"https:\/\/broz.sk\/en\/wp-json\/wp\/v2\/comments?post=5253"}],"version-history":[{"count":1,"href":"https:\/\/broz.sk\/en\/wp-json\/wp\/v2\/pages\/5253\/revisions"}],"predecessor-version":[{"id":5254,"href":"https:\/\/broz.sk\/en\/wp-json\/wp\/v2\/pages\/5253\/revisions\/5254"}],"wp:featuredmedia":[{"embeddable":true,"href":"https:\/\/broz.sk\/en\/wp-json\/wp\/v2\/media\/7615"}],"wp:attachment":[{"href":"https:\/\/broz.sk\/en\/wp-json\/wp\/v2\/media?parent=5253"}],"curies":[{"name":"wp","href":"https:\/\/api.w.org\/{rel}","templated":true}]}}