{"id":4319,"date":"2017-11-23T15:47:43","date_gmt":"2017-11-23T14:47:43","guid":{"rendered":"https:\/\/broz.tvojamama.sk?page_id=4319"},"modified":"2023-09-04T15:02:39","modified_gmt":"2023-09-04T13:02:39","slug":"ochrana-druhov-rastlin-zivocichov","status":"publish","type":"page","link":"https:\/\/broz.sk\/en\/ochrana-druhov-rastlin-zivocichov\/","title":{"rendered":"Protection of species of plants and animals"},"content":{"rendered":"<div class=\"wpb-content-wrapper\"><p>[vc_row][vc_column][vc_column_text]<\/p>\n<p class=\"Vchodzie\" style=\"line-height: 150%;\"><strong>BROZ has been working towards the conservation of species for over 24 years. Our main approach is species conservation through the improvement and restoration of their habitats. Our work has contributed to the protection of a\u00a0number of bird and mammal species of European importance as well as several rare species of plants.<\/strong><\/p>\n<p>&nbsp;<\/p>\n<p><strong>Restoration of steep river banks<\/strong> <strong>for Common kingfisher, European bee-eater and Sand martin<\/strong><\/p>\n<p>Streep river banks, an important nesting habitat for bird species, are becoming increasingly rare in riverine ecosystems due to river regulation and missing river dynamics. In order to create new nesting opportunities for birs BROZ has implemented a\u00a0number of projects foucused on river bank restoration. We achieve this by reconstructing vertical river banks, removing unneccesary stone embankments along the Danube river and restoring natural river dynamics where possible. It is always a\u00a0big reward to see these species return to restored localities. A\u00a0great success was seen in 2012 when a\u00a0colony of 970 Sand martins nested in a\u00a0newly restored wall in Ch\u013eaba. This was the biggest Sand martin colony recorded on the Danube river in 2012.[\/vc_column_text]<style type=\"text\/css\" data-type=\"the7_shortcodes-inline-css\">.shortcode-single-image-wrap.shortcode-single-image-99bdb357ebf7d1b82e91f8dbc2b901fb.enable-bg-rollover .rollover i,\n.shortcode-single-image-wrap.shortcode-single-image-99bdb357ebf7d1b82e91f8dbc2b901fb.enable-bg-rollover .rollover-video i {\n  background: -webkit-linear-gradient();\n  background: linear-gradient();\n}\n.shortcode-single-image-wrap.shortcode-single-image-99bdb357ebf7d1b82e91f8dbc2b901fb .rollover-icon {\n  font-size: 32px;\n  color: #ffffff;\n  min-width: 44px;\n  min-height: 44px;\n  line-height: 44px;\n  border-radius: 100px;\n  border-style: solid;\n  border-width: 0px;\n}\n.dt-icon-bg-on.shortcode-single-image-wrap.shortcode-single-image-99bdb357ebf7d1b82e91f8dbc2b901fb .rollover-icon {\n  background: rgba(255,255,255,0.3);\n  box-shadow: none;\n}\n<\/style><div class=\"shortcode-single-image-wrap shortcode-single-image-99bdb357ebf7d1b82e91f8dbc2b901fb alignnone  enable-bg-rollover dt-icon-bg-off\" style=\"margin-top:0px; margin-bottom:0px; margin-left:0px; margin-right:0px; width:400px;\"><div class=\"shortcode-single-image\"><div class=\"fancy-media-wrap  layzr-bg\" style=\"\"><img fetchpriority=\"high\" decoding=\"async\" class=\"preload-me lazy-load aspect\" src=\"data:image\/svg+xml,%3Csvg%20xmlns%3D&#39;http%3A%2F%2Fwww.w3.org%2F2000%2Fsvg&#39;%20viewBox%3D&#39;0%200%20400%20265&#39;%2F%3E\" data-src=\"https:\/\/broz.sk\/wp-content\/uploads\/2020\/01\/IMGP2554-scaled-400x265.jpg\" data-srcset=\"https:\/\/broz.sk\/wp-content\/uploads\/2020\/01\/IMGP2554-scaled-400x265.jpg 400w, https:\/\/broz.sk\/wp-content\/uploads\/2020\/01\/IMGP2554-scaled-800x530.jpg 800w\" loading=\"eager\" sizes=\"(max-width: 400px) 100vw, 400px\" width=\"400\" height=\"265\"  data-dt-location=\"https:\/\/broz.sk\/en\/nosne-aktivity-broz\/ochrana-druhov-rastlin-zivocichov\/imgp2554\/\" style=\"--ratio: 400 \/ 265;\" alt=\"\" \/><\/div><\/div><\/div>[vc_separator][vc_column_text]<strong>Protection of the endemic Pannonian root vole<\/strong><\/p>\n<p>Just like the Panda bear, the Pannonian root vole is an endemic species whose whole population can be found in one restricted place. This vole species can only be found in few specific locations in Slovakia, Austria and in Hungary. The habitats of this species have almost completely dissapeard as a\u00a0result of intensive agriculture, forestry and water regulation. BROZ manages and important root vole locality and works to restore and connect new areas in order to ensure the survival of this species.[\/vc_column_text]<style type=\"text\/css\" data-type=\"the7_shortcodes-inline-css\">.shortcode-single-image-wrap.shortcode-single-image-b5d20ecbfaf7b4ec67913bd29e4de43d.enable-bg-rollover .rollover i,\n.shortcode-single-image-wrap.shortcode-single-image-b5d20ecbfaf7b4ec67913bd29e4de43d.enable-bg-rollover .rollover-video i {\n  background: -webkit-linear-gradient();\n  background: linear-gradient();\n}\n.shortcode-single-image-wrap.shortcode-single-image-b5d20ecbfaf7b4ec67913bd29e4de43d .rollover-icon {\n  font-size: 32px;\n  color: #ffffff;\n  min-width: 44px;\n  min-height: 44px;\n  line-height: 44px;\n  border-radius: 100px;\n  border-style: solid;\n  border-width: 0px;\n}\n.dt-icon-bg-on.shortcode-single-image-wrap.shortcode-single-image-b5d20ecbfaf7b4ec67913bd29e4de43d .rollover-icon {\n  background: rgba(255,255,255,0.3);\n  box-shadow: none;\n}\n<\/style><div class=\"shortcode-single-image-wrap shortcode-single-image-b5d20ecbfaf7b4ec67913bd29e4de43d alignnone  enable-bg-rollover dt-icon-bg-off\" style=\"margin-top:0px; margin-bottom:0px; margin-left:0px; margin-right:0px; width:400px;\"><div class=\"shortcode-single-image\"><div class=\"fancy-media-wrap  layzr-bg\" style=\"\"><img decoding=\"async\" class=\"preload-me lazy-load aspect\" src=\"data:image\/svg+xml,%3Csvg%20xmlns%3D&#39;http%3A%2F%2Fwww.w3.org%2F2000%2Fsvg&#39;%20viewBox%3D&#39;0%200%20400%20266&#39;%2F%3E\" data-src=\"https:\/\/broz.sk\/wp-content\/uploads\/2017\/02\/hrabos-400x266.jpg\" data-srcset=\"https:\/\/broz.sk\/wp-content\/uploads\/2017\/02\/hrabos-400x266.jpg 400w, https:\/\/broz.sk\/wp-content\/uploads\/2017\/02\/hrabos.jpg 575w\" loading=\"eager\" sizes=\"(max-width: 400px) 100vw, 400px\" width=\"400\" height=\"266\"  data-dt-location=\"https:\/\/broz.sk\/en\/hrabos\/\" style=\"--ratio: 400 \/ 266;\" alt=\"\" \/><\/div><\/div><\/div>[vc_separator][vc_column_text]<strong>Saving the critically <\/strong><strong>endangered <\/strong><em><strong>Camphorosma annua<\/strong><\/em><\/p>\n<p><em>Camphorosma annua<\/em> is a critically endangered plant species which requires very specific conditions \u2013 dry and salty soils found on salt marshes. The extent of salt marshes in Sloavkia has, however, been reduced to less than 500ha and the species has almost dissapeared. BROZ has carried out a\u00a0successful project on restoration of salt marshes and is now managing one of the last sites in Slovakia where the <em>Camphorosma annua<\/em><em> can still be found. The population has steadily increased and the site is a\u00a0popular destination for students and botanists from Slovakia and the surrounding countries. \u00a0<\/em>[\/vc_column_text]<style type=\"text\/css\" data-type=\"the7_shortcodes-inline-css\">.shortcode-single-image-wrap.shortcode-single-image-f73f7f0e61855de7233d0cb8469ebd5a.enable-bg-rollover .rollover i,\n.shortcode-single-image-wrap.shortcode-single-image-f73f7f0e61855de7233d0cb8469ebd5a.enable-bg-rollover .rollover-video i {\n  background: -webkit-linear-gradient();\n  background: linear-gradient();\n}\n.shortcode-single-image-wrap.shortcode-single-image-f73f7f0e61855de7233d0cb8469ebd5a .rollover-icon {\n  font-size: 32px;\n  color: #ffffff;\n  min-width: 44px;\n  min-height: 44px;\n  line-height: 44px;\n  border-radius: 100px;\n  border-style: solid;\n  border-width: 0px;\n}\n.dt-icon-bg-on.shortcode-single-image-wrap.shortcode-single-image-f73f7f0e61855de7233d0cb8469ebd5a .rollover-icon {\n  background: rgba(255,255,255,0.3);\n  box-shadow: none;\n}\n<\/style><div class=\"shortcode-single-image-wrap shortcode-single-image-f73f7f0e61855de7233d0cb8469ebd5a alignnone  enable-bg-rollover dt-icon-bg-off\" style=\"margin-top:0px; margin-bottom:0px; margin-left:0px; margin-right:0px; width:400px;\"><div class=\"shortcode-single-image\"><div class=\"fancy-media-wrap  layzr-bg\" style=\"\"><img decoding=\"async\" class=\"preload-me lazy-load aspect\" src=\"data:image\/svg+xml,%3Csvg%20xmlns%3D&#39;http%3A%2F%2Fwww.w3.org%2F2000%2Fsvg&#39;%20viewBox%3D&#39;0%200%20400%20225&#39;%2F%3E\" data-src=\"https:\/\/broz.sk\/wp-content\/uploads\/2020\/01\/Camphorosma-annua-800x450-1-400x225.jpg\" data-srcset=\"https:\/\/broz.sk\/wp-content\/uploads\/2020\/01\/Camphorosma-annua-800x450-1-400x225.jpg 400w, https:\/\/broz.sk\/wp-content\/uploads\/2020\/01\/Camphorosma-annua-800x450-1.jpg 800w\" loading=\"eager\" sizes=\"(max-width: 400px) 100vw, 400px\" width=\"400\" height=\"225\"  data-dt-location=\"https:\/\/broz.sk\/en\/nosne-aktivity-broz\/ochrana-druhov-rastlin-zivocichov\/camphorosma-annua-800x450\/\" style=\"--ratio: 400 \/ 225;\" alt=\"\" \/><\/div><\/div><\/div>[vc_btn title=&#8221;More about BROZ projects&#8221; color=&#8221;warning&#8221; link=&#8221;url:https%3A%2F%2Fbroz.sk%2Fen%2Fprojekty%2F&#8221;][\/vc_column][\/vc_row][vc_row][vc_column][\/vc_column][\/vc_row]<\/p>\n<\/div>","protected":false},"excerpt":{"rendered":"<p>[vc_row][vc_column][vc_column_text] BROZ has been working towards the conservation of species for over 24 years. Our main approach is species conservation through the improvement and restoration of their habitats. Our work has contributed to the protection of a\u00a0number of bird and mammal species of European importance as well as several rare species of plants. &nbsp; Restoration&hellip;<\/p>\n","protected":false},"author":3,"featured_media":11117,"parent":0,"menu_order":138,"comment_status":"closed","ping_status":"closed","template":"","meta":{"_acf_changed":false,"pmpro_default_level":"","footnotes":""},"class_list":["post-4319","page","type-page","status-publish","has-post-thumbnail","hentry","pmpro-has-access","description-off"],"acf":[],"yoast_head":"<!-- This site is optimized with the Yoast SEO Premium plugin v21.4 (Yoast SEO v27.4) - https:\/\/yoast.com\/product\/yoast-seo-premium-wordpress\/ -->\n<title>Protection of species of plants and animals - BROZ<\/title>\n<meta name=\"description\" content=\"BROZ has been working on conservation of plan and animal species. Our approach is species conservation through the restoration of their habitats.\" \/>\n<meta name=\"robots\" content=\"index, follow, max-snippet:-1, max-image-preview:large, max-video-preview:-1\" \/>\n<link rel=\"canonical\" href=\"https:\/\/broz.sk\/en\/ochrana-druhov-rastlin-zivocichov\/\" \/>\n<meta property=\"og:locale\" content=\"en_US\" \/>\n<meta property=\"og:type\" content=\"article\" \/>\n<meta property=\"og:title\" content=\"Protection of species of plants and animals\" \/>\n<meta property=\"og:description\" content=\"BROZ has been working on conservation of plan and animal species. Our approach is species conservation through the restoration of their habitats.\" \/>\n<meta property=\"og:url\" content=\"https:\/\/broz.sk\/en\/ochrana-druhov-rastlin-zivocichov\/\" \/>\n<meta property=\"og:site_name\" content=\"BROZ\" \/>\n<meta property=\"article:publisher\" content=\"https:\/\/www.facebook.com\/broz.ba\/\" \/>\n<meta property=\"article:modified_time\" content=\"2023-09-04T13:02:39+00:00\" \/>\n<meta property=\"og:image\" content=\"https:\/\/broz.sk\/wp-content\/uploads\/2020\/03\/rybarik_pictogram_200.gif\" \/>\n\t<meta property=\"og:image:width\" content=\"1312\" \/>\n\t<meta property=\"og:image:height\" content=\"1312\" \/>\n\t<meta property=\"og:image:type\" content=\"image\/gif\" \/>\n<meta name=\"twitter:card\" content=\"summary_large_image\" \/>\n<meta name=\"twitter:label1\" content=\"Est. reading time\" \/>\n\t<meta name=\"twitter:data1\" content=\"2 minutes\" \/>\n<script type=\"application\/ld+json\" class=\"yoast-schema-graph\">{\"@context\":\"https:\\\/\\\/schema.org\",\"@graph\":[{\"@type\":\"WebPage\",\"@id\":\"https:\\\/\\\/broz.sk\\\/en\\\/ochrana-druhov-rastlin-zivocichov\\\/\",\"url\":\"https:\\\/\\\/broz.sk\\\/en\\\/ochrana-druhov-rastlin-zivocichov\\\/\",\"name\":\"Protection of species of plants and animals - BROZ\",\"isPartOf\":{\"@id\":\"https:\\\/\\\/broz.sk\\\/#website\"},\"primaryImageOfPage\":{\"@id\":\"https:\\\/\\\/broz.sk\\\/en\\\/ochrana-druhov-rastlin-zivocichov\\\/#primaryimage\"},\"image\":{\"@id\":\"https:\\\/\\\/broz.sk\\\/en\\\/ochrana-druhov-rastlin-zivocichov\\\/#primaryimage\"},\"thumbnailUrl\":\"https:\\\/\\\/broz.sk\\\/wp-content\\\/uploads\\\/2020\\\/03\\\/rybarik_pictogram_200.gif\",\"datePublished\":\"2017-11-23T14:47:43+00:00\",\"dateModified\":\"2023-09-04T13:02:39+00:00\",\"description\":\"BROZ has been working on conservation of plan and animal species. Our approach is species conservation through the restoration of their habitats.\",\"breadcrumb\":{\"@id\":\"https:\\\/\\\/broz.sk\\\/en\\\/ochrana-druhov-rastlin-zivocichov\\\/#breadcrumb\"},\"inLanguage\":\"en-US\",\"potentialAction\":[{\"@type\":\"ReadAction\",\"target\":[\"https:\\\/\\\/broz.sk\\\/en\\\/ochrana-druhov-rastlin-zivocichov\\\/\"]}]},{\"@type\":\"ImageObject\",\"inLanguage\":\"en-US\",\"@id\":\"https:\\\/\\\/broz.sk\\\/en\\\/ochrana-druhov-rastlin-zivocichov\\\/#primaryimage\",\"url\":\"https:\\\/\\\/broz.sk\\\/wp-content\\\/uploads\\\/2020\\\/03\\\/rybarik_pictogram_200.gif\",\"contentUrl\":\"https:\\\/\\\/broz.sk\\\/wp-content\\\/uploads\\\/2020\\\/03\\\/rybarik_pictogram_200.gif\",\"width\":1312,\"height\":1312},{\"@type\":\"BreadcrumbList\",\"@id\":\"https:\\\/\\\/broz.sk\\\/en\\\/ochrana-druhov-rastlin-zivocichov\\\/#breadcrumb\",\"itemListElement\":[{\"@type\":\"ListItem\",\"position\":1,\"name\":\"Domovsk\u00e1 str\u00e1nka\",\"item\":\"https:\\\/\\\/broz.sk\\\/en\\\/\"},{\"@type\":\"ListItem\",\"position\":2,\"name\":\"Protection of species of plants and animals\"}]},{\"@type\":\"WebSite\",\"@id\":\"https:\\\/\\\/broz.sk\\\/#website\",\"url\":\"https:\\\/\\\/broz.sk\\\/\",\"name\":\"BROZ\",\"description\":\"ochran\u00e1rske zdru\u017eenie\",\"publisher\":{\"@id\":\"https:\\\/\\\/broz.sk\\\/#organization\"},\"potentialAction\":[{\"@type\":\"SearchAction\",\"target\":{\"@type\":\"EntryPoint\",\"urlTemplate\":\"https:\\\/\\\/broz.sk\\\/?s={search_term_string}\"},\"query-input\":{\"@type\":\"PropertyValueSpecification\",\"valueRequired\":true,\"valueName\":\"search_term_string\"}}],\"inLanguage\":\"en-US\"},{\"@type\":\"Organization\",\"@id\":\"https:\\\/\\\/broz.sk\\\/#organization\",\"name\":\"BROZ - Bratislavsk\u00e9 region\u00e1lne ochran\u00e1rske zdru\u017eenie\",\"url\":\"https:\\\/\\\/broz.sk\\\/\",\"logo\":{\"@type\":\"ImageObject\",\"inLanguage\":\"en-US\",\"@id\":\"https:\\\/\\\/broz.sk\\\/#\\\/schema\\\/logo\\\/image\\\/\",\"url\":\"https:\\\/\\\/broz.sk\\\/wp-content\\\/uploads\\\/2018\\\/03\\\/broz-logo-hires-color.png\",\"contentUrl\":\"https:\\\/\\\/broz.sk\\\/wp-content\\\/uploads\\\/2018\\\/03\\\/broz-logo-hires-color.png\",\"width\":2585,\"height\":1618,\"caption\":\"BROZ - Bratislavsk\u00e9 region\u00e1lne ochran\u00e1rske zdru\u017eenie\"},\"image\":{\"@id\":\"https:\\\/\\\/broz.sk\\\/#\\\/schema\\\/logo\\\/image\\\/\"},\"sameAs\":[\"https:\\\/\\\/www.facebook.com\\\/broz.ba\\\/\"]}]}<\/script>\n<!-- \/ Yoast SEO Premium plugin. -->","yoast_head_json":{"title":"Protection of species of plants and animals - BROZ","description":"BROZ has been working on conservation of plan and animal species. Our approach is species conservation through the restoration of their habitats.","robots":{"index":"index","follow":"follow","max-snippet":"max-snippet:-1","max-image-preview":"max-image-preview:large","max-video-preview":"max-video-preview:-1"},"canonical":"https:\/\/broz.sk\/en\/ochrana-druhov-rastlin-zivocichov\/","og_locale":"en_US","og_type":"article","og_title":"Protection of species of plants and animals","og_description":"BROZ has been working on conservation of plan and animal species. Our approach is species conservation through the restoration of their habitats.","og_url":"https:\/\/broz.sk\/en\/ochrana-druhov-rastlin-zivocichov\/","og_site_name":"BROZ","article_publisher":"https:\/\/www.facebook.com\/broz.ba\/","article_modified_time":"2023-09-04T13:02:39+00:00","og_image":[{"width":1312,"height":1312,"url":"https:\/\/broz.sk\/wp-content\/uploads\/2020\/03\/rybarik_pictogram_200.gif","type":"image\/gif"}],"twitter_card":"summary_large_image","twitter_misc":{"Est. reading time":"2 minutes"},"schema":{"@context":"https:\/\/schema.org","@graph":[{"@type":"WebPage","@id":"https:\/\/broz.sk\/en\/ochrana-druhov-rastlin-zivocichov\/","url":"https:\/\/broz.sk\/en\/ochrana-druhov-rastlin-zivocichov\/","name":"Protection of species of plants and animals - BROZ","isPartOf":{"@id":"https:\/\/broz.sk\/#website"},"primaryImageOfPage":{"@id":"https:\/\/broz.sk\/en\/ochrana-druhov-rastlin-zivocichov\/#primaryimage"},"image":{"@id":"https:\/\/broz.sk\/en\/ochrana-druhov-rastlin-zivocichov\/#primaryimage"},"thumbnailUrl":"https:\/\/broz.sk\/wp-content\/uploads\/2020\/03\/rybarik_pictogram_200.gif","datePublished":"2017-11-23T14:47:43+00:00","dateModified":"2023-09-04T13:02:39+00:00","description":"BROZ has been working on conservation of plan and animal species. Our approach is species conservation through the restoration of their habitats.","breadcrumb":{"@id":"https:\/\/broz.sk\/en\/ochrana-druhov-rastlin-zivocichov\/#breadcrumb"},"inLanguage":"en-US","potentialAction":[{"@type":"ReadAction","target":["https:\/\/broz.sk\/en\/ochrana-druhov-rastlin-zivocichov\/"]}]},{"@type":"ImageObject","inLanguage":"en-US","@id":"https:\/\/broz.sk\/en\/ochrana-druhov-rastlin-zivocichov\/#primaryimage","url":"https:\/\/broz.sk\/wp-content\/uploads\/2020\/03\/rybarik_pictogram_200.gif","contentUrl":"https:\/\/broz.sk\/wp-content\/uploads\/2020\/03\/rybarik_pictogram_200.gif","width":1312,"height":1312},{"@type":"BreadcrumbList","@id":"https:\/\/broz.sk\/en\/ochrana-druhov-rastlin-zivocichov\/#breadcrumb","itemListElement":[{"@type":"ListItem","position":1,"name":"Domovsk\u00e1 str\u00e1nka","item":"https:\/\/broz.sk\/en\/"},{"@type":"ListItem","position":2,"name":"Protection of species of plants and animals"}]},{"@type":"WebSite","@id":"https:\/\/broz.sk\/#website","url":"https:\/\/broz.sk\/","name":"BROZ","description":"ochran\u00e1rske zdru\u017eenie","publisher":{"@id":"https:\/\/broz.sk\/#organization"},"potentialAction":[{"@type":"SearchAction","target":{"@type":"EntryPoint","urlTemplate":"https:\/\/broz.sk\/?s={search_term_string}"},"query-input":{"@type":"PropertyValueSpecification","valueRequired":true,"valueName":"search_term_string"}}],"inLanguage":"en-US"},{"@type":"Organization","@id":"https:\/\/broz.sk\/#organization","name":"BROZ - Bratislavsk\u00e9 region\u00e1lne ochran\u00e1rske zdru\u017eenie","url":"https:\/\/broz.sk\/","logo":{"@type":"ImageObject","inLanguage":"en-US","@id":"https:\/\/broz.sk\/#\/schema\/logo\/image\/","url":"https:\/\/broz.sk\/wp-content\/uploads\/2018\/03\/broz-logo-hires-color.png","contentUrl":"https:\/\/broz.sk\/wp-content\/uploads\/2018\/03\/broz-logo-hires-color.png","width":2585,"height":1618,"caption":"BROZ - Bratislavsk\u00e9 region\u00e1lne ochran\u00e1rske zdru\u017eenie"},"image":{"@id":"https:\/\/broz.sk\/#\/schema\/logo\/image\/"},"sameAs":["https:\/\/www.facebook.com\/broz.ba\/"]}]}},"_links":{"self":[{"href":"https:\/\/broz.sk\/en\/wp-json\/wp\/v2\/pages\/4319","targetHints":{"allow":["GET"]}}],"collection":[{"href":"https:\/\/broz.sk\/en\/wp-json\/wp\/v2\/pages"}],"about":[{"href":"https:\/\/broz.sk\/en\/wp-json\/wp\/v2\/types\/page"}],"author":[{"embeddable":true,"href":"https:\/\/broz.sk\/en\/wp-json\/wp\/v2\/users\/3"}],"replies":[{"embeddable":true,"href":"https:\/\/broz.sk\/en\/wp-json\/wp\/v2\/comments?post=4319"}],"version-history":[{"count":7,"href":"https:\/\/broz.sk\/en\/wp-json\/wp\/v2\/pages\/4319\/revisions"}],"predecessor-version":[{"id":29698,"href":"https:\/\/broz.sk\/en\/wp-json\/wp\/v2\/pages\/4319\/revisions\/29698"}],"wp:featuredmedia":[{"embeddable":true,"href":"https:\/\/broz.sk\/en\/wp-json\/wp\/v2\/media\/11117"}],"wp:attachment":[{"href":"https:\/\/broz.sk\/en\/wp-json\/wp\/v2\/media?parent=4319"}],"curies":[{"name":"wp","href":"https:\/\/api.w.org\/{rel}","templated":true}]}}