{"id":4300,"date":"2017-03-16T11:41:15","date_gmt":"2017-03-16T10:41:15","guid":{"rendered":"https:\/\/broz.tvojamama.sk?page_id=4300"},"modified":"2019-01-25T15:55:46","modified_gmt":"2019-01-25T14:55:46","slug":"praca-v-broz","status":"publish","type":"page","link":"https:\/\/broz.sk\/en\/organisation\/praca-v-broz\/","title":{"rendered":"Work for BROZ"},"content":{"rendered":"<div class=\"wpb-content-wrapper\">[vc_row][vc_column width=&#8221;7\/12&#8243;][vc_column_text]\r\n<h3><\/h3>\r\n<a href=\"https:\/\/broz.sk\/organisation\/contact-details\/?lang=en\">Contact us for more information<\/a>[\/vc_column_text][\/vc_column][vc_column width=&#8221;5\/12&#8243; css=&#8221;.vc_custom_1493271513881{padding: 50px !important;background-color: #eeeeee !important;}&#8221;][vc_column_text]\r\n<h3>Who are we?<\/h3>\r\nOur activities focus on\u00a0practical nature conservation\u00a0and\u00a0sustainable development\u00a0in the region of South-Western Slovakia.\r\n\r\nWe are one of the most successful NGOs in Slovakia with specialists from a number of different fields. We primarily focus on nature restoration and conservation in western Slovakia. We work on a number of short and long term projects.\r\n\r\nMore informally, we are a young and passionate team of environmentalists and activists who try to solve environmental problems that we come across and that concern us.\r\n\r\n[\/vc_column_text]<a href=\"http:\/\/broz.sk\/?page_id=2\" class=\"btn-shortcode dt-btn-m btn-link accent-btn-color accent-btn-hover-color default-btn-bg-color default-btn-bg-hover-color\" id=\"dt-btn-1\"><i class=\"fa fa-arrow-right\"><\/i><span>More about BROZ<\/span><\/a>[vc_empty_space height=&#8221;3&#8243;]<a href=\"http:\/\/broz.sk\/?post_type=broz_project\" class=\"btn-shortcode dt-btn-m btn-link accent-btn-color accent-btn-hover-color default-btn-bg-color default-btn-bg-hover-color\" id=\"dt-btn-2\"><i class=\"fa fa-arrow-right\"><\/i><span>Current projects<\/span><\/a>[\/vc_column][\/vc_row]<\/div>","protected":false},"excerpt":{"rendered":"<p>[vc_row][vc_column width=&#8221;7\/12&#8243;][vc_column_text] Contact us for more information[\/vc_column_text][\/vc_column][vc_column width=&#8221;5\/12&#8243; css=&#8221;.vc_custom_1493271513881{padding: 50px !important;background-color: #eeeeee !important;}&#8221;][vc_column_text] Who are we? Our activities focus on\u00a0practical nature conservation\u00a0and\u00a0sustainable development\u00a0in the region of South-Western Slovakia. We are one of the most successful NGOs in Slovakia with specialists from a number of different fields. We primarily focus on nature restoration and conservation in&hellip;<\/p>\n","protected":false},"author":2,"featured_media":0,"parent":3080,"menu_order":148,"comment_status":"closed","ping_status":"closed","template":"","meta":{"_acf_changed":false,"pmpro_default_level":"","footnotes":""},"class_list":["post-4300","page","type-page","status-publish","hentry","pmpro-has-access","description-off"],"acf":[],"yoast_head":"<!-- This site is optimized with the Yoast SEO Premium plugin v21.4 (Yoast SEO v27.4) - https:\/\/yoast.com\/product\/yoast-seo-premium-wordpress\/ -->\n<title>Work for BROZ - BROZ<\/title>\n<meta name=\"robots\" content=\"index, follow, max-snippet:-1, max-image-preview:large, max-video-preview:-1\" \/>\n<link rel=\"canonical\" href=\"https:\/\/broz.sk\/en\/organisation\/praca-v-broz\/\" \/>\n<meta property=\"og:locale\" content=\"en_US\" \/>\n<meta property=\"og:type\" content=\"article\" \/>\n<meta property=\"og:title\" content=\"Work for BROZ\" \/>\n<meta property=\"og:description\" content=\"[vc_row][vc_column width=&#8221;7\/12&#8243;][vc_column_text] Contact us for more information[\/vc_column_text][\/vc_column][vc_column width=&#8221;5\/12&#8243; css=&#8221;.vc_custom_1493271513881{padding: 50px !important;background-color: #eeeeee !important;}&#8221;][vc_column_text] Who are we? Our activities focus on\u00a0practical nature conservation\u00a0and\u00a0sustainable development\u00a0in the region of South-Western Slovakia. We are one of the most successful NGOs in Slovakia with specialists from a number of different fields. We primarily focus on nature restoration and conservation in&hellip;\" \/>\n<meta property=\"og:url\" content=\"https:\/\/broz.sk\/en\/organisation\/praca-v-broz\/\" \/>\n<meta property=\"og:site_name\" content=\"BROZ\" \/>\n<meta property=\"article:publisher\" content=\"https:\/\/www.facebook.com\/broz.ba\/\" \/>\n<meta property=\"article:modified_time\" content=\"2019-01-25T14:55:46+00:00\" \/>\n<meta property=\"og:image\" content=\"https:\/\/broz.sk\/wp-content\/uploads\/2018\/03\/broz-logo-color.png\" \/>\n\t<meta property=\"og:image:width\" content=\"192\" \/>\n\t<meta property=\"og:image:height\" content=\"120\" \/>\n\t<meta property=\"og:image:type\" content=\"image\/png\" \/>\n<meta name=\"twitter:card\" content=\"summary_large_image\" \/>\n<meta name=\"twitter:label1\" content=\"Est. reading time\" \/>\n\t<meta name=\"twitter:data1\" content=\"1 minute\" \/>\n<script type=\"application\/ld+json\" class=\"yoast-schema-graph\">{\"@context\":\"https:\\\/\\\/schema.org\",\"@graph\":[{\"@type\":\"WebPage\",\"@id\":\"https:\\\/\\\/broz.sk\\\/en\\\/organisation\\\/praca-v-broz\\\/\",\"url\":\"https:\\\/\\\/broz.sk\\\/en\\\/organisation\\\/praca-v-broz\\\/\",\"name\":\"Work for BROZ - BROZ\",\"isPartOf\":{\"@id\":\"https:\\\/\\\/broz.sk\\\/#website\"},\"datePublished\":\"2017-03-16T10:41:15+00:00\",\"dateModified\":\"2019-01-25T14:55:46+00:00\",\"breadcrumb\":{\"@id\":\"https:\\\/\\\/broz.sk\\\/en\\\/organisation\\\/praca-v-broz\\\/#breadcrumb\"},\"inLanguage\":\"en-US\",\"potentialAction\":[{\"@type\":\"ReadAction\",\"target\":[\"https:\\\/\\\/broz.sk\\\/en\\\/organisation\\\/praca-v-broz\\\/\"]}]},{\"@type\":\"BreadcrumbList\",\"@id\":\"https:\\\/\\\/broz.sk\\\/en\\\/organisation\\\/praca-v-broz\\\/#breadcrumb\",\"itemListElement\":[{\"@type\":\"ListItem\",\"position\":1,\"name\":\"Domovsk\u00e1 str\u00e1nka\",\"item\":\"https:\\\/\\\/broz.sk\\\/en\\\/\"},{\"@type\":\"ListItem\",\"position\":2,\"name\":\"About us\",\"item\":\"https:\\\/\\\/broz.sk\\\/en\\\/organisation\\\/\"},{\"@type\":\"ListItem\",\"position\":3,\"name\":\"Work for BROZ\"}]},{\"@type\":\"WebSite\",\"@id\":\"https:\\\/\\\/broz.sk\\\/#website\",\"url\":\"https:\\\/\\\/broz.sk\\\/\",\"name\":\"BROZ\",\"description\":\"ochran\u00e1rske zdru\u017eenie\",\"publisher\":{\"@id\":\"https:\\\/\\\/broz.sk\\\/#organization\"},\"potentialAction\":[{\"@type\":\"SearchAction\",\"target\":{\"@type\":\"EntryPoint\",\"urlTemplate\":\"https:\\\/\\\/broz.sk\\\/?s={search_term_string}\"},\"query-input\":{\"@type\":\"PropertyValueSpecification\",\"valueRequired\":true,\"valueName\":\"search_term_string\"}}],\"inLanguage\":\"en-US\"},{\"@type\":\"Organization\",\"@id\":\"https:\\\/\\\/broz.sk\\\/#organization\",\"name\":\"BROZ - Bratislavsk\u00e9 region\u00e1lne ochran\u00e1rske zdru\u017eenie\",\"url\":\"https:\\\/\\\/broz.sk\\\/\",\"logo\":{\"@type\":\"ImageObject\",\"inLanguage\":\"en-US\",\"@id\":\"https:\\\/\\\/broz.sk\\\/#\\\/schema\\\/logo\\\/image\\\/\",\"url\":\"https:\\\/\\\/broz.sk\\\/wp-content\\\/uploads\\\/2018\\\/03\\\/broz-logo-hires-color.png\",\"contentUrl\":\"https:\\\/\\\/broz.sk\\\/wp-content\\\/uploads\\\/2018\\\/03\\\/broz-logo-hires-color.png\",\"width\":2585,\"height\":1618,\"caption\":\"BROZ - Bratislavsk\u00e9 region\u00e1lne ochran\u00e1rske zdru\u017eenie\"},\"image\":{\"@id\":\"https:\\\/\\\/broz.sk\\\/#\\\/schema\\\/logo\\\/image\\\/\"},\"sameAs\":[\"https:\\\/\\\/www.facebook.com\\\/broz.ba\\\/\"]}]}<\/script>\n<!-- \/ Yoast SEO Premium plugin. -->","yoast_head_json":{"title":"Work for BROZ - BROZ","robots":{"index":"index","follow":"follow","max-snippet":"max-snippet:-1","max-image-preview":"max-image-preview:large","max-video-preview":"max-video-preview:-1"},"canonical":"https:\/\/broz.sk\/en\/organisation\/praca-v-broz\/","og_locale":"en_US","og_type":"article","og_title":"Work for BROZ","og_description":"[vc_row][vc_column width=&#8221;7\/12&#8243;][vc_column_text] Contact us for more information[\/vc_column_text][\/vc_column][vc_column width=&#8221;5\/12&#8243; css=&#8221;.vc_custom_1493271513881{padding: 50px !important;background-color: #eeeeee !important;}&#8221;][vc_column_text] Who are we? Our activities focus on\u00a0practical nature conservation\u00a0and\u00a0sustainable development\u00a0in the region of South-Western Slovakia. We are one of the most successful NGOs in Slovakia with specialists from a number of different fields. We primarily focus on nature restoration and conservation in&hellip;","og_url":"https:\/\/broz.sk\/en\/organisation\/praca-v-broz\/","og_site_name":"BROZ","article_publisher":"https:\/\/www.facebook.com\/broz.ba\/","article_modified_time":"2019-01-25T14:55:46+00:00","og_image":[{"width":192,"height":120,"url":"https:\/\/broz.sk\/wp-content\/uploads\/2018\/03\/broz-logo-color.png","type":"image\/png"}],"twitter_card":"summary_large_image","twitter_misc":{"Est. reading time":"1 minute"},"schema":{"@context":"https:\/\/schema.org","@graph":[{"@type":"WebPage","@id":"https:\/\/broz.sk\/en\/organisation\/praca-v-broz\/","url":"https:\/\/broz.sk\/en\/organisation\/praca-v-broz\/","name":"Work for BROZ - BROZ","isPartOf":{"@id":"https:\/\/broz.sk\/#website"},"datePublished":"2017-03-16T10:41:15+00:00","dateModified":"2019-01-25T14:55:46+00:00","breadcrumb":{"@id":"https:\/\/broz.sk\/en\/organisation\/praca-v-broz\/#breadcrumb"},"inLanguage":"en-US","potentialAction":[{"@type":"ReadAction","target":["https:\/\/broz.sk\/en\/organisation\/praca-v-broz\/"]}]},{"@type":"BreadcrumbList","@id":"https:\/\/broz.sk\/en\/organisation\/praca-v-broz\/#breadcrumb","itemListElement":[{"@type":"ListItem","position":1,"name":"Domovsk\u00e1 str\u00e1nka","item":"https:\/\/broz.sk\/en\/"},{"@type":"ListItem","position":2,"name":"About us","item":"https:\/\/broz.sk\/en\/organisation\/"},{"@type":"ListItem","position":3,"name":"Work for BROZ"}]},{"@type":"WebSite","@id":"https:\/\/broz.sk\/#website","url":"https:\/\/broz.sk\/","name":"BROZ","description":"ochran\u00e1rske zdru\u017eenie","publisher":{"@id":"https:\/\/broz.sk\/#organization"},"potentialAction":[{"@type":"SearchAction","target":{"@type":"EntryPoint","urlTemplate":"https:\/\/broz.sk\/?s={search_term_string}"},"query-input":{"@type":"PropertyValueSpecification","valueRequired":true,"valueName":"search_term_string"}}],"inLanguage":"en-US"},{"@type":"Organization","@id":"https:\/\/broz.sk\/#organization","name":"BROZ - Bratislavsk\u00e9 region\u00e1lne ochran\u00e1rske zdru\u017eenie","url":"https:\/\/broz.sk\/","logo":{"@type":"ImageObject","inLanguage":"en-US","@id":"https:\/\/broz.sk\/#\/schema\/logo\/image\/","url":"https:\/\/broz.sk\/wp-content\/uploads\/2018\/03\/broz-logo-hires-color.png","contentUrl":"https:\/\/broz.sk\/wp-content\/uploads\/2018\/03\/broz-logo-hires-color.png","width":2585,"height":1618,"caption":"BROZ - Bratislavsk\u00e9 region\u00e1lne ochran\u00e1rske zdru\u017eenie"},"image":{"@id":"https:\/\/broz.sk\/#\/schema\/logo\/image\/"},"sameAs":["https:\/\/www.facebook.com\/broz.ba\/"]}]}},"_links":{"self":[{"href":"https:\/\/broz.sk\/en\/wp-json\/wp\/v2\/pages\/4300","targetHints":{"allow":["GET"]}}],"collection":[{"href":"https:\/\/broz.sk\/en\/wp-json\/wp\/v2\/pages"}],"about":[{"href":"https:\/\/broz.sk\/en\/wp-json\/wp\/v2\/types\/page"}],"author":[{"embeddable":true,"href":"https:\/\/broz.sk\/en\/wp-json\/wp\/v2\/users\/2"}],"replies":[{"embeddable":true,"href":"https:\/\/broz.sk\/en\/wp-json\/wp\/v2\/comments?post=4300"}],"version-history":[{"count":6,"href":"https:\/\/broz.sk\/en\/wp-json\/wp\/v2\/pages\/4300\/revisions"}],"predecessor-version":[{"id":6814,"href":"https:\/\/broz.sk\/en\/wp-json\/wp\/v2\/pages\/4300\/revisions\/6814"}],"up":[{"embeddable":true,"href":"https:\/\/broz.sk\/en\/wp-json\/wp\/v2\/pages\/3080"}],"wp:attachment":[{"href":"https:\/\/broz.sk\/en\/wp-json\/wp\/v2\/media?parent=4300"}],"curies":[{"name":"wp","href":"https:\/\/api.w.org\/{rel}","templated":true}]}}