{"id":4297,"date":"2017-01-11T12:24:12","date_gmt":"2017-01-11T11:24:12","guid":{"rendered":"https:\/\/broz.tvojamama.sk?page_id=4297"},"modified":"2024-02-01T15:33:17","modified_gmt":"2024-02-01T14:33:17","slug":"ludia","status":"publish","type":"page","link":"https:\/\/broz.sk\/en\/organisation\/ludia\/","title":{"rendered":"Personnel BROZ"},"content":{"rendered":"<div class=\"wpb-content-wrapper\">[vc_row][vc_column width=&#8221;1\/3&#8243;][vc_empty_space][vc_column_text]\r\n<h3><img fetchpriority=\"high\" decoding=\"async\" class=\"alignnone size-medium wp-image-16628\" src=\"https:\/\/broz.sk\/wp-content\/uploads\/2021\/09\/TK-vyrez-300x300.jpg\" alt=\"\" width=\"300\" height=\"300\" srcset=\"https:\/\/broz.sk\/wp-content\/uploads\/2021\/09\/TK-vyrez-300x300.jpg 300w, https:\/\/broz.sk\/wp-content\/uploads\/2021\/09\/TK-vyrez-1024x1024.jpg 1024w, https:\/\/broz.sk\/wp-content\/uploads\/2021\/09\/TK-vyrez-200x200.jpg 200w, https:\/\/broz.sk\/wp-content\/uploads\/2021\/09\/TK-vyrez-768x768.jpg 768w, https:\/\/broz.sk\/wp-content\/uploads\/2021\/09\/TK-vyrez-24x24.jpg 24w, https:\/\/broz.sk\/wp-content\/uploads\/2021\/09\/TK-vyrez-36x36.jpg 36w, https:\/\/broz.sk\/wp-content\/uploads\/2021\/09\/TK-vyrez-48x48.jpg 48w, https:\/\/broz.sk\/wp-content\/uploads\/2021\/09\/TK-vyrez.jpg 1297w\" sizes=\"(max-width: 300px) 100vw, 300px\" \/>\r\nRNDr. Tom\u00e1\u0161 Ku\u0161\u00edk, PhD.<\/h3>\r\n<em><strong>Chairman<\/strong><\/em>\r\n\r\n<strong>Contact:<\/strong>\u00a0kusik(at)broz.sk\r\n<h2 style=\"text-align: center;\"><\/h2>\r\n[\/vc_column_text][\/vc_column][vc_column width=&#8221;1\/3&#8243;][vc_empty_space][vc_column_text]\r\n<h3><img decoding=\"async\" class=\"alignnone size-medium wp-image-16624\" src=\"https:\/\/broz.sk\/wp-content\/uploads\/2021\/09\/IMG_8039-300x300.jpg\" alt=\"\" width=\"300\" height=\"300\" srcset=\"https:\/\/broz.sk\/wp-content\/uploads\/2021\/09\/IMG_8039-300x300.jpg 300w, https:\/\/broz.sk\/wp-content\/uploads\/2021\/09\/IMG_8039-1024x1024.jpg 1024w, https:\/\/broz.sk\/wp-content\/uploads\/2021\/09\/IMG_8039-200x200.jpg 200w, https:\/\/broz.sk\/wp-content\/uploads\/2021\/09\/IMG_8039-768x768.jpg 768w, https:\/\/broz.sk\/wp-content\/uploads\/2021\/09\/IMG_8039-1536x1536.jpg 1536w, https:\/\/broz.sk\/wp-content\/uploads\/2021\/09\/IMG_8039-2048x2048.jpg 2048w, https:\/\/broz.sk\/wp-content\/uploads\/2021\/09\/IMG_8039-24x24.jpg 24w, https:\/\/broz.sk\/wp-content\/uploads\/2021\/09\/IMG_8039-36x36.jpg 36w, https:\/\/broz.sk\/wp-content\/uploads\/2021\/09\/IMG_8039-48x48.jpg 48w\" sizes=\"(max-width: 300px) 100vw, 300px\" \/>\r\nMgr. Pavol Littera, PhD.<\/h3>\r\n<em><strong>Vice-chairman<\/strong><\/em>\r\n\r\n<strong>Contact:\u00a0<\/strong>littera(at)broz.sk\r\n\r\n&nbsp;\r\n<h2 style=\"text-align: center;\"><\/h2>\r\n[\/vc_column_text][\/vc_column][vc_column width=&#8221;1\/3&#8243;][vc_empty_space][vc_column_text]\r\n<h3><img decoding=\"async\" class=\"alignnone wp-image-16621 size-medium\" src=\"https:\/\/broz.sk\/wp-content\/uploads\/2021\/09\/83441222_10157722891018449_3116481725140566016_n-300x300.jpg\" alt=\"Miriam Mil\u00e1\u010dkov\u00e1\" width=\"300\" height=\"300\" srcset=\"https:\/\/broz.sk\/wp-content\/uploads\/2021\/09\/83441222_10157722891018449_3116481725140566016_n-300x300.jpg 300w, https:\/\/broz.sk\/wp-content\/uploads\/2021\/09\/83441222_10157722891018449_3116481725140566016_n-1024x1024.jpg 1024w, https:\/\/broz.sk\/wp-content\/uploads\/2021\/09\/83441222_10157722891018449_3116481725140566016_n-200x200.jpg 200w, https:\/\/broz.sk\/wp-content\/uploads\/2021\/09\/83441222_10157722891018449_3116481725140566016_n-768x768.jpg 768w, https:\/\/broz.sk\/wp-content\/uploads\/2021\/09\/83441222_10157722891018449_3116481725140566016_n-24x24.jpg 24w, https:\/\/broz.sk\/wp-content\/uploads\/2021\/09\/83441222_10157722891018449_3116481725140566016_n-36x36.jpg 36w, https:\/\/broz.sk\/wp-content\/uploads\/2021\/09\/83441222_10157722891018449_3116481725140566016_n-48x48.jpg 48w, https:\/\/broz.sk\/wp-content\/uploads\/2021\/09\/83441222_10157722891018449_3116481725140566016_n.jpg 1536w\" sizes=\"(max-width: 300px) 100vw, 300px\" \/><\/h3>\r\n<h3>Mgr. Miriam Mil\u00e1\u010dkov\u00e1, PhD.<\/h3>\r\n<em><strong>Executive director<\/strong><\/em>\r\n\r\n<strong>Contact:\u00a0<\/strong>milackova(at)broz.sk\r\n\r\n&nbsp;\r\n<h2 style=\"text-align: center;\"><\/h2>\r\n[\/vc_column_text][\/vc_column][vc_column][\/vc_column][\/vc_row]<\/div>","protected":false},"excerpt":{"rendered":"<p>[vc_row][vc_column width=&#8221;1\/3&#8243;][vc_empty_space][vc_column_text] RNDr. Tom\u00e1\u0161 Ku\u0161\u00edk, PhD. Chairman Contact:\u00a0kusik(at)broz.sk [\/vc_column_text][\/vc_column][vc_column width=&#8221;1\/3&#8243;][vc_empty_space][vc_column_text] Mgr. Pavol Littera, PhD. Vice-chairman Contact:\u00a0littera(at)broz.sk &nbsp; [\/vc_column_text][\/vc_column][vc_column width=&#8221;1\/3&#8243;][vc_empty_space][vc_column_text] Mgr. Miriam Mil\u00e1\u010dkov\u00e1, PhD. Executive director Contact:\u00a0milackova(at)broz.sk &nbsp; [\/vc_column_text][\/vc_column][vc_column][\/vc_column][\/vc_row]<\/p>\n","protected":false},"author":2,"featured_media":0,"parent":3080,"menu_order":164,"comment_status":"closed","ping_status":"closed","template":"","meta":{"_acf_changed":false,"pmpro_default_level":"","footnotes":""},"class_list":["post-4297","page","type-page","status-publish","hentry","pmpro-has-access","description-off"],"acf":[],"yoast_head":"<!-- This site is optimized with the Yoast SEO Premium plugin v21.4 (Yoast SEO v27.4) - https:\/\/yoast.com\/product\/yoast-seo-premium-wordpress\/ -->\n<title>Personnel BROZ - BROZ<\/title>\n<meta name=\"robots\" content=\"index, follow, max-snippet:-1, max-image-preview:large, max-video-preview:-1\" \/>\n<link rel=\"canonical\" href=\"https:\/\/broz.sk\/en\/organisation\/ludia\/\" \/>\n<meta property=\"og:locale\" content=\"en_US\" \/>\n<meta property=\"og:type\" content=\"article\" \/>\n<meta property=\"og:title\" content=\"Personnel BROZ\" \/>\n<meta property=\"og:description\" content=\"[vc_row][vc_column width=&#8221;1\/3&#8243;][vc_empty_space][vc_column_text] RNDr. Tom\u00e1\u0161 Ku\u0161\u00edk, PhD. Chairman Contact:\u00a0kusik(at)broz.sk [\/vc_column_text][\/vc_column][vc_column width=&#8221;1\/3&#8243;][vc_empty_space][vc_column_text] Mgr. Pavol Littera, PhD. Vice-chairman Contact:\u00a0littera(at)broz.sk &nbsp; [\/vc_column_text][\/vc_column][vc_column width=&#8221;1\/3&#8243;][vc_empty_space][vc_column_text] Mgr. Miriam Mil\u00e1\u010dkov\u00e1, PhD. Executive director Contact:\u00a0milackova(at)broz.sk &nbsp; [\/vc_column_text][\/vc_column][vc_column][\/vc_column][\/vc_row]\" \/>\n<meta property=\"og:url\" content=\"https:\/\/broz.sk\/en\/organisation\/ludia\/\" \/>\n<meta property=\"og:site_name\" content=\"BROZ\" \/>\n<meta property=\"article:publisher\" content=\"https:\/\/www.facebook.com\/broz.ba\/\" \/>\n<meta property=\"article:modified_time\" content=\"2024-02-01T14:33:17+00:00\" \/>\n<meta property=\"og:image\" content=\"https:\/\/broz.sk\/wp-content\/uploads\/2021\/09\/TK-vyrez-300x300.jpg\" \/>\n<meta name=\"twitter:card\" content=\"summary_large_image\" \/>\n<meta name=\"twitter:label1\" content=\"Est. reading time\" \/>\n\t<meta name=\"twitter:data1\" content=\"1 minute\" \/>\n<script type=\"application\/ld+json\" class=\"yoast-schema-graph\">{\"@context\":\"https:\\\/\\\/schema.org\",\"@graph\":[{\"@type\":\"WebPage\",\"@id\":\"https:\\\/\\\/broz.sk\\\/en\\\/organisation\\\/ludia\\\/\",\"url\":\"https:\\\/\\\/broz.sk\\\/en\\\/organisation\\\/ludia\\\/\",\"name\":\"Personnel BROZ - BROZ\",\"isPartOf\":{\"@id\":\"https:\\\/\\\/broz.sk\\\/#website\"},\"primaryImageOfPage\":{\"@id\":\"https:\\\/\\\/broz.sk\\\/en\\\/organisation\\\/ludia\\\/#primaryimage\"},\"image\":{\"@id\":\"https:\\\/\\\/broz.sk\\\/en\\\/organisation\\\/ludia\\\/#primaryimage\"},\"thumbnailUrl\":\"https:\\\/\\\/broz.sk\\\/wp-content\\\/uploads\\\/2021\\\/09\\\/TK-vyrez-300x300.jpg\",\"datePublished\":\"2017-01-11T11:24:12+00:00\",\"dateModified\":\"2024-02-01T14:33:17+00:00\",\"breadcrumb\":{\"@id\":\"https:\\\/\\\/broz.sk\\\/en\\\/organisation\\\/ludia\\\/#breadcrumb\"},\"inLanguage\":\"en-US\",\"potentialAction\":[{\"@type\":\"ReadAction\",\"target\":[\"https:\\\/\\\/broz.sk\\\/en\\\/organisation\\\/ludia\\\/\"]}]},{\"@type\":\"ImageObject\",\"inLanguage\":\"en-US\",\"@id\":\"https:\\\/\\\/broz.sk\\\/en\\\/organisation\\\/ludia\\\/#primaryimage\",\"url\":\"https:\\\/\\\/broz.sk\\\/wp-content\\\/uploads\\\/2021\\\/09\\\/TK-vyrez-300x300.jpg\",\"contentUrl\":\"https:\\\/\\\/broz.sk\\\/wp-content\\\/uploads\\\/2021\\\/09\\\/TK-vyrez-300x300.jpg\"},{\"@type\":\"BreadcrumbList\",\"@id\":\"https:\\\/\\\/broz.sk\\\/en\\\/organisation\\\/ludia\\\/#breadcrumb\",\"itemListElement\":[{\"@type\":\"ListItem\",\"position\":1,\"name\":\"Domovsk\u00e1 str\u00e1nka\",\"item\":\"https:\\\/\\\/broz.sk\\\/en\\\/\"},{\"@type\":\"ListItem\",\"position\":2,\"name\":\"About us\",\"item\":\"https:\\\/\\\/broz.sk\\\/en\\\/organisation\\\/\"},{\"@type\":\"ListItem\",\"position\":3,\"name\":\"Personnel BROZ\"}]},{\"@type\":\"WebSite\",\"@id\":\"https:\\\/\\\/broz.sk\\\/#website\",\"url\":\"https:\\\/\\\/broz.sk\\\/\",\"name\":\"BROZ\",\"description\":\"ochran\u00e1rske zdru\u017eenie\",\"publisher\":{\"@id\":\"https:\\\/\\\/broz.sk\\\/#organization\"},\"potentialAction\":[{\"@type\":\"SearchAction\",\"target\":{\"@type\":\"EntryPoint\",\"urlTemplate\":\"https:\\\/\\\/broz.sk\\\/?s={search_term_string}\"},\"query-input\":{\"@type\":\"PropertyValueSpecification\",\"valueRequired\":true,\"valueName\":\"search_term_string\"}}],\"inLanguage\":\"en-US\"},{\"@type\":\"Organization\",\"@id\":\"https:\\\/\\\/broz.sk\\\/#organization\",\"name\":\"BROZ - Bratislavsk\u00e9 region\u00e1lne ochran\u00e1rske zdru\u017eenie\",\"url\":\"https:\\\/\\\/broz.sk\\\/\",\"logo\":{\"@type\":\"ImageObject\",\"inLanguage\":\"en-US\",\"@id\":\"https:\\\/\\\/broz.sk\\\/#\\\/schema\\\/logo\\\/image\\\/\",\"url\":\"https:\\\/\\\/broz.sk\\\/wp-content\\\/uploads\\\/2018\\\/03\\\/broz-logo-hires-color.png\",\"contentUrl\":\"https:\\\/\\\/broz.sk\\\/wp-content\\\/uploads\\\/2018\\\/03\\\/broz-logo-hires-color.png\",\"width\":2585,\"height\":1618,\"caption\":\"BROZ - Bratislavsk\u00e9 region\u00e1lne ochran\u00e1rske zdru\u017eenie\"},\"image\":{\"@id\":\"https:\\\/\\\/broz.sk\\\/#\\\/schema\\\/logo\\\/image\\\/\"},\"sameAs\":[\"https:\\\/\\\/www.facebook.com\\\/broz.ba\\\/\"]}]}<\/script>\n<!-- \/ Yoast SEO Premium plugin. -->","yoast_head_json":{"title":"Personnel BROZ - BROZ","robots":{"index":"index","follow":"follow","max-snippet":"max-snippet:-1","max-image-preview":"max-image-preview:large","max-video-preview":"max-video-preview:-1"},"canonical":"https:\/\/broz.sk\/en\/organisation\/ludia\/","og_locale":"en_US","og_type":"article","og_title":"Personnel BROZ","og_description":"[vc_row][vc_column width=&#8221;1\/3&#8243;][vc_empty_space][vc_column_text] RNDr. Tom\u00e1\u0161 Ku\u0161\u00edk, PhD. Chairman Contact:\u00a0kusik(at)broz.sk [\/vc_column_text][\/vc_column][vc_column width=&#8221;1\/3&#8243;][vc_empty_space][vc_column_text] Mgr. Pavol Littera, PhD. Vice-chairman Contact:\u00a0littera(at)broz.sk &nbsp; [\/vc_column_text][\/vc_column][vc_column width=&#8221;1\/3&#8243;][vc_empty_space][vc_column_text] Mgr. Miriam Mil\u00e1\u010dkov\u00e1, PhD. Executive director Contact:\u00a0milackova(at)broz.sk &nbsp; [\/vc_column_text][\/vc_column][vc_column][\/vc_column][\/vc_row]","og_url":"https:\/\/broz.sk\/en\/organisation\/ludia\/","og_site_name":"BROZ","article_publisher":"https:\/\/www.facebook.com\/broz.ba\/","article_modified_time":"2024-02-01T14:33:17+00:00","og_image":[{"url":"https:\/\/broz.sk\/wp-content\/uploads\/2021\/09\/TK-vyrez-300x300.jpg","type":"","width":"","height":""}],"twitter_card":"summary_large_image","twitter_misc":{"Est. reading time":"1 minute"},"schema":{"@context":"https:\/\/schema.org","@graph":[{"@type":"WebPage","@id":"https:\/\/broz.sk\/en\/organisation\/ludia\/","url":"https:\/\/broz.sk\/en\/organisation\/ludia\/","name":"Personnel BROZ - BROZ","isPartOf":{"@id":"https:\/\/broz.sk\/#website"},"primaryImageOfPage":{"@id":"https:\/\/broz.sk\/en\/organisation\/ludia\/#primaryimage"},"image":{"@id":"https:\/\/broz.sk\/en\/organisation\/ludia\/#primaryimage"},"thumbnailUrl":"https:\/\/broz.sk\/wp-content\/uploads\/2021\/09\/TK-vyrez-300x300.jpg","datePublished":"2017-01-11T11:24:12+00:00","dateModified":"2024-02-01T14:33:17+00:00","breadcrumb":{"@id":"https:\/\/broz.sk\/en\/organisation\/ludia\/#breadcrumb"},"inLanguage":"en-US","potentialAction":[{"@type":"ReadAction","target":["https:\/\/broz.sk\/en\/organisation\/ludia\/"]}]},{"@type":"ImageObject","inLanguage":"en-US","@id":"https:\/\/broz.sk\/en\/organisation\/ludia\/#primaryimage","url":"https:\/\/broz.sk\/wp-content\/uploads\/2021\/09\/TK-vyrez-300x300.jpg","contentUrl":"https:\/\/broz.sk\/wp-content\/uploads\/2021\/09\/TK-vyrez-300x300.jpg"},{"@type":"BreadcrumbList","@id":"https:\/\/broz.sk\/en\/organisation\/ludia\/#breadcrumb","itemListElement":[{"@type":"ListItem","position":1,"name":"Domovsk\u00e1 str\u00e1nka","item":"https:\/\/broz.sk\/en\/"},{"@type":"ListItem","position":2,"name":"About us","item":"https:\/\/broz.sk\/en\/organisation\/"},{"@type":"ListItem","position":3,"name":"Personnel BROZ"}]},{"@type":"WebSite","@id":"https:\/\/broz.sk\/#website","url":"https:\/\/broz.sk\/","name":"BROZ","description":"ochran\u00e1rske zdru\u017eenie","publisher":{"@id":"https:\/\/broz.sk\/#organization"},"potentialAction":[{"@type":"SearchAction","target":{"@type":"EntryPoint","urlTemplate":"https:\/\/broz.sk\/?s={search_term_string}"},"query-input":{"@type":"PropertyValueSpecification","valueRequired":true,"valueName":"search_term_string"}}],"inLanguage":"en-US"},{"@type":"Organization","@id":"https:\/\/broz.sk\/#organization","name":"BROZ - Bratislavsk\u00e9 region\u00e1lne ochran\u00e1rske zdru\u017eenie","url":"https:\/\/broz.sk\/","logo":{"@type":"ImageObject","inLanguage":"en-US","@id":"https:\/\/broz.sk\/#\/schema\/logo\/image\/","url":"https:\/\/broz.sk\/wp-content\/uploads\/2018\/03\/broz-logo-hires-color.png","contentUrl":"https:\/\/broz.sk\/wp-content\/uploads\/2018\/03\/broz-logo-hires-color.png","width":2585,"height":1618,"caption":"BROZ - Bratislavsk\u00e9 region\u00e1lne ochran\u00e1rske zdru\u017eenie"},"image":{"@id":"https:\/\/broz.sk\/#\/schema\/logo\/image\/"},"sameAs":["https:\/\/www.facebook.com\/broz.ba\/"]}]}},"_links":{"self":[{"href":"https:\/\/broz.sk\/en\/wp-json\/wp\/v2\/pages\/4297","targetHints":{"allow":["GET"]}}],"collection":[{"href":"https:\/\/broz.sk\/en\/wp-json\/wp\/v2\/pages"}],"about":[{"href":"https:\/\/broz.sk\/en\/wp-json\/wp\/v2\/types\/page"}],"author":[{"embeddable":true,"href":"https:\/\/broz.sk\/en\/wp-json\/wp\/v2\/users\/2"}],"replies":[{"embeddable":true,"href":"https:\/\/broz.sk\/en\/wp-json\/wp\/v2\/comments?post=4297"}],"version-history":[{"count":6,"href":"https:\/\/broz.sk\/en\/wp-json\/wp\/v2\/pages\/4297\/revisions"}],"predecessor-version":[{"id":32044,"href":"https:\/\/broz.sk\/en\/wp-json\/wp\/v2\/pages\/4297\/revisions\/32044"}],"up":[{"embeddable":true,"href":"https:\/\/broz.sk\/en\/wp-json\/wp\/v2\/pages\/3080"}],"wp:attachment":[{"href":"https:\/\/broz.sk\/en\/wp-json\/wp\/v2\/media?parent=4297"}],"curies":[{"name":"wp","href":"https:\/\/api.w.org\/{rel}","templated":true}]}}