{"id":38743,"date":"2025-05-28T15:14:10","date_gmt":"2025-05-28T13:14:10","guid":{"rendered":"https:\/\/broz.sk\/kecovske-skrapy\/"},"modified":"2025-05-28T15:14:12","modified_gmt":"2025-05-28T13:14:12","slug":"kecovske-skrapy","status":"publish","type":"page","link":"https:\/\/broz.sk\/en\/kecovske-skrapy\/","title":{"rendered":"Ke\u010dovsk\u00e9 \u0161krapy"},"content":{"rendered":"<div class=\"wpb-content-wrapper\">[vc_row][vc_column][vc_column_text css=&#8221;&#8221;]The SCI Ke\u010dovsk\u00e9 \u0161krapy was designated to ensure and improve the favorable conservation status of habitats of Community importance, primarily steppes consisting of dry and thermophilic pastures. Additionally, the area features lowland and submontane hay meadows, calcareous rocky slopes, inaccessible caves, common juniper formations, thermophilic subcontinental peri-Pannonic scrubs, and thermophilic Pannonian woods with downy oak (<em>Quercus pubescens<\/em>).[\/vc_column_text][vc_column_text css=&#8221;&#8221;]Among the species subject to protection, the area hosts the rare plant the greater pasque flower. In terms of invertebrates, notable species include the Eurasian toothed grasshopper, the Jersey Tiger (<em>Callimorpha quadripunctaria),<\/em> and the Pannonian spring snail. Protected vertebrates include the European ground squirrel (<em>Spermophilus citellus<\/em>), several species of protected bats, the grey wolf (<em>Canis lupus<\/em>), and the Eurasian lynx (<em>Lynx lynx<\/em>).[\/vc_column_text][vc_row_inner][vc_column_inner width=&#8221;1\/3&#8243;][vc_single_image image=&#8221;38652&#8243; img_size=&#8221;full&#8221; onclick=&#8221;link_image&#8221; css=&#8221;&#8221;][vc_column_text css=&#8221;&#8221;]greater pasque flower (<em>Pulsatilla grandis<\/em>)[\/vc_column_text][\/vc_column_inner][vc_column_inner width=&#8221;1\/3&#8243;][vc_single_image image=&#8221;38602&#8243; img_size=&#8221;full&#8221; onclick=&#8221;link_image&#8221; css=&#8221;&#8221;][vc_column_text css=&#8221;&#8221;]Eurasian toothed grasshopper (<em>Stenobothrus eurasius<\/em>)[\/vc_column_text][\/vc_column_inner][vc_column_inner width=&#8221;1\/3&#8243;][vc_single_image image=&#8221;38735&#8243; img_size=&#8221;full&#8221; onclick=&#8221;link_image&#8221; css=&#8221;&#8221;][vc_column_text css=&#8221;&#8221;]Pannonian spring snail (<em>Bythinella pannonica<\/em>)[\/vc_column_text][\/vc_column_inner][\/vc_row_inner][vc_column_text css=&#8221;&#8221;]The greatest threats to dry and thermophilic habitats and species, including those found in the Ke\u010dovsk\u00e9 \u0161krapy area, are the abandonment of traditional land management, overgrowth by woody volunteer vegetation, and the spread of expansive grass species, leading to a decline in biodiversity and local species extinction. The accompanying photographs illustrate changes in the landscape structure over decades, where the mosaic landscape with significant pastures has been gradually replaced by shrub encroachment and forest communities. Therefore, it is crucial to restore such sites through clearing of pastures and subsequently reintroducing grazing by livestock.[\/vc_column_text][vc_row_inner][vc_column_inner width=&#8221;1\/2&#8243;][vc_single_image image=&#8221;38720&#8243; img_size=&#8221;full&#8221; onclick=&#8221;link_image&#8221; css=&#8221;&#8221;][vc_column_text css=&#8221;&#8221;]Historical land use \u2013 almost every piece of native land was grazed, and rare species and habitats were in a much more favorable state over a larger area[\/vc_column_text][\/vc_column_inner][vc_column_inner width=&#8221;1\/2&#8243;][vc_single_image image=&#8221;38715&#8243; img_size=&#8221;full&#8221; onclick=&#8221;link_image&#8221; css=&#8221;&#8221;][vc_column_text css=&#8221;&#8221;]Current land use \u2013 after grazing was abandoned, succession by woody species occurs, leading to the disappearance of rare species and habitats[\/vc_column_text][\/vc_column_inner][\/vc_row_inner][vc_row_inner][vc_column_inner width=&#8221;1\/2&#8243;][vc_single_image image=&#8221;38725&#8243; img_size=&#8221;full&#8221; onclick=&#8221;link_image&#8221; css=&#8221;&#8221;][vc_column_text css=&#8221;&#8221;]A mosaic of various habitats[\/vc_column_text][\/vc_column_inner][vc_column_inner width=&#8221;1\/2&#8243;][vc_single_image image=&#8221;38710&#8243; img_size=&#8221;full&#8221; onclick=&#8221;link_image&#8221; css=&#8221;&#8221;][vc_column_text css=&#8221;&#8221;]Xerothermic grass-herb communities with fescues[\/vc_column_text][\/vc_column_inner][\/vc_row_inner][\/vc_column][\/vc_row]<\/div>","protected":false},"excerpt":{"rendered":"<p>[vc_row][vc_column][vc_column_text css=&#8221;&#8221;]The SCI Ke\u010dovsk\u00e9 \u0161krapy was designated to ensure and improve the favorable conservation status of habitats of Community importance, primarily steppes consisting of dry and thermophilic pastures. Additionally, the area features lowland and submontane hay meadows, calcareous rocky slopes, inaccessible caves, common juniper formations, thermophilic subcontinental peri-Pannonic scrubs, and thermophilic Pannonian woods with downy&hellip;<\/p>\n","protected":false},"author":19,"featured_media":0,"parent":0,"menu_order":21,"comment_status":"closed","ping_status":"closed","template":"","meta":{"_acf_changed":false,"pmpro_default_level":"","footnotes":""},"class_list":["post-38743","page","type-page","status-publish","hentry","pmpro-has-access","description-off"],"acf":[],"yoast_head":"<!-- This site is optimized with the Yoast SEO Premium plugin v21.4 (Yoast SEO v27.5) - https:\/\/yoast.com\/product\/yoast-seo-premium-wordpress\/ -->\n<title>Ke\u010dovsk\u00e9 \u0161krapy - BROZ<\/title>\n<meta name=\"robots\" content=\"index, follow, max-snippet:-1, max-image-preview:large, max-video-preview:-1\" \/>\n<link rel=\"canonical\" href=\"https:\/\/broz.sk\/en\/kecovske-skrapy\/\" \/>\n<meta property=\"og:locale\" content=\"en_US\" \/>\n<meta property=\"og:type\" content=\"article\" \/>\n<meta property=\"og:title\" content=\"Ke\u010dovsk\u00e9 \u0161krapy\" \/>\n<meta property=\"og:description\" content=\"[vc_row][vc_column][vc_column_text css=&#8221;&#8221;]The SCI Ke\u010dovsk\u00e9 \u0161krapy was designated to ensure and improve the favorable conservation status of habitats of Community importance, primarily steppes consisting of dry and thermophilic pastures. Additionally, the area features lowland and submontane hay meadows, calcareous rocky slopes, inaccessible caves, common juniper formations, thermophilic subcontinental peri-Pannonic scrubs, and thermophilic Pannonian woods with downy&hellip;\" \/>\n<meta property=\"og:url\" content=\"https:\/\/broz.sk\/en\/kecovske-skrapy\/\" \/>\n<meta property=\"og:site_name\" content=\"BROZ\" \/>\n<meta property=\"article:publisher\" content=\"https:\/\/www.facebook.com\/broz.ba\/\" \/>\n<meta property=\"article:modified_time\" content=\"2025-05-28T13:14:12+00:00\" \/>\n<meta property=\"og:image\" content=\"https:\/\/broz.sk\/wp-content\/uploads\/2018\/03\/broz-logo-color.png\" \/>\n\t<meta property=\"og:image:width\" content=\"192\" \/>\n\t<meta property=\"og:image:height\" content=\"120\" \/>\n\t<meta property=\"og:image:type\" content=\"image\/png\" \/>\n<meta name=\"twitter:card\" content=\"summary_large_image\" \/>\n<meta name=\"twitter:label1\" content=\"Est. reading time\" \/>\n\t<meta name=\"twitter:data1\" content=\"3 minutes\" \/>\n<script type=\"application\/ld+json\" class=\"yoast-schema-graph\">{\"@context\":\"https:\\\/\\\/schema.org\",\"@graph\":[{\"@type\":\"WebPage\",\"@id\":\"https:\\\/\\\/broz.sk\\\/en\\\/kecovske-skrapy\\\/\",\"url\":\"https:\\\/\\\/broz.sk\\\/en\\\/kecovske-skrapy\\\/\",\"name\":\"Ke\u010dovsk\u00e9 \u0161krapy - BROZ\",\"isPartOf\":{\"@id\":\"https:\\\/\\\/broz.sk\\\/#website\"},\"datePublished\":\"2025-05-28T13:14:10+00:00\",\"dateModified\":\"2025-05-28T13:14:12+00:00\",\"breadcrumb\":{\"@id\":\"https:\\\/\\\/broz.sk\\\/en\\\/kecovske-skrapy\\\/#breadcrumb\"},\"inLanguage\":\"en-US\",\"potentialAction\":[{\"@type\":\"ReadAction\",\"target\":[\"https:\\\/\\\/broz.sk\\\/en\\\/kecovske-skrapy\\\/\"]}]},{\"@type\":\"BreadcrumbList\",\"@id\":\"https:\\\/\\\/broz.sk\\\/en\\\/kecovske-skrapy\\\/#breadcrumb\",\"itemListElement\":[{\"@type\":\"ListItem\",\"position\":1,\"name\":\"Domovsk\u00e1 str\u00e1nka\",\"item\":\"https:\\\/\\\/broz.sk\\\/en\\\/\"},{\"@type\":\"ListItem\",\"position\":2,\"name\":\"Ke\u010dovsk\u00e9 \u0161krapy\"}]},{\"@type\":\"WebSite\",\"@id\":\"https:\\\/\\\/broz.sk\\\/#website\",\"url\":\"https:\\\/\\\/broz.sk\\\/\",\"name\":\"BROZ\",\"description\":\"ochran\u00e1rske zdru\u017eenie\",\"publisher\":{\"@id\":\"https:\\\/\\\/broz.sk\\\/#organization\"},\"potentialAction\":[{\"@type\":\"SearchAction\",\"target\":{\"@type\":\"EntryPoint\",\"urlTemplate\":\"https:\\\/\\\/broz.sk\\\/?s={search_term_string}\"},\"query-input\":{\"@type\":\"PropertyValueSpecification\",\"valueRequired\":true,\"valueName\":\"search_term_string\"}}],\"inLanguage\":\"en-US\"},{\"@type\":\"Organization\",\"@id\":\"https:\\\/\\\/broz.sk\\\/#organization\",\"name\":\"BROZ - Bratislavsk\u00e9 region\u00e1lne ochran\u00e1rske zdru\u017eenie\",\"url\":\"https:\\\/\\\/broz.sk\\\/\",\"logo\":{\"@type\":\"ImageObject\",\"inLanguage\":\"en-US\",\"@id\":\"https:\\\/\\\/broz.sk\\\/#\\\/schema\\\/logo\\\/image\\\/\",\"url\":\"https:\\\/\\\/broz.sk\\\/wp-content\\\/uploads\\\/2018\\\/03\\\/broz-logo-hires-color.png\",\"contentUrl\":\"https:\\\/\\\/broz.sk\\\/wp-content\\\/uploads\\\/2018\\\/03\\\/broz-logo-hires-color.png\",\"width\":2585,\"height\":1618,\"caption\":\"BROZ - Bratislavsk\u00e9 region\u00e1lne ochran\u00e1rske zdru\u017eenie\"},\"image\":{\"@id\":\"https:\\\/\\\/broz.sk\\\/#\\\/schema\\\/logo\\\/image\\\/\"},\"sameAs\":[\"https:\\\/\\\/www.facebook.com\\\/broz.ba\\\/\"]}]}<\/script>\n<!-- \/ Yoast SEO Premium plugin. -->","yoast_head_json":{"title":"Ke\u010dovsk\u00e9 \u0161krapy - BROZ","robots":{"index":"index","follow":"follow","max-snippet":"max-snippet:-1","max-image-preview":"max-image-preview:large","max-video-preview":"max-video-preview:-1"},"canonical":"https:\/\/broz.sk\/en\/kecovske-skrapy\/","og_locale":"en_US","og_type":"article","og_title":"Ke\u010dovsk\u00e9 \u0161krapy","og_description":"[vc_row][vc_column][vc_column_text css=&#8221;&#8221;]The SCI Ke\u010dovsk\u00e9 \u0161krapy was designated to ensure and improve the favorable conservation status of habitats of Community importance, primarily steppes consisting of dry and thermophilic pastures. Additionally, the area features lowland and submontane hay meadows, calcareous rocky slopes, inaccessible caves, common juniper formations, thermophilic subcontinental peri-Pannonic scrubs, and thermophilic Pannonian woods with downy&hellip;","og_url":"https:\/\/broz.sk\/en\/kecovske-skrapy\/","og_site_name":"BROZ","article_publisher":"https:\/\/www.facebook.com\/broz.ba\/","article_modified_time":"2025-05-28T13:14:12+00:00","og_image":[{"width":192,"height":120,"url":"https:\/\/broz.sk\/wp-content\/uploads\/2018\/03\/broz-logo-color.png","type":"image\/png"}],"twitter_card":"summary_large_image","twitter_misc":{"Est. reading time":"3 minutes"},"schema":{"@context":"https:\/\/schema.org","@graph":[{"@type":"WebPage","@id":"https:\/\/broz.sk\/en\/kecovske-skrapy\/","url":"https:\/\/broz.sk\/en\/kecovske-skrapy\/","name":"Ke\u010dovsk\u00e9 \u0161krapy - BROZ","isPartOf":{"@id":"https:\/\/broz.sk\/#website"},"datePublished":"2025-05-28T13:14:10+00:00","dateModified":"2025-05-28T13:14:12+00:00","breadcrumb":{"@id":"https:\/\/broz.sk\/en\/kecovske-skrapy\/#breadcrumb"},"inLanguage":"en-US","potentialAction":[{"@type":"ReadAction","target":["https:\/\/broz.sk\/en\/kecovske-skrapy\/"]}]},{"@type":"BreadcrumbList","@id":"https:\/\/broz.sk\/en\/kecovske-skrapy\/#breadcrumb","itemListElement":[{"@type":"ListItem","position":1,"name":"Domovsk\u00e1 str\u00e1nka","item":"https:\/\/broz.sk\/en\/"},{"@type":"ListItem","position":2,"name":"Ke\u010dovsk\u00e9 \u0161krapy"}]},{"@type":"WebSite","@id":"https:\/\/broz.sk\/#website","url":"https:\/\/broz.sk\/","name":"BROZ","description":"ochran\u00e1rske zdru\u017eenie","publisher":{"@id":"https:\/\/broz.sk\/#organization"},"potentialAction":[{"@type":"SearchAction","target":{"@type":"EntryPoint","urlTemplate":"https:\/\/broz.sk\/?s={search_term_string}"},"query-input":{"@type":"PropertyValueSpecification","valueRequired":true,"valueName":"search_term_string"}}],"inLanguage":"en-US"},{"@type":"Organization","@id":"https:\/\/broz.sk\/#organization","name":"BROZ - Bratislavsk\u00e9 region\u00e1lne ochran\u00e1rske zdru\u017eenie","url":"https:\/\/broz.sk\/","logo":{"@type":"ImageObject","inLanguage":"en-US","@id":"https:\/\/broz.sk\/#\/schema\/logo\/image\/","url":"https:\/\/broz.sk\/wp-content\/uploads\/2018\/03\/broz-logo-hires-color.png","contentUrl":"https:\/\/broz.sk\/wp-content\/uploads\/2018\/03\/broz-logo-hires-color.png","width":2585,"height":1618,"caption":"BROZ - Bratislavsk\u00e9 region\u00e1lne ochran\u00e1rske zdru\u017eenie"},"image":{"@id":"https:\/\/broz.sk\/#\/schema\/logo\/image\/"},"sameAs":["https:\/\/www.facebook.com\/broz.ba\/"]}]}},"_links":{"self":[{"href":"https:\/\/broz.sk\/en\/wp-json\/wp\/v2\/pages\/38743","targetHints":{"allow":["GET"]}}],"collection":[{"href":"https:\/\/broz.sk\/en\/wp-json\/wp\/v2\/pages"}],"about":[{"href":"https:\/\/broz.sk\/en\/wp-json\/wp\/v2\/types\/page"}],"author":[{"embeddable":true,"href":"https:\/\/broz.sk\/en\/wp-json\/wp\/v2\/users\/19"}],"replies":[{"embeddable":true,"href":"https:\/\/broz.sk\/en\/wp-json\/wp\/v2\/comments?post=38743"}],"version-history":[{"count":2,"href":"https:\/\/broz.sk\/en\/wp-json\/wp\/v2\/pages\/38743\/revisions"}],"predecessor-version":[{"id":38745,"href":"https:\/\/broz.sk\/en\/wp-json\/wp\/v2\/pages\/38743\/revisions\/38745"}],"wp:attachment":[{"href":"https:\/\/broz.sk\/en\/wp-json\/wp\/v2\/media?parent=38743"}],"curies":[{"name":"wp","href":"https:\/\/api.w.org\/{rel}","templated":true}]}}