{"id":38629,"date":"2025-05-28T12:35:39","date_gmt":"2025-05-28T10:35:39","guid":{"rendered":"https:\/\/broz.sk\/zobor\/"},"modified":"2025-05-28T12:35:41","modified_gmt":"2025-05-28T10:35:41","slug":"zobor","status":"publish","type":"page","link":"https:\/\/broz.sk\/en\/zobor\/","title":{"rendered":"Zobor"},"content":{"rendered":"<div class=\"wpb-content-wrapper\">[vc_row][vc_column][vc_column_text css=&#8221;&#8221;]The Site of Community Importance, Zobor, is located within municipalities of Doln\u00e9 \u0160tit\u00e1re, Dra\u017eovce, Mechenice, Nitrianske Hrn\u010diarovce, Sokoln\u00edky, Zobor, and \u017dirany, covering a total area of 1906.94 hectares. It is designated to ensure the favorable status of forest and non-forest habitats of European interest. Several steppe plant species of European importance are found in this area, including the Eastern lizard orchid (<em>Himantoglossum caprinum<\/em>), which is ecotonal and often occurs in open forests, forest-steppes, or on the edges of forests and meadows. Another protected species is the Slovak penny-cress (<em>Thlaspi jankae<\/em>), which blooms from April to May on dry slopes, forest-steppes, and in light warm oak forests of Zobor. The Greater Pasque Flower (<em>Pulsatilla grandis<\/em>) is also occured in this area.[\/vc_column_text][vc_column_text css=&#8221;&#8221;]The fauna consists mainly of species associated with habitats representing the transition between warm forest communities and open cultural landscapes. The biodiversity represents various invertebrate species. Rare protected species include Eurasian toothed grasshopper (<em>Stenobothrus eurasius<\/em>), European stag beetle (<em>Lucanus cervus<\/em>), great capricorn beetle (<em>Cerambyx cerdo<\/em>), and Rosalia longicorn (<em>Rosalia alpina<\/em>). Among endangered butterflies associated with open landscapes, the Jersey Tiger (<em>Euplagia quadripunctaria<\/em>) occurs here, and among vertebrates, the European fire-bellied toad (<em>Bombina bombina<\/em>) and several species of bats complement the ecosystem.[\/vc_column_text][vc_row_inner][vc_column_inner width=&#8221;1\/4&#8243;][vc_single_image image=&#8221;38612&#8243; img_size=&#8221;full&#8221; onclick=&#8221;link_image&#8221; css=&#8221;&#8221;][vc_column_text css=&#8221;&#8221;]Slovak penny-cress[\/vc_column_text][\/vc_column_inner][vc_column_inner width=&#8221;1\/4&#8243;][vc_single_image image=&#8221;38014&#8243; img_size=&#8221;full&#8221; onclick=&#8221;link_image&#8221; css=&#8221;&#8221;][vc_column_text css=&#8221;&#8221;]Eastern lizard orchid[\/vc_column_text][\/vc_column_inner][vc_column_inner width=&#8221;1\/4&#8243;][vc_single_image image=&#8221;38617&#8243; img_size=&#8221;full&#8221; onclick=&#8221;link_image&#8221; css=&#8221;&#8221;][vc_column_text css=&#8221;&#8221;]The great capricorn beetle[\/vc_column_text][\/vc_column_inner][vc_column_inner width=&#8221;1\/4&#8243;][vc_single_image image=&#8221;38602&#8243; img_size=&#8221;full&#8221; onclick=&#8221;link_image&#8221; css=&#8221;&#8221;][vc_column_text css=&#8221;&#8221;]Eurasian toothed grasshopper[\/vc_column_text][\/vc_column_inner][\/vc_row_inner][vc_column_text css=&#8221;&#8221;]Historically, the area was largely afforested. The southern slopes above the town of Nitra were primarily deforested and used as pastures. Currently, these areas are abandoned and gradually disappearing due to secondary succession (overgrowth with shrubs, accumulation of dead straws). The negative changes are least developed on exposed southern slopes.[\/vc_column_text][vc_column_text css=&#8221;&#8221;]For the continued existence of many steppe species such as the Eastern lizard orchid, is necessary partial reduction of overgrown wood species, removal of spreading non-native species (such as black locust, manna ash, or black pine), removal of cut material, and protection against browsing by wild animals. However, the most suitable method for the protection and maintenance of steppe species and habitats is the reintroduction of grazing, which is actually very problematic.[\/vc_column_text][vc_row_inner][vc_column_inner width=&#8221;1\/2&#8243;][vc_single_image image=&#8221;38607&#8243; img_size=&#8221;full&#8221; onclick=&#8221;link_image&#8221; css=&#8221;&#8221;][vc_column_text css=&#8221;&#8221;]Non-native tree species like black locust, manna ash, and black pine preclude to native species to survive[\/vc_column_text][\/vc_column_inner][vc_column_inner width=&#8221;1\/2&#8243;][vc_single_image image=&#8221;38597&#8243; img_size=&#8221;full&#8221; onclick=&#8221;link_image&#8221; css=&#8221;&#8221;][vc_column_text css=&#8221;&#8221;]Practical conservation management &#8211; thinning dense vegetation of areas with Eastern lizard orchid[\/vc_column_text][\/vc_column_inner][\/vc_row_inner][\/vc_column][\/vc_row]<\/div>","protected":false},"excerpt":{"rendered":"<p>[vc_row][vc_column][vc_column_text css=&#8221;&#8221;]The Site of Community Importance, Zobor, is located within municipalities of Doln\u00e9 \u0160tit\u00e1re, Dra\u017eovce, Mechenice, Nitrianske Hrn\u010diarovce, Sokoln\u00edky, Zobor, and \u017dirany, covering a total area of 1906.94 hectares. It is designated to ensure the favorable status of forest and non-forest habitats of European interest. Several steppe plant species of European importance are found in&hellip;<\/p>\n","protected":false},"author":19,"featured_media":0,"parent":0,"menu_order":37,"comment_status":"closed","ping_status":"closed","template":"","meta":{"_acf_changed":false,"pmpro_default_level":"","footnotes":""},"class_list":["post-38629","page","type-page","status-publish","hentry","pmpro-has-access","description-off"],"acf":[],"yoast_head":"<!-- This site is optimized with the Yoast SEO Premium plugin v21.4 (Yoast SEO v27.5) - https:\/\/yoast.com\/product\/yoast-seo-premium-wordpress\/ -->\n<title>Zobor - BROZ<\/title>\n<meta name=\"robots\" content=\"index, follow, max-snippet:-1, max-image-preview:large, max-video-preview:-1\" \/>\n<link rel=\"canonical\" href=\"https:\/\/broz.sk\/en\/zobor\/\" \/>\n<meta property=\"og:locale\" content=\"en_US\" \/>\n<meta property=\"og:type\" content=\"article\" \/>\n<meta property=\"og:title\" content=\"Zobor\" \/>\n<meta property=\"og:description\" content=\"[vc_row][vc_column][vc_column_text css=&#8221;&#8221;]The Site of Community Importance, Zobor, is located within municipalities of Doln\u00e9 \u0160tit\u00e1re, Dra\u017eovce, Mechenice, Nitrianske Hrn\u010diarovce, Sokoln\u00edky, Zobor, and \u017dirany, covering a total area of 1906.94 hectares. It is designated to ensure the favorable status of forest and non-forest habitats of European interest. Several steppe plant species of European importance are found in&hellip;\" \/>\n<meta property=\"og:url\" content=\"https:\/\/broz.sk\/en\/zobor\/\" \/>\n<meta property=\"og:site_name\" content=\"BROZ\" \/>\n<meta property=\"article:publisher\" content=\"https:\/\/www.facebook.com\/broz.ba\/\" \/>\n<meta property=\"article:modified_time\" content=\"2025-05-28T10:35:41+00:00\" \/>\n<meta property=\"og:image\" content=\"https:\/\/broz.sk\/wp-content\/uploads\/2018\/03\/broz-logo-color.png\" \/>\n\t<meta property=\"og:image:width\" content=\"192\" \/>\n\t<meta property=\"og:image:height\" content=\"120\" \/>\n\t<meta property=\"og:image:type\" content=\"image\/png\" \/>\n<meta name=\"twitter:card\" content=\"summary_large_image\" \/>\n<meta name=\"twitter:label1\" content=\"Est. reading time\" \/>\n\t<meta name=\"twitter:data1\" content=\"3 minutes\" \/>\n<script type=\"application\/ld+json\" class=\"yoast-schema-graph\">{\"@context\":\"https:\\\/\\\/schema.org\",\"@graph\":[{\"@type\":\"WebPage\",\"@id\":\"https:\\\/\\\/broz.sk\\\/en\\\/zobor\\\/\",\"url\":\"https:\\\/\\\/broz.sk\\\/en\\\/zobor\\\/\",\"name\":\"Zobor - BROZ\",\"isPartOf\":{\"@id\":\"https:\\\/\\\/broz.sk\\\/#website\"},\"datePublished\":\"2025-05-28T10:35:39+00:00\",\"dateModified\":\"2025-05-28T10:35:41+00:00\",\"breadcrumb\":{\"@id\":\"https:\\\/\\\/broz.sk\\\/en\\\/zobor\\\/#breadcrumb\"},\"inLanguage\":\"en-US\",\"potentialAction\":[{\"@type\":\"ReadAction\",\"target\":[\"https:\\\/\\\/broz.sk\\\/en\\\/zobor\\\/\"]}]},{\"@type\":\"BreadcrumbList\",\"@id\":\"https:\\\/\\\/broz.sk\\\/en\\\/zobor\\\/#breadcrumb\",\"itemListElement\":[{\"@type\":\"ListItem\",\"position\":1,\"name\":\"Domovsk\u00e1 str\u00e1nka\",\"item\":\"https:\\\/\\\/broz.sk\\\/en\\\/\"},{\"@type\":\"ListItem\",\"position\":2,\"name\":\"Zobor\"}]},{\"@type\":\"WebSite\",\"@id\":\"https:\\\/\\\/broz.sk\\\/#website\",\"url\":\"https:\\\/\\\/broz.sk\\\/\",\"name\":\"BROZ\",\"description\":\"ochran\u00e1rske zdru\u017eenie\",\"publisher\":{\"@id\":\"https:\\\/\\\/broz.sk\\\/#organization\"},\"potentialAction\":[{\"@type\":\"SearchAction\",\"target\":{\"@type\":\"EntryPoint\",\"urlTemplate\":\"https:\\\/\\\/broz.sk\\\/?s={search_term_string}\"},\"query-input\":{\"@type\":\"PropertyValueSpecification\",\"valueRequired\":true,\"valueName\":\"search_term_string\"}}],\"inLanguage\":\"en-US\"},{\"@type\":\"Organization\",\"@id\":\"https:\\\/\\\/broz.sk\\\/#organization\",\"name\":\"BROZ - Bratislavsk\u00e9 region\u00e1lne ochran\u00e1rske zdru\u017eenie\",\"url\":\"https:\\\/\\\/broz.sk\\\/\",\"logo\":{\"@type\":\"ImageObject\",\"inLanguage\":\"en-US\",\"@id\":\"https:\\\/\\\/broz.sk\\\/#\\\/schema\\\/logo\\\/image\\\/\",\"url\":\"https:\\\/\\\/broz.sk\\\/wp-content\\\/uploads\\\/2018\\\/03\\\/broz-logo-hires-color.png\",\"contentUrl\":\"https:\\\/\\\/broz.sk\\\/wp-content\\\/uploads\\\/2018\\\/03\\\/broz-logo-hires-color.png\",\"width\":2585,\"height\":1618,\"caption\":\"BROZ - Bratislavsk\u00e9 region\u00e1lne ochran\u00e1rske zdru\u017eenie\"},\"image\":{\"@id\":\"https:\\\/\\\/broz.sk\\\/#\\\/schema\\\/logo\\\/image\\\/\"},\"sameAs\":[\"https:\\\/\\\/www.facebook.com\\\/broz.ba\\\/\"]}]}<\/script>\n<!-- \/ Yoast SEO Premium plugin. -->","yoast_head_json":{"title":"Zobor - BROZ","robots":{"index":"index","follow":"follow","max-snippet":"max-snippet:-1","max-image-preview":"max-image-preview:large","max-video-preview":"max-video-preview:-1"},"canonical":"https:\/\/broz.sk\/en\/zobor\/","og_locale":"en_US","og_type":"article","og_title":"Zobor","og_description":"[vc_row][vc_column][vc_column_text css=&#8221;&#8221;]The Site of Community Importance, Zobor, is located within municipalities of Doln\u00e9 \u0160tit\u00e1re, Dra\u017eovce, Mechenice, Nitrianske Hrn\u010diarovce, Sokoln\u00edky, Zobor, and \u017dirany, covering a total area of 1906.94 hectares. It is designated to ensure the favorable status of forest and non-forest habitats of European interest. Several steppe plant species of European importance are found in&hellip;","og_url":"https:\/\/broz.sk\/en\/zobor\/","og_site_name":"BROZ","article_publisher":"https:\/\/www.facebook.com\/broz.ba\/","article_modified_time":"2025-05-28T10:35:41+00:00","og_image":[{"width":192,"height":120,"url":"https:\/\/broz.sk\/wp-content\/uploads\/2018\/03\/broz-logo-color.png","type":"image\/png"}],"twitter_card":"summary_large_image","twitter_misc":{"Est. reading time":"3 minutes"},"schema":{"@context":"https:\/\/schema.org","@graph":[{"@type":"WebPage","@id":"https:\/\/broz.sk\/en\/zobor\/","url":"https:\/\/broz.sk\/en\/zobor\/","name":"Zobor - BROZ","isPartOf":{"@id":"https:\/\/broz.sk\/#website"},"datePublished":"2025-05-28T10:35:39+00:00","dateModified":"2025-05-28T10:35:41+00:00","breadcrumb":{"@id":"https:\/\/broz.sk\/en\/zobor\/#breadcrumb"},"inLanguage":"en-US","potentialAction":[{"@type":"ReadAction","target":["https:\/\/broz.sk\/en\/zobor\/"]}]},{"@type":"BreadcrumbList","@id":"https:\/\/broz.sk\/en\/zobor\/#breadcrumb","itemListElement":[{"@type":"ListItem","position":1,"name":"Domovsk\u00e1 str\u00e1nka","item":"https:\/\/broz.sk\/en\/"},{"@type":"ListItem","position":2,"name":"Zobor"}]},{"@type":"WebSite","@id":"https:\/\/broz.sk\/#website","url":"https:\/\/broz.sk\/","name":"BROZ","description":"ochran\u00e1rske zdru\u017eenie","publisher":{"@id":"https:\/\/broz.sk\/#organization"},"potentialAction":[{"@type":"SearchAction","target":{"@type":"EntryPoint","urlTemplate":"https:\/\/broz.sk\/?s={search_term_string}"},"query-input":{"@type":"PropertyValueSpecification","valueRequired":true,"valueName":"search_term_string"}}],"inLanguage":"en-US"},{"@type":"Organization","@id":"https:\/\/broz.sk\/#organization","name":"BROZ - Bratislavsk\u00e9 region\u00e1lne ochran\u00e1rske zdru\u017eenie","url":"https:\/\/broz.sk\/","logo":{"@type":"ImageObject","inLanguage":"en-US","@id":"https:\/\/broz.sk\/#\/schema\/logo\/image\/","url":"https:\/\/broz.sk\/wp-content\/uploads\/2018\/03\/broz-logo-hires-color.png","contentUrl":"https:\/\/broz.sk\/wp-content\/uploads\/2018\/03\/broz-logo-hires-color.png","width":2585,"height":1618,"caption":"BROZ - Bratislavsk\u00e9 region\u00e1lne ochran\u00e1rske zdru\u017eenie"},"image":{"@id":"https:\/\/broz.sk\/#\/schema\/logo\/image\/"},"sameAs":["https:\/\/www.facebook.com\/broz.ba\/"]}]}},"_links":{"self":[{"href":"https:\/\/broz.sk\/en\/wp-json\/wp\/v2\/pages\/38629","targetHints":{"allow":["GET"]}}],"collection":[{"href":"https:\/\/broz.sk\/en\/wp-json\/wp\/v2\/pages"}],"about":[{"href":"https:\/\/broz.sk\/en\/wp-json\/wp\/v2\/types\/page"}],"author":[{"embeddable":true,"href":"https:\/\/broz.sk\/en\/wp-json\/wp\/v2\/users\/19"}],"replies":[{"embeddable":true,"href":"https:\/\/broz.sk\/en\/wp-json\/wp\/v2\/comments?post=38629"}],"version-history":[{"count":2,"href":"https:\/\/broz.sk\/en\/wp-json\/wp\/v2\/pages\/38629\/revisions"}],"predecessor-version":[{"id":38631,"href":"https:\/\/broz.sk\/en\/wp-json\/wp\/v2\/pages\/38629\/revisions\/38631"}],"wp:attachment":[{"href":"https:\/\/broz.sk\/en\/wp-json\/wp\/v2\/media?parent=38629"}],"curies":[{"name":"wp","href":"https:\/\/api.w.org\/{rel}","templated":true}]}}