{"id":38593,"date":"2025-05-28T11:49:47","date_gmt":"2025-05-28T09:49:47","guid":{"rendered":"https:\/\/broz.sk\/turecky-vrch\/"},"modified":"2025-05-28T11:49:49","modified_gmt":"2025-05-28T09:49:49","slug":"turecky-vrch","status":"publish","type":"page","link":"https:\/\/broz.sk\/en\/turecky-vrch\/","title":{"rendered":"Tureck\u00fd vrch"},"content":{"rendered":"<div class=\"wpb-content-wrapper\">[vc_row][vc_column][vc_column_text css=&#8221;&#8221;]\r\n<h3><strong>Site Importance<\/strong><\/h3>\r\nThe Site of Community Importance, Tureck\u00fd vrch, lies on the southeast slopes of Tureck\u00fd vrch, between Nov\u00e9 Mesto nad V\u00e1hom and Tren\u010dianske Bohuslavice. The area is designated and protected to ensure the favorable condition of dry grassland habitats of Community interest, covering a total area of 32.03 hectares. Pastures with semi-natural dry grasslands and scrubland facies on calcareous substrates and Sub-Pannonic steppic grasslands hold particular importance in the area. Rare plants found here include white dittany (<em>Dictamnus albus<\/em>), flax (<em>Linum hirsutum<\/em>), bee orchid (Ophrys apifera), military orchid (<em>Orchis militaris<\/em>), lady orchid (<em>O. purpurea<\/em>), and pale orchid (<em>O. pallens<\/em>). The mosaic of grasslands and shrubs hosts several butterfly species, including the protected eastern eggar (<em>Eriogaster catax<\/em>) and the Jersey Tiger (<em>Callimorpha quadripunctaria<\/em>). Additionally, in Tureck\u00fd vrch are also present habitats of Pannonian woods with downy oaks, lime\u2013maple forests of slopes, screes and ravines. Mature or decaying trees and deadwood in pastures and open forests are habitats for species such as the stag beetle (<em>Lucanus cervus<\/em>). The Site of Community Importance also overlaps with the natural reserve Tureck\u00fd vrch. Historically, this area was used for grazing. After 1950, grazing was abandoned, and in the following decades, the area began to be overgrown with shrubs and invasive species. Railway transport historically had a positive impact on the biodiversity of pastures when sparks from locomotives or railway workers directly burned surrounding vegetation before the railway tunnel was built.[\/vc_column_text][vc_row_inner][vc_column_inner width=&#8221;1\/4&#8243;][vc_single_image image=&#8221;38394&#8243; img_size=&#8221;full&#8221; onclick=&#8221;link_image&#8221; css=&#8221;&#8221;][vc_column_text css=&#8221;&#8221;]The lady orchid (<em>Orchis pupurea<\/em>)[\/vc_column_text][\/vc_column_inner][vc_column_inner width=&#8221;1\/4&#8243;][vc_single_image image=&#8221;38399&#8243; img_size=&#8221;full&#8221; onclick=&#8221;link_image&#8221; css=&#8221;&#8221;][vc_column_text css=&#8221;&#8221;]Dittany (<em>Dictamnus albus<\/em>)[\/vc_column_text][\/vc_column_inner][vc_column_inner width=&#8221;1\/4&#8243;][vc_single_image image=&#8221;38327&#8243; img_size=&#8221;full&#8221; onclick=&#8221;link_image&#8221; css=&#8221;&#8221;][vc_column_text css=&#8221;&#8221;]Millitary orchid (<em>Orchis militaris<\/em>)[\/vc_column_text][\/vc_column_inner][vc_column_inner width=&#8221;1\/4&#8243;][vc_single_image image=&#8221;38561&#8243; img_size=&#8221;full&#8221; onclick=&#8221;link_image&#8221; css=&#8221;&#8221;][vc_column_text css=&#8221;&#8221;]Flax (<em>Linum hirsutum<\/em>)[\/vc_column_text][\/vc_column_inner][\/vc_row_inner][vc_row_inner][vc_column_inner width=&#8221;1\/4&#8243;][vc_single_image image=&#8221;38566&#8243; img_size=&#8221;full&#8221; onclick=&#8221;link_image&#8221; css=&#8221;&#8221;][vc_column_text css=&#8221;&#8221;]Bee orchid (<em>Ophrys apifera<\/em>)[\/vc_column_text][\/vc_column_inner][vc_column_inner width=&#8221;1\/4&#8243;][vc_single_image image=&#8221;38576&#8243; img_size=&#8221;full&#8221; onclick=&#8221;link_image&#8221; css=&#8221;&#8221;][vc_column_text css=&#8221;&#8221;]Eastern eggar (<em>Eriogaster catax<\/em>)[\/vc_column_text][\/vc_column_inner][vc_column_inner width=&#8221;1\/4&#8243;][vc_single_image image=&#8221;38581&#8243; img_size=&#8221;full&#8221; onclick=&#8221;link_image&#8221; css=&#8221;&#8221;][vc_column_text css=&#8221;&#8221;]Jersey Tiger (<em>Callimorpha quadripunctaria<\/em>)[\/vc_column_text][\/vc_column_inner][vc_column_inner width=&#8221;1\/4&#8243;][vc_single_image image=&#8221;38221&#8243; img_size=&#8221;full&#8221; onclick=&#8221;link_image&#8221; css=&#8221;&#8221;][vc_column_text css=&#8221;&#8221;]European stag beetle (<em>Lucanus cervus<\/em>)[\/vc_column_text][\/vc_column_inner][\/vc_row_inner][vc_column_text css=&#8221;&#8221;]\r\n<h3>Restoration of Traditional Grazing<\/h3>\r\nA significant activity of LIFE SUB-PANNONIC project, aimed at improving the favorable condition of dry grassland vegetation, is the restoration of traditional grazing in the southern part of Tureck\u00fd vrch. The restoration of traditional grazing helps these habitats as well as plant and animal species strongly tied to non-forest environments. However, the abandonment of grazing in the past led to the overgrowth of the area with shrubs, posing a threat to the existence of these habitats and species.[\/vc_column_text][vc_column_text css=&#8221;&#8221;]Collaborating with a local farmer, we have built fences and reintroduced grazing with goats. The willingness and involvement of local people have played a crucial role in improving and preserving the favorable condition of dry grassland vegetation.[\/vc_column_text][vc_row_inner][vc_column_inner width=&#8221;1\/2&#8243;][vc_single_image image=&#8221;38571&#8243; img_size=&#8221;full&#8221; onclick=&#8221;link_image&#8221; css=&#8221;&#8221;][vc_column_text css=&#8221;&#8221;]Characteristics of area before grazing &#8211; an overgrowth by shrubs and invasive species like black locust[\/vc_column_text][\/vc_column_inner][vc_column_inner width=&#8221;1\/2&#8243;][vc_single_image image=&#8221;38587&#8243; img_size=&#8221;full&#8221; onclick=&#8221;link_image&#8221; css=&#8221;&#8221;][vc_column_text css=&#8221;&#8221;]Reintroduction of goat grazing &#8211; slow biological elimination of overgrown woody species and restoration of pastures in practice[\/vc_column_text][\/vc_column_inner][\/vc_row_inner][\/vc_column][\/vc_row]<\/div>","protected":false},"excerpt":{"rendered":"<p>[vc_row][vc_column][vc_column_text css=&#8221;&#8221;] Site Importance The Site of Community Importance, Tureck\u00fd vrch, lies on the southeast slopes of Tureck\u00fd vrch, between Nov\u00e9 Mesto nad V\u00e1hom and Tren\u010dianske Bohuslavice. The area is designated and protected to ensure the favorable condition of dry grassland habitats of Community interest, covering a total area of 32.03 hectares. Pastures with semi-natural&hellip;<\/p>\n","protected":false},"author":19,"featured_media":0,"parent":0,"menu_order":38,"comment_status":"closed","ping_status":"closed","template":"","meta":{"_acf_changed":false,"pmpro_default_level":"","footnotes":""},"class_list":["post-38593","page","type-page","status-publish","hentry","pmpro-has-access","description-off"],"acf":[],"yoast_head":"<!-- This site is optimized with the Yoast SEO Premium plugin v21.4 (Yoast SEO v27.5) - https:\/\/yoast.com\/product\/yoast-seo-premium-wordpress\/ -->\n<title>Tureck\u00fd vrch - BROZ<\/title>\n<meta name=\"robots\" content=\"index, follow, max-snippet:-1, max-image-preview:large, max-video-preview:-1\" \/>\n<link rel=\"canonical\" href=\"https:\/\/broz.sk\/en\/turecky-vrch\/\" \/>\n<meta property=\"og:locale\" content=\"en_US\" \/>\n<meta property=\"og:type\" content=\"article\" \/>\n<meta property=\"og:title\" content=\"Tureck\u00fd vrch\" \/>\n<meta property=\"og:description\" content=\"[vc_row][vc_column][vc_column_text css=&#8221;&#8221;] Site Importance The Site of Community Importance, Tureck\u00fd vrch, lies on the southeast slopes of Tureck\u00fd vrch, between Nov\u00e9 Mesto nad V\u00e1hom and Tren\u010dianske Bohuslavice. The area is designated and protected to ensure the favorable condition of dry grassland habitats of Community interest, covering a total area of 32.03 hectares. Pastures with semi-natural&hellip;\" \/>\n<meta property=\"og:url\" content=\"https:\/\/broz.sk\/en\/turecky-vrch\/\" \/>\n<meta property=\"og:site_name\" content=\"BROZ\" \/>\n<meta property=\"article:publisher\" content=\"https:\/\/www.facebook.com\/broz.ba\/\" \/>\n<meta property=\"article:modified_time\" content=\"2025-05-28T09:49:49+00:00\" \/>\n<meta property=\"og:image\" content=\"https:\/\/broz.sk\/wp-content\/uploads\/2018\/03\/broz-logo-color.png\" \/>\n\t<meta property=\"og:image:width\" content=\"192\" \/>\n\t<meta property=\"og:image:height\" content=\"120\" \/>\n\t<meta property=\"og:image:type\" content=\"image\/png\" \/>\n<meta name=\"twitter:card\" content=\"summary_large_image\" \/>\n<meta name=\"twitter:label1\" content=\"Est. reading time\" \/>\n\t<meta name=\"twitter:data1\" content=\"4 minutes\" \/>\n<script type=\"application\/ld+json\" class=\"yoast-schema-graph\">{\"@context\":\"https:\\\/\\\/schema.org\",\"@graph\":[{\"@type\":\"WebPage\",\"@id\":\"https:\\\/\\\/broz.sk\\\/en\\\/turecky-vrch\\\/\",\"url\":\"https:\\\/\\\/broz.sk\\\/en\\\/turecky-vrch\\\/\",\"name\":\"Tureck\u00fd vrch - BROZ\",\"isPartOf\":{\"@id\":\"https:\\\/\\\/broz.sk\\\/#website\"},\"datePublished\":\"2025-05-28T09:49:47+00:00\",\"dateModified\":\"2025-05-28T09:49:49+00:00\",\"breadcrumb\":{\"@id\":\"https:\\\/\\\/broz.sk\\\/en\\\/turecky-vrch\\\/#breadcrumb\"},\"inLanguage\":\"en-US\",\"potentialAction\":[{\"@type\":\"ReadAction\",\"target\":[\"https:\\\/\\\/broz.sk\\\/en\\\/turecky-vrch\\\/\"]}]},{\"@type\":\"BreadcrumbList\",\"@id\":\"https:\\\/\\\/broz.sk\\\/en\\\/turecky-vrch\\\/#breadcrumb\",\"itemListElement\":[{\"@type\":\"ListItem\",\"position\":1,\"name\":\"Domovsk\u00e1 str\u00e1nka\",\"item\":\"https:\\\/\\\/broz.sk\\\/en\\\/\"},{\"@type\":\"ListItem\",\"position\":2,\"name\":\"Tureck\u00fd vrch\"}]},{\"@type\":\"WebSite\",\"@id\":\"https:\\\/\\\/broz.sk\\\/#website\",\"url\":\"https:\\\/\\\/broz.sk\\\/\",\"name\":\"BROZ\",\"description\":\"ochran\u00e1rske zdru\u017eenie\",\"publisher\":{\"@id\":\"https:\\\/\\\/broz.sk\\\/#organization\"},\"potentialAction\":[{\"@type\":\"SearchAction\",\"target\":{\"@type\":\"EntryPoint\",\"urlTemplate\":\"https:\\\/\\\/broz.sk\\\/?s={search_term_string}\"},\"query-input\":{\"@type\":\"PropertyValueSpecification\",\"valueRequired\":true,\"valueName\":\"search_term_string\"}}],\"inLanguage\":\"en-US\"},{\"@type\":\"Organization\",\"@id\":\"https:\\\/\\\/broz.sk\\\/#organization\",\"name\":\"BROZ - Bratislavsk\u00e9 region\u00e1lne ochran\u00e1rske zdru\u017eenie\",\"url\":\"https:\\\/\\\/broz.sk\\\/\",\"logo\":{\"@type\":\"ImageObject\",\"inLanguage\":\"en-US\",\"@id\":\"https:\\\/\\\/broz.sk\\\/#\\\/schema\\\/logo\\\/image\\\/\",\"url\":\"https:\\\/\\\/broz.sk\\\/wp-content\\\/uploads\\\/2018\\\/03\\\/broz-logo-hires-color.png\",\"contentUrl\":\"https:\\\/\\\/broz.sk\\\/wp-content\\\/uploads\\\/2018\\\/03\\\/broz-logo-hires-color.png\",\"width\":2585,\"height\":1618,\"caption\":\"BROZ - Bratislavsk\u00e9 region\u00e1lne ochran\u00e1rske zdru\u017eenie\"},\"image\":{\"@id\":\"https:\\\/\\\/broz.sk\\\/#\\\/schema\\\/logo\\\/image\\\/\"},\"sameAs\":[\"https:\\\/\\\/www.facebook.com\\\/broz.ba\\\/\"]}]}<\/script>\n<!-- \/ Yoast SEO Premium plugin. -->","yoast_head_json":{"title":"Tureck\u00fd vrch - BROZ","robots":{"index":"index","follow":"follow","max-snippet":"max-snippet:-1","max-image-preview":"max-image-preview:large","max-video-preview":"max-video-preview:-1"},"canonical":"https:\/\/broz.sk\/en\/turecky-vrch\/","og_locale":"en_US","og_type":"article","og_title":"Tureck\u00fd vrch","og_description":"[vc_row][vc_column][vc_column_text css=&#8221;&#8221;] Site Importance The Site of Community Importance, Tureck\u00fd vrch, lies on the southeast slopes of Tureck\u00fd vrch, between Nov\u00e9 Mesto nad V\u00e1hom and Tren\u010dianske Bohuslavice. The area is designated and protected to ensure the favorable condition of dry grassland habitats of Community interest, covering a total area of 32.03 hectares. Pastures with semi-natural&hellip;","og_url":"https:\/\/broz.sk\/en\/turecky-vrch\/","og_site_name":"BROZ","article_publisher":"https:\/\/www.facebook.com\/broz.ba\/","article_modified_time":"2025-05-28T09:49:49+00:00","og_image":[{"width":192,"height":120,"url":"https:\/\/broz.sk\/wp-content\/uploads\/2018\/03\/broz-logo-color.png","type":"image\/png"}],"twitter_card":"summary_large_image","twitter_misc":{"Est. reading time":"4 minutes"},"schema":{"@context":"https:\/\/schema.org","@graph":[{"@type":"WebPage","@id":"https:\/\/broz.sk\/en\/turecky-vrch\/","url":"https:\/\/broz.sk\/en\/turecky-vrch\/","name":"Tureck\u00fd vrch - BROZ","isPartOf":{"@id":"https:\/\/broz.sk\/#website"},"datePublished":"2025-05-28T09:49:47+00:00","dateModified":"2025-05-28T09:49:49+00:00","breadcrumb":{"@id":"https:\/\/broz.sk\/en\/turecky-vrch\/#breadcrumb"},"inLanguage":"en-US","potentialAction":[{"@type":"ReadAction","target":["https:\/\/broz.sk\/en\/turecky-vrch\/"]}]},{"@type":"BreadcrumbList","@id":"https:\/\/broz.sk\/en\/turecky-vrch\/#breadcrumb","itemListElement":[{"@type":"ListItem","position":1,"name":"Domovsk\u00e1 str\u00e1nka","item":"https:\/\/broz.sk\/en\/"},{"@type":"ListItem","position":2,"name":"Tureck\u00fd vrch"}]},{"@type":"WebSite","@id":"https:\/\/broz.sk\/#website","url":"https:\/\/broz.sk\/","name":"BROZ","description":"ochran\u00e1rske zdru\u017eenie","publisher":{"@id":"https:\/\/broz.sk\/#organization"},"potentialAction":[{"@type":"SearchAction","target":{"@type":"EntryPoint","urlTemplate":"https:\/\/broz.sk\/?s={search_term_string}"},"query-input":{"@type":"PropertyValueSpecification","valueRequired":true,"valueName":"search_term_string"}}],"inLanguage":"en-US"},{"@type":"Organization","@id":"https:\/\/broz.sk\/#organization","name":"BROZ - Bratislavsk\u00e9 region\u00e1lne ochran\u00e1rske zdru\u017eenie","url":"https:\/\/broz.sk\/","logo":{"@type":"ImageObject","inLanguage":"en-US","@id":"https:\/\/broz.sk\/#\/schema\/logo\/image\/","url":"https:\/\/broz.sk\/wp-content\/uploads\/2018\/03\/broz-logo-hires-color.png","contentUrl":"https:\/\/broz.sk\/wp-content\/uploads\/2018\/03\/broz-logo-hires-color.png","width":2585,"height":1618,"caption":"BROZ - Bratislavsk\u00e9 region\u00e1lne ochran\u00e1rske zdru\u017eenie"},"image":{"@id":"https:\/\/broz.sk\/#\/schema\/logo\/image\/"},"sameAs":["https:\/\/www.facebook.com\/broz.ba\/"]}]}},"_links":{"self":[{"href":"https:\/\/broz.sk\/en\/wp-json\/wp\/v2\/pages\/38593","targetHints":{"allow":["GET"]}}],"collection":[{"href":"https:\/\/broz.sk\/en\/wp-json\/wp\/v2\/pages"}],"about":[{"href":"https:\/\/broz.sk\/en\/wp-json\/wp\/v2\/types\/page"}],"author":[{"embeddable":true,"href":"https:\/\/broz.sk\/en\/wp-json\/wp\/v2\/users\/19"}],"replies":[{"embeddable":true,"href":"https:\/\/broz.sk\/en\/wp-json\/wp\/v2\/comments?post=38593"}],"version-history":[{"count":2,"href":"https:\/\/broz.sk\/en\/wp-json\/wp\/v2\/pages\/38593\/revisions"}],"predecessor-version":[{"id":38595,"href":"https:\/\/broz.sk\/en\/wp-json\/wp\/v2\/pages\/38593\/revisions\/38595"}],"wp:attachment":[{"href":"https:\/\/broz.sk\/en\/wp-json\/wp\/v2\/media?parent=38593"}],"curies":[{"name":"wp","href":"https:\/\/api.w.org\/{rel}","templated":true}]}}