{"id":38170,"date":"2025-05-21T10:36:12","date_gmt":"2025-05-21T08:36:12","guid":{"rendered":"https:\/\/broz.sk\/horny-vrch\/"},"modified":"2025-05-21T11:45:01","modified_gmt":"2025-05-21T09:45:01","slug":"horny-vrch","status":"publish","type":"page","link":"https:\/\/broz.sk\/en\/horny-vrch\/","title":{"rendered":"Horny vrch"},"content":{"rendered":"<div class=\"wpb-content-wrapper\">[vc_row][vc_column][vc_column_text css=&#8221;&#8221;]On Turniansky hradn\u00fd vrch (castle hill), which is part of the Horn\u00fd vrch Site of Community Importance, we restored more than 25 hectares of dry grassland steppe habitats, classified as habitats of Community importance. In this karst area, we have restored several dozen hectares through the careful removal of volunteer woody species. These restored steppe grasslands create ideal conditions for the continued existence and expansion of the rare Carpathian-Pannonian endemic <em>Onosma viridis<\/em>. It can be observed on sunlit limestone slopes and in rock crevices, blooming from July to September.[\/vc_column_text][vc_row_inner][vc_column_inner width=&#8221;1\/2&#8243;][vc_single_image image=&#8221;38136&#8243; img_size=&#8221;full&#8221; onclick=&#8221;link_image&#8221; css=&#8221;&#8221;][vc_column_text css=&#8221;&#8221;]Onosma viridis (<em>syn. Onosma tornensis<\/em>)[\/vc_column_text][\/vc_column_inner][vc_column_inner width=&#8221;1\/2&#8243;][vc_single_image image=&#8221;38146&#8243; img_size=&#8221;full&#8221; onclick=&#8221;link_image&#8221; css=&#8221;&#8221;][vc_column_text css=&#8221;&#8221;]A clump of <em>Onosma viridis<\/em> growing from limestone pavement[\/vc_column_text][\/vc_column_inner][\/vc_row_inner][vc_single_image image=&#8221;38121&#8243; img_size=&#8221;full&#8221; onclick=&#8221;link_image&#8221; css=&#8221;&#8221;][vc_column_text css=&#8221;&#8221;]Aerial photograph from 1950 showing the historical land cover and land use[\/vc_column_text]<div class=\"twentytwenty-container\" data-orientation=\"horizontal\" data-offset=\"0.5\"><img fetchpriority=\"high\" decoding=\"async\" class=\"preload-me\" src=\"https:\/\/broz.sk\/wp-content\/uploads\/2025\/05\/8.jpg\" width=\"1280\" height=\"809\"  title=\"2022\" alt=\"\"><img decoding=\"async\" class=\"preload-me\" src=\"https:\/\/broz.sk\/wp-content\/uploads\/2025\/05\/9.jpg\" width=\"1280\" height=\"809\"  title=\"2024\" alt=\"\"><\/div>[vc_empty_space height=&#8221;16px&#8221;][vc_column_text css=&#8221;&#8221;]Aerial photograph from 2022 \u2014 before restoration | Satellite image from 2024 \u2014 after careful restoration[\/vc_column_text][\/vc_column][\/vc_row]<\/div>","protected":false},"excerpt":{"rendered":"<p>[vc_row][vc_column][vc_column_text css=&#8221;&#8221;]On Turniansky hradn\u00fd vrch (castle hill), which is part of the Horn\u00fd vrch Site of Community Importance, we restored more than 25 hectares of dry grassland steppe habitats, classified as habitats of Community importance. In this karst area, we have restored several dozen hectares through the careful removal of volunteer woody species. These restored&hellip;<\/p>\n","protected":false},"author":19,"featured_media":0,"parent":0,"menu_order":25,"comment_status":"closed","ping_status":"closed","template":"","meta":{"_acf_changed":false,"pmpro_default_level":"","footnotes":""},"class_list":["post-38170","page","type-page","status-publish","hentry","pmpro-has-access","description-off"],"acf":[],"yoast_head":"<!-- This site is optimized with the Yoast SEO Premium plugin v21.4 (Yoast SEO v27.5) - https:\/\/yoast.com\/product\/yoast-seo-premium-wordpress\/ -->\n<title>Horny vrch - BROZ<\/title>\n<meta name=\"robots\" content=\"index, follow, max-snippet:-1, max-image-preview:large, max-video-preview:-1\" \/>\n<link rel=\"canonical\" href=\"https:\/\/broz.sk\/en\/horny-vrch\/\" \/>\n<meta property=\"og:locale\" content=\"en_US\" \/>\n<meta property=\"og:type\" content=\"article\" \/>\n<meta property=\"og:title\" content=\"Horny vrch\" \/>\n<meta property=\"og:description\" content=\"[vc_row][vc_column][vc_column_text css=&#8221;&#8221;]On Turniansky hradn\u00fd vrch (castle hill), which is part of the Horn\u00fd vrch Site of Community Importance, we restored more than 25 hectares of dry grassland steppe habitats, classified as habitats of Community importance. In this karst area, we have restored several dozen hectares through the careful removal of volunteer woody species. These restored&hellip;\" \/>\n<meta property=\"og:url\" content=\"https:\/\/broz.sk\/en\/horny-vrch\/\" \/>\n<meta property=\"og:site_name\" content=\"BROZ\" \/>\n<meta property=\"article:publisher\" content=\"https:\/\/www.facebook.com\/broz.ba\/\" \/>\n<meta property=\"article:modified_time\" content=\"2025-05-21T09:45:01+00:00\" \/>\n<meta property=\"og:image\" content=\"https:\/\/broz.sk\/wp-content\/uploads\/2018\/03\/broz-logo-color.png\" \/>\n\t<meta property=\"og:image:width\" content=\"192\" \/>\n\t<meta property=\"og:image:height\" content=\"120\" \/>\n\t<meta property=\"og:image:type\" content=\"image\/png\" \/>\n<meta name=\"twitter:card\" content=\"summary_large_image\" \/>\n<meta name=\"twitter:label1\" content=\"Est. reading time\" \/>\n\t<meta name=\"twitter:data1\" content=\"1 minute\" \/>\n<script type=\"application\/ld+json\" class=\"yoast-schema-graph\">{\"@context\":\"https:\\\/\\\/schema.org\",\"@graph\":[{\"@type\":\"WebPage\",\"@id\":\"https:\\\/\\\/broz.sk\\\/en\\\/horny-vrch\\\/\",\"url\":\"https:\\\/\\\/broz.sk\\\/en\\\/horny-vrch\\\/\",\"name\":\"Horny vrch - BROZ\",\"isPartOf\":{\"@id\":\"https:\\\/\\\/broz.sk\\\/#website\"},\"datePublished\":\"2025-05-21T08:36:12+00:00\",\"dateModified\":\"2025-05-21T09:45:01+00:00\",\"breadcrumb\":{\"@id\":\"https:\\\/\\\/broz.sk\\\/en\\\/horny-vrch\\\/#breadcrumb\"},\"inLanguage\":\"en-US\",\"potentialAction\":[{\"@type\":\"ReadAction\",\"target\":[\"https:\\\/\\\/broz.sk\\\/en\\\/horny-vrch\\\/\"]}]},{\"@type\":\"BreadcrumbList\",\"@id\":\"https:\\\/\\\/broz.sk\\\/en\\\/horny-vrch\\\/#breadcrumb\",\"itemListElement\":[{\"@type\":\"ListItem\",\"position\":1,\"name\":\"Domovsk\u00e1 str\u00e1nka\",\"item\":\"https:\\\/\\\/broz.sk\\\/en\\\/\"},{\"@type\":\"ListItem\",\"position\":2,\"name\":\"Horny vrch\"}]},{\"@type\":\"WebSite\",\"@id\":\"https:\\\/\\\/broz.sk\\\/#website\",\"url\":\"https:\\\/\\\/broz.sk\\\/\",\"name\":\"BROZ\",\"description\":\"ochran\u00e1rske zdru\u017eenie\",\"publisher\":{\"@id\":\"https:\\\/\\\/broz.sk\\\/#organization\"},\"potentialAction\":[{\"@type\":\"SearchAction\",\"target\":{\"@type\":\"EntryPoint\",\"urlTemplate\":\"https:\\\/\\\/broz.sk\\\/?s={search_term_string}\"},\"query-input\":{\"@type\":\"PropertyValueSpecification\",\"valueRequired\":true,\"valueName\":\"search_term_string\"}}],\"inLanguage\":\"en-US\"},{\"@type\":\"Organization\",\"@id\":\"https:\\\/\\\/broz.sk\\\/#organization\",\"name\":\"BROZ - Bratislavsk\u00e9 region\u00e1lne ochran\u00e1rske zdru\u017eenie\",\"url\":\"https:\\\/\\\/broz.sk\\\/\",\"logo\":{\"@type\":\"ImageObject\",\"inLanguage\":\"en-US\",\"@id\":\"https:\\\/\\\/broz.sk\\\/#\\\/schema\\\/logo\\\/image\\\/\",\"url\":\"https:\\\/\\\/broz.sk\\\/wp-content\\\/uploads\\\/2018\\\/03\\\/broz-logo-hires-color.png\",\"contentUrl\":\"https:\\\/\\\/broz.sk\\\/wp-content\\\/uploads\\\/2018\\\/03\\\/broz-logo-hires-color.png\",\"width\":2585,\"height\":1618,\"caption\":\"BROZ - Bratislavsk\u00e9 region\u00e1lne ochran\u00e1rske zdru\u017eenie\"},\"image\":{\"@id\":\"https:\\\/\\\/broz.sk\\\/#\\\/schema\\\/logo\\\/image\\\/\"},\"sameAs\":[\"https:\\\/\\\/www.facebook.com\\\/broz.ba\\\/\"]}]}<\/script>\n<!-- \/ Yoast SEO Premium plugin. -->","yoast_head_json":{"title":"Horny vrch - BROZ","robots":{"index":"index","follow":"follow","max-snippet":"max-snippet:-1","max-image-preview":"max-image-preview:large","max-video-preview":"max-video-preview:-1"},"canonical":"https:\/\/broz.sk\/en\/horny-vrch\/","og_locale":"en_US","og_type":"article","og_title":"Horny vrch","og_description":"[vc_row][vc_column][vc_column_text css=&#8221;&#8221;]On Turniansky hradn\u00fd vrch (castle hill), which is part of the Horn\u00fd vrch Site of Community Importance, we restored more than 25 hectares of dry grassland steppe habitats, classified as habitats of Community importance. In this karst area, we have restored several dozen hectares through the careful removal of volunteer woody species. These restored&hellip;","og_url":"https:\/\/broz.sk\/en\/horny-vrch\/","og_site_name":"BROZ","article_publisher":"https:\/\/www.facebook.com\/broz.ba\/","article_modified_time":"2025-05-21T09:45:01+00:00","og_image":[{"width":192,"height":120,"url":"https:\/\/broz.sk\/wp-content\/uploads\/2018\/03\/broz-logo-color.png","type":"image\/png"}],"twitter_card":"summary_large_image","twitter_misc":{"Est. reading time":"1 minute"},"schema":{"@context":"https:\/\/schema.org","@graph":[{"@type":"WebPage","@id":"https:\/\/broz.sk\/en\/horny-vrch\/","url":"https:\/\/broz.sk\/en\/horny-vrch\/","name":"Horny vrch - BROZ","isPartOf":{"@id":"https:\/\/broz.sk\/#website"},"datePublished":"2025-05-21T08:36:12+00:00","dateModified":"2025-05-21T09:45:01+00:00","breadcrumb":{"@id":"https:\/\/broz.sk\/en\/horny-vrch\/#breadcrumb"},"inLanguage":"en-US","potentialAction":[{"@type":"ReadAction","target":["https:\/\/broz.sk\/en\/horny-vrch\/"]}]},{"@type":"BreadcrumbList","@id":"https:\/\/broz.sk\/en\/horny-vrch\/#breadcrumb","itemListElement":[{"@type":"ListItem","position":1,"name":"Domovsk\u00e1 str\u00e1nka","item":"https:\/\/broz.sk\/en\/"},{"@type":"ListItem","position":2,"name":"Horny vrch"}]},{"@type":"WebSite","@id":"https:\/\/broz.sk\/#website","url":"https:\/\/broz.sk\/","name":"BROZ","description":"ochran\u00e1rske zdru\u017eenie","publisher":{"@id":"https:\/\/broz.sk\/#organization"},"potentialAction":[{"@type":"SearchAction","target":{"@type":"EntryPoint","urlTemplate":"https:\/\/broz.sk\/?s={search_term_string}"},"query-input":{"@type":"PropertyValueSpecification","valueRequired":true,"valueName":"search_term_string"}}],"inLanguage":"en-US"},{"@type":"Organization","@id":"https:\/\/broz.sk\/#organization","name":"BROZ - Bratislavsk\u00e9 region\u00e1lne ochran\u00e1rske zdru\u017eenie","url":"https:\/\/broz.sk\/","logo":{"@type":"ImageObject","inLanguage":"en-US","@id":"https:\/\/broz.sk\/#\/schema\/logo\/image\/","url":"https:\/\/broz.sk\/wp-content\/uploads\/2018\/03\/broz-logo-hires-color.png","contentUrl":"https:\/\/broz.sk\/wp-content\/uploads\/2018\/03\/broz-logo-hires-color.png","width":2585,"height":1618,"caption":"BROZ - Bratislavsk\u00e9 region\u00e1lne ochran\u00e1rske zdru\u017eenie"},"image":{"@id":"https:\/\/broz.sk\/#\/schema\/logo\/image\/"},"sameAs":["https:\/\/www.facebook.com\/broz.ba\/"]}]}},"_links":{"self":[{"href":"https:\/\/broz.sk\/en\/wp-json\/wp\/v2\/pages\/38170","targetHints":{"allow":["GET"]}}],"collection":[{"href":"https:\/\/broz.sk\/en\/wp-json\/wp\/v2\/pages"}],"about":[{"href":"https:\/\/broz.sk\/en\/wp-json\/wp\/v2\/types\/page"}],"author":[{"embeddable":true,"href":"https:\/\/broz.sk\/en\/wp-json\/wp\/v2\/users\/19"}],"replies":[{"embeddable":true,"href":"https:\/\/broz.sk\/en\/wp-json\/wp\/v2\/comments?post=38170"}],"version-history":[{"count":7,"href":"https:\/\/broz.sk\/en\/wp-json\/wp\/v2\/pages\/38170\/revisions"}],"predecessor-version":[{"id":38241,"href":"https:\/\/broz.sk\/en\/wp-json\/wp\/v2\/pages\/38170\/revisions\/38241"}],"wp:attachment":[{"href":"https:\/\/broz.sk\/en\/wp-json\/wp\/v2\/media?parent=38170"}],"curies":[{"name":"wp","href":"https:\/\/api.w.org\/{rel}","templated":true}]}}