{"id":38004,"date":"2025-05-20T12:00:51","date_gmt":"2025-05-20T10:00:51","guid":{"rendered":"https:\/\/broz.sk\/site-of-community-importance-plesivske-strane\/"},"modified":"2025-05-21T11:47:29","modified_gmt":"2025-05-21T09:47:29","slug":"plesivske-strane","status":"publish","type":"page","link":"https:\/\/broz.sk\/en\/plesivske-strane\/","title":{"rendered":"Site of Community Importance Ple\u0161ivsk\u00e9 str\u00e1ne"},"content":{"rendered":"<div class=\"wpb-content-wrapper\">[vc_row][vc_column][vc_column_text css=&#8221;&#8221;]The <strong>SCI Ple\u0161ivsk\u00e9 str\u00e1ne<\/strong> was designated to protect and improve the favourable status of valuable habitats, such as rare dry steppic grasslands, characterized by thermophilous vegetation. In addition, the site includes calcareous rocky slopes, inaccessible caves, thermophilic subcontinental peri-Pannonic scrubs, and thermophilic Pannonian woods with downy oak (<em>Quercus pubescens<\/em>). Cooler areas are home to calcareous beech forests, while steep rocky slopes provide ideal conditions for linden-maple forests of slopes, screes and ravines.[\/vc_column_text][\/vc_column][\/vc_row][vc_row][vc_column width=&#8221;1\/2&#8243;][vc_single_image image=&#8221;37971&#8243; img_size=&#8221;full&#8221; alignment=&#8221;center&#8221; onclick=&#8221;link_image&#8221; css=&#8221;&#8221;][vc_column_text css=&#8221;&#8221;]greater pasque flower (<em>Pulsatilla grandis<\/em>)[\/vc_column_text][\/vc_column][vc_column width=&#8221;1\/2&#8243;][vc_single_image image=&#8221;37981&#8243; img_size=&#8221;full&#8221; alignment=&#8221;center&#8221; onclick=&#8221;link_image&#8221; css=&#8221;&#8221;][vc_column_text css=&#8221;&#8221;]Austrian dragonhead (<em>Dracocephalum austriacum<\/em>)[\/vc_column_text][\/vc_column][\/vc_row][vc_row][vc_column][vc_column_text css=&#8221;&#8221;]Preserving this area is crucial for rare steppe species that have found refuge here. Among them are the greater pasque flower and the Austrian dragonhead, which enrich the local grassland\u2019s gene pool. Among rare invertebrates, the Eurasian toothed grasshopper can be found here. The great capricorn beetle is bound with oak trees, whether in forests or in open wood pastures. The site is also home to several protected bat species.[\/vc_column_text][\/vc_column][\/vc_row][vc_row equal_height=&#8221;yes&#8221; content_placement=&#8221;middle&#8221;][vc_column width=&#8221;1\/3&#8243;][vc_single_image image=&#8221;37976&#8243; img_size=&#8221;full&#8221; alignment=&#8221;center&#8221; onclick=&#8221;link_image&#8221; css=&#8221;&#8221;][vc_column_text css=&#8221;&#8221;]great capricorn beetle (<em>Cerambyx cerdo<\/em>)[\/vc_column_text][\/vc_column][vc_column width=&#8221;1\/3&#8243;][vc_single_image image=&#8221;37997&#8243; img_size=&#8221;full&#8221; alignment=&#8221;center&#8221; onclick=&#8221;link_image&#8221; css=&#8221;&#8221;][vc_column_text css=&#8221;&#8221;]greater horseshoe bat (<em>Rhinolophus ferrumequinum<\/em>)[\/vc_column_text][\/vc_column][vc_column width=&#8221;1\/3&#8243;][vc_single_image image=&#8221;37991&#8243; img_size=&#8221;full&#8221; alignment=&#8221;center&#8221; onclick=&#8221;link_image&#8221; css=&#8221;&#8221;][vc_column_text css=&#8221;&#8221;]Eurasian toothed grasshopper (<em>Stenobothrus eurasius<\/em>)[\/vc_column_text][\/vc_column][\/vc_row][vc_row][vc_column][vc_column_text css=&#8221;&#8221;]The greatest threat to these thermophilous habitats is the decline of traditional land management, leading to overgrowth by both native and non-native woody species, which results in a loss of biodiversity and the disappearance of species strictly dependent on open steppe ecosystems. To protect these species and habitats, it is essential to reintroduce traditional land-use practices such as grazing, which will help preserve this unique site for future generations.[\/vc_column_text][\/vc_column][\/vc_row]<\/div>","protected":false},"excerpt":{"rendered":"<p>[vc_row][vc_column][vc_column_text css=&#8221;&#8221;]The SCI Ple\u0161ivsk\u00e9 str\u00e1ne was designated to protect and improve the favourable status of valuable habitats, such as rare dry steppic grasslands, characterized by thermophilous vegetation. In addition, the site includes calcareous rocky slopes, inaccessible caves, thermophilic subcontinental peri-Pannonic scrubs, and thermophilic Pannonian woods with downy oak (Quercus pubescens). Cooler areas are home to&hellip;<\/p>\n","protected":false},"author":19,"featured_media":0,"parent":0,"menu_order":11,"comment_status":"closed","ping_status":"closed","template":"","meta":{"_acf_changed":false,"pmpro_default_level":"","footnotes":""},"class_list":["post-38004","page","type-page","status-publish","hentry","pmpro-has-access","description-off"],"acf":[],"yoast_head":"<!-- This site is optimized with the Yoast SEO Premium plugin v21.4 (Yoast SEO v27.5) - https:\/\/yoast.com\/product\/yoast-seo-premium-wordpress\/ -->\n<title>Site of Community Importance Ple\u0161ivsk\u00e9 str\u00e1ne - BROZ<\/title>\n<meta name=\"robots\" content=\"index, follow, max-snippet:-1, max-image-preview:large, max-video-preview:-1\" \/>\n<link rel=\"canonical\" href=\"https:\/\/broz.sk\/en\/plesivske-strane\/\" \/>\n<meta property=\"og:locale\" content=\"en_US\" \/>\n<meta property=\"og:type\" content=\"article\" \/>\n<meta property=\"og:title\" content=\"Site of Community Importance Ple\u0161ivsk\u00e9 str\u00e1ne\" \/>\n<meta property=\"og:description\" content=\"[vc_row][vc_column][vc_column_text css=&#8221;&#8221;]The SCI Ple\u0161ivsk\u00e9 str\u00e1ne was designated to protect and improve the favourable status of valuable habitats, such as rare dry steppic grasslands, characterized by thermophilous vegetation. In addition, the site includes calcareous rocky slopes, inaccessible caves, thermophilic subcontinental peri-Pannonic scrubs, and thermophilic Pannonian woods with downy oak (Quercus pubescens). Cooler areas are home to&hellip;\" \/>\n<meta property=\"og:url\" content=\"https:\/\/broz.sk\/en\/plesivske-strane\/\" \/>\n<meta property=\"og:site_name\" content=\"BROZ\" \/>\n<meta property=\"article:publisher\" content=\"https:\/\/www.facebook.com\/broz.ba\/\" \/>\n<meta property=\"article:modified_time\" content=\"2025-05-21T09:47:29+00:00\" \/>\n<meta property=\"og:image\" content=\"https:\/\/broz.sk\/wp-content\/uploads\/2018\/03\/broz-logo-color.png\" \/>\n\t<meta property=\"og:image:width\" content=\"192\" \/>\n\t<meta property=\"og:image:height\" content=\"120\" \/>\n\t<meta property=\"og:image:type\" content=\"image\/png\" \/>\n<meta name=\"twitter:card\" content=\"summary_large_image\" \/>\n<meta name=\"twitter:label1\" content=\"Est. reading time\" \/>\n\t<meta name=\"twitter:data1\" content=\"2 minutes\" \/>\n<script type=\"application\/ld+json\" class=\"yoast-schema-graph\">{\"@context\":\"https:\\\/\\\/schema.org\",\"@graph\":[{\"@type\":\"WebPage\",\"@id\":\"https:\\\/\\\/broz.sk\\\/en\\\/plesivske-strane\\\/\",\"url\":\"https:\\\/\\\/broz.sk\\\/en\\\/plesivske-strane\\\/\",\"name\":\"Site of Community Importance Ple\u0161ivsk\u00e9 str\u00e1ne - BROZ\",\"isPartOf\":{\"@id\":\"https:\\\/\\\/broz.sk\\\/#website\"},\"datePublished\":\"2025-05-20T10:00:51+00:00\",\"dateModified\":\"2025-05-21T09:47:29+00:00\",\"breadcrumb\":{\"@id\":\"https:\\\/\\\/broz.sk\\\/en\\\/plesivske-strane\\\/#breadcrumb\"},\"inLanguage\":\"en-US\",\"potentialAction\":[{\"@type\":\"ReadAction\",\"target\":[\"https:\\\/\\\/broz.sk\\\/en\\\/plesivske-strane\\\/\"]}]},{\"@type\":\"BreadcrumbList\",\"@id\":\"https:\\\/\\\/broz.sk\\\/en\\\/plesivske-strane\\\/#breadcrumb\",\"itemListElement\":[{\"@type\":\"ListItem\",\"position\":1,\"name\":\"Domovsk\u00e1 str\u00e1nka\",\"item\":\"https:\\\/\\\/broz.sk\\\/en\\\/\"},{\"@type\":\"ListItem\",\"position\":2,\"name\":\"Site of Community Importance Ple\u0161ivsk\u00e9 str\u00e1ne\"}]},{\"@type\":\"WebSite\",\"@id\":\"https:\\\/\\\/broz.sk\\\/#website\",\"url\":\"https:\\\/\\\/broz.sk\\\/\",\"name\":\"BROZ\",\"description\":\"ochran\u00e1rske zdru\u017eenie\",\"publisher\":{\"@id\":\"https:\\\/\\\/broz.sk\\\/#organization\"},\"potentialAction\":[{\"@type\":\"SearchAction\",\"target\":{\"@type\":\"EntryPoint\",\"urlTemplate\":\"https:\\\/\\\/broz.sk\\\/?s={search_term_string}\"},\"query-input\":{\"@type\":\"PropertyValueSpecification\",\"valueRequired\":true,\"valueName\":\"search_term_string\"}}],\"inLanguage\":\"en-US\"},{\"@type\":\"Organization\",\"@id\":\"https:\\\/\\\/broz.sk\\\/#organization\",\"name\":\"BROZ - Bratislavsk\u00e9 region\u00e1lne ochran\u00e1rske zdru\u017eenie\",\"url\":\"https:\\\/\\\/broz.sk\\\/\",\"logo\":{\"@type\":\"ImageObject\",\"inLanguage\":\"en-US\",\"@id\":\"https:\\\/\\\/broz.sk\\\/#\\\/schema\\\/logo\\\/image\\\/\",\"url\":\"https:\\\/\\\/broz.sk\\\/wp-content\\\/uploads\\\/2018\\\/03\\\/broz-logo-hires-color.png\",\"contentUrl\":\"https:\\\/\\\/broz.sk\\\/wp-content\\\/uploads\\\/2018\\\/03\\\/broz-logo-hires-color.png\",\"width\":2585,\"height\":1618,\"caption\":\"BROZ - Bratislavsk\u00e9 region\u00e1lne ochran\u00e1rske zdru\u017eenie\"},\"image\":{\"@id\":\"https:\\\/\\\/broz.sk\\\/#\\\/schema\\\/logo\\\/image\\\/\"},\"sameAs\":[\"https:\\\/\\\/www.facebook.com\\\/broz.ba\\\/\"]}]}<\/script>\n<!-- \/ Yoast SEO Premium plugin. -->","yoast_head_json":{"title":"Site of Community Importance Ple\u0161ivsk\u00e9 str\u00e1ne - BROZ","robots":{"index":"index","follow":"follow","max-snippet":"max-snippet:-1","max-image-preview":"max-image-preview:large","max-video-preview":"max-video-preview:-1"},"canonical":"https:\/\/broz.sk\/en\/plesivske-strane\/","og_locale":"en_US","og_type":"article","og_title":"Site of Community Importance Ple\u0161ivsk\u00e9 str\u00e1ne","og_description":"[vc_row][vc_column][vc_column_text css=&#8221;&#8221;]The SCI Ple\u0161ivsk\u00e9 str\u00e1ne was designated to protect and improve the favourable status of valuable habitats, such as rare dry steppic grasslands, characterized by thermophilous vegetation. In addition, the site includes calcareous rocky slopes, inaccessible caves, thermophilic subcontinental peri-Pannonic scrubs, and thermophilic Pannonian woods with downy oak (Quercus pubescens). Cooler areas are home to&hellip;","og_url":"https:\/\/broz.sk\/en\/plesivske-strane\/","og_site_name":"BROZ","article_publisher":"https:\/\/www.facebook.com\/broz.ba\/","article_modified_time":"2025-05-21T09:47:29+00:00","og_image":[{"width":192,"height":120,"url":"https:\/\/broz.sk\/wp-content\/uploads\/2018\/03\/broz-logo-color.png","type":"image\/png"}],"twitter_card":"summary_large_image","twitter_misc":{"Est. reading time":"2 minutes"},"schema":{"@context":"https:\/\/schema.org","@graph":[{"@type":"WebPage","@id":"https:\/\/broz.sk\/en\/plesivske-strane\/","url":"https:\/\/broz.sk\/en\/plesivske-strane\/","name":"Site of Community Importance Ple\u0161ivsk\u00e9 str\u00e1ne - BROZ","isPartOf":{"@id":"https:\/\/broz.sk\/#website"},"datePublished":"2025-05-20T10:00:51+00:00","dateModified":"2025-05-21T09:47:29+00:00","breadcrumb":{"@id":"https:\/\/broz.sk\/en\/plesivske-strane\/#breadcrumb"},"inLanguage":"en-US","potentialAction":[{"@type":"ReadAction","target":["https:\/\/broz.sk\/en\/plesivske-strane\/"]}]},{"@type":"BreadcrumbList","@id":"https:\/\/broz.sk\/en\/plesivske-strane\/#breadcrumb","itemListElement":[{"@type":"ListItem","position":1,"name":"Domovsk\u00e1 str\u00e1nka","item":"https:\/\/broz.sk\/en\/"},{"@type":"ListItem","position":2,"name":"Site of Community Importance Ple\u0161ivsk\u00e9 str\u00e1ne"}]},{"@type":"WebSite","@id":"https:\/\/broz.sk\/#website","url":"https:\/\/broz.sk\/","name":"BROZ","description":"ochran\u00e1rske zdru\u017eenie","publisher":{"@id":"https:\/\/broz.sk\/#organization"},"potentialAction":[{"@type":"SearchAction","target":{"@type":"EntryPoint","urlTemplate":"https:\/\/broz.sk\/?s={search_term_string}"},"query-input":{"@type":"PropertyValueSpecification","valueRequired":true,"valueName":"search_term_string"}}],"inLanguage":"en-US"},{"@type":"Organization","@id":"https:\/\/broz.sk\/#organization","name":"BROZ - Bratislavsk\u00e9 region\u00e1lne ochran\u00e1rske zdru\u017eenie","url":"https:\/\/broz.sk\/","logo":{"@type":"ImageObject","inLanguage":"en-US","@id":"https:\/\/broz.sk\/#\/schema\/logo\/image\/","url":"https:\/\/broz.sk\/wp-content\/uploads\/2018\/03\/broz-logo-hires-color.png","contentUrl":"https:\/\/broz.sk\/wp-content\/uploads\/2018\/03\/broz-logo-hires-color.png","width":2585,"height":1618,"caption":"BROZ - Bratislavsk\u00e9 region\u00e1lne ochran\u00e1rske zdru\u017eenie"},"image":{"@id":"https:\/\/broz.sk\/#\/schema\/logo\/image\/"},"sameAs":["https:\/\/www.facebook.com\/broz.ba\/"]}]}},"_links":{"self":[{"href":"https:\/\/broz.sk\/en\/wp-json\/wp\/v2\/pages\/38004","targetHints":{"allow":["GET"]}}],"collection":[{"href":"https:\/\/broz.sk\/en\/wp-json\/wp\/v2\/pages"}],"about":[{"href":"https:\/\/broz.sk\/en\/wp-json\/wp\/v2\/types\/page"}],"author":[{"embeddable":true,"href":"https:\/\/broz.sk\/en\/wp-json\/wp\/v2\/users\/19"}],"replies":[{"embeddable":true,"href":"https:\/\/broz.sk\/en\/wp-json\/wp\/v2\/comments?post=38004"}],"version-history":[{"count":3,"href":"https:\/\/broz.sk\/en\/wp-json\/wp\/v2\/pages\/38004\/revisions"}],"predecessor-version":[{"id":38271,"href":"https:\/\/broz.sk\/en\/wp-json\/wp\/v2\/pages\/38004\/revisions\/38271"}],"wp:attachment":[{"href":"https:\/\/broz.sk\/en\/wp-json\/wp\/v2\/media?parent=38004"}],"curies":[{"name":"wp","href":"https:\/\/api.w.org\/{rel}","templated":true}]}}