{"id":30105,"date":"2023-10-11T14:19:34","date_gmt":"2023-10-11T12:19:34","guid":{"rendered":"https:\/\/broz.sk\/?page_id=30105"},"modified":"2024-03-15T15:00:05","modified_gmt":"2024-03-15T14:00:05","slug":"contacts","status":"publish","type":"page","link":"https:\/\/broz.sk\/en\/contacts\/","title":{"rendered":"Contacts"},"content":{"rendered":"<div class=\"wpb-content-wrapper\">[vc_row el_class=&#8221;vcard&#8221;][vc_column][vc_row_inner][vc_column_inner width=&#8221;1\/3&#8243;][vc_column_text]\r\n<div class=\"adr\">\r\n\r\n<strong>BROZ \u2013 conservation association<\/strong>\r\n<div class=\"street-address\">\r\n\r\nNa Rivi\u00e9re 7\/a\r\n\r\n<\/div>\r\n<span class=\"postal\">841 04<\/span> <span class=\"locality\">Bratislava<\/span>\r\n\r\n<\/div>\r\n<a class=\"map\" href=\"https:\/\/maps.google.sk\/maps?q=48.148279,17.061617&amp;num=1&amp;t=h&amp;z=19\">Location on the map<\/a>[\/vc_column_text][vc_column_text]<i class=\"fa icon-globe\"><\/i> <a class=\"url\" href=\"http:\/\/broz.sk\">www.broz.sk<\/a>\r\n<i class=\"fa icon-mail\"><\/i> broz(at)broz.sk[\/vc_column_text][\/vc_column_inner][vc_column_inner width=&#8221;1\/3&#8243;][vc_column_text]<strong>Office<\/strong>\r\n<div class=\"tel\"><i class=\"fa icon-phone\"><\/i> + 421 903 046 540<\/div>\r\n<div class=\"tel\"><\/div>\r\n&nbsp;\r\n\r\n<strong>Economic department<\/strong>\r\n<div class=\"tel\"><i class=\"fa icon-phone\"><\/i> + 421 949 593 267<\/div>\r\n[\/vc_column_text][\/vc_column_inner][vc_column_inner width=&#8221;1\/3&#8243;][vc_column_text]<strong>Bank details<\/strong>\r\n<div class=\"tel\">\r\n\r\nBank: V\u00daB banka, a.s.\r\n\r\nIBAN:\u00a0SK85 0200 0000 0037 6214 5357\r\n\r\nSWIFT\/BIC:\u00a0SUBASKBX\r\n\r\n&nbsp;\r\n\r\n<\/div>\r\n<strong>I\u010cO:<\/strong> 31771815\r\n<strong>DI\u010c:<\/strong> 2021575028[\/vc_column_text][\/vc_column_inner][\/vc_row_inner][\/vc_column][\/vc_row]<\/div>","protected":false},"excerpt":{"rendered":"<p>[vc_row el_class=&#8221;vcard&#8221;][vc_column][vc_row_inner][vc_column_inner width=&#8221;1\/3&#8243;][vc_column_text] BROZ \u2013 conservation association Na Rivi\u00e9re 7\/a 841 04 Bratislava Location on the map[\/vc_column_text][vc_column_text] www.broz.sk broz(at)broz.sk[\/vc_column_text][\/vc_column_inner][vc_column_inner width=&#8221;1\/3&#8243;][vc_column_text]Office + 421 903 046 540 &nbsp; Economic department + 421 949 593 267 [\/vc_column_text][\/vc_column_inner][vc_column_inner width=&#8221;1\/3&#8243;][vc_column_text]Bank details Bank: V\u00daB banka, a.s. IBAN:\u00a0SK85 0200 0000 0037 6214 5357 SWIFT\/BIC:\u00a0SUBASKBX &nbsp; I\u010cO: 31771815 DI\u010c: 2021575028[\/vc_column_text][\/vc_column_inner][\/vc_row_inner][\/vc_column][\/vc_row]<\/p>\n","protected":false},"author":2,"featured_media":0,"parent":0,"menu_order":118,"comment_status":"closed","ping_status":"closed","template":"","meta":{"_acf_changed":false,"pmpro_default_level":"","footnotes":""},"class_list":["post-30105","page","type-page","status-publish","hentry","pmpro-has-access","description-off"],"acf":[],"yoast_head":"<!-- This site is optimized with the Yoast SEO Premium plugin v21.4 (Yoast SEO v27.4) - https:\/\/yoast.com\/product\/yoast-seo-premium-wordpress\/ -->\n<title>Contacts - BROZ<\/title>\n<meta name=\"robots\" content=\"index, follow, max-snippet:-1, max-image-preview:large, max-video-preview:-1\" \/>\n<link rel=\"canonical\" href=\"https:\/\/broz.sk\/en\/contacts\/\" \/>\n<meta property=\"og:locale\" content=\"en_US\" \/>\n<meta property=\"og:type\" content=\"article\" \/>\n<meta property=\"og:title\" content=\"Contacts\" \/>\n<meta property=\"og:description\" content=\"[vc_row el_class=&#8221;vcard&#8221;][vc_column][vc_row_inner][vc_column_inner width=&#8221;1\/3&#8243;][vc_column_text] BROZ \u2013 conservation association Na Rivi\u00e9re 7\/a 841 04 Bratislava Location on the map[\/vc_column_text][vc_column_text] www.broz.sk broz(at)broz.sk[\/vc_column_text][\/vc_column_inner][vc_column_inner width=&#8221;1\/3&#8243;][vc_column_text]Office + 421 903 046 540 &nbsp; Economic department + 421 949 593 267 [\/vc_column_text][\/vc_column_inner][vc_column_inner width=&#8221;1\/3&#8243;][vc_column_text]Bank details Bank: V\u00daB banka, a.s. IBAN:\u00a0SK85 0200 0000 0037 6214 5357 SWIFT\/BIC:\u00a0SUBASKBX &nbsp; I\u010cO: 31771815 DI\u010c: 2021575028[\/vc_column_text][\/vc_column_inner][\/vc_row_inner][\/vc_column][\/vc_row]\" \/>\n<meta property=\"og:url\" content=\"https:\/\/broz.sk\/en\/contacts\/\" \/>\n<meta property=\"og:site_name\" content=\"BROZ\" \/>\n<meta property=\"article:publisher\" content=\"https:\/\/www.facebook.com\/broz.ba\/\" \/>\n<meta property=\"article:modified_time\" content=\"2024-03-15T14:00:05+00:00\" \/>\n<meta property=\"og:image\" content=\"https:\/\/broz.sk\/wp-content\/uploads\/2018\/03\/broz-logo-color.png\" \/>\n\t<meta property=\"og:image:width\" content=\"192\" \/>\n\t<meta property=\"og:image:height\" content=\"120\" \/>\n\t<meta property=\"og:image:type\" content=\"image\/png\" \/>\n<meta name=\"twitter:card\" content=\"summary_large_image\" \/>\n<meta name=\"twitter:label1\" content=\"Est. reading time\" \/>\n\t<meta name=\"twitter:data1\" content=\"1 minute\" \/>\n<script type=\"application\/ld+json\" class=\"yoast-schema-graph\">{\"@context\":\"https:\\\/\\\/schema.org\",\"@graph\":[{\"@type\":\"WebPage\",\"@id\":\"https:\\\/\\\/broz.sk\\\/en\\\/contacts\\\/\",\"url\":\"https:\\\/\\\/broz.sk\\\/en\\\/contacts\\\/\",\"name\":\"Contacts - BROZ\",\"isPartOf\":{\"@id\":\"https:\\\/\\\/broz.sk\\\/#website\"},\"datePublished\":\"2023-10-11T12:19:34+00:00\",\"dateModified\":\"2024-03-15T14:00:05+00:00\",\"breadcrumb\":{\"@id\":\"https:\\\/\\\/broz.sk\\\/en\\\/contacts\\\/#breadcrumb\"},\"inLanguage\":\"en-US\",\"potentialAction\":[{\"@type\":\"ReadAction\",\"target\":[\"https:\\\/\\\/broz.sk\\\/en\\\/contacts\\\/\"]}]},{\"@type\":\"BreadcrumbList\",\"@id\":\"https:\\\/\\\/broz.sk\\\/en\\\/contacts\\\/#breadcrumb\",\"itemListElement\":[{\"@type\":\"ListItem\",\"position\":1,\"name\":\"Domovsk\u00e1 str\u00e1nka\",\"item\":\"https:\\\/\\\/broz.sk\\\/en\\\/\"},{\"@type\":\"ListItem\",\"position\":2,\"name\":\"Contacts\"}]},{\"@type\":\"WebSite\",\"@id\":\"https:\\\/\\\/broz.sk\\\/#website\",\"url\":\"https:\\\/\\\/broz.sk\\\/\",\"name\":\"BROZ\",\"description\":\"ochran\u00e1rske zdru\u017eenie\",\"publisher\":{\"@id\":\"https:\\\/\\\/broz.sk\\\/#organization\"},\"potentialAction\":[{\"@type\":\"SearchAction\",\"target\":{\"@type\":\"EntryPoint\",\"urlTemplate\":\"https:\\\/\\\/broz.sk\\\/?s={search_term_string}\"},\"query-input\":{\"@type\":\"PropertyValueSpecification\",\"valueRequired\":true,\"valueName\":\"search_term_string\"}}],\"inLanguage\":\"en-US\"},{\"@type\":\"Organization\",\"@id\":\"https:\\\/\\\/broz.sk\\\/#organization\",\"name\":\"BROZ - Bratislavsk\u00e9 region\u00e1lne ochran\u00e1rske zdru\u017eenie\",\"url\":\"https:\\\/\\\/broz.sk\\\/\",\"logo\":{\"@type\":\"ImageObject\",\"inLanguage\":\"en-US\",\"@id\":\"https:\\\/\\\/broz.sk\\\/#\\\/schema\\\/logo\\\/image\\\/\",\"url\":\"https:\\\/\\\/broz.sk\\\/wp-content\\\/uploads\\\/2018\\\/03\\\/broz-logo-hires-color.png\",\"contentUrl\":\"https:\\\/\\\/broz.sk\\\/wp-content\\\/uploads\\\/2018\\\/03\\\/broz-logo-hires-color.png\",\"width\":2585,\"height\":1618,\"caption\":\"BROZ - Bratislavsk\u00e9 region\u00e1lne ochran\u00e1rske zdru\u017eenie\"},\"image\":{\"@id\":\"https:\\\/\\\/broz.sk\\\/#\\\/schema\\\/logo\\\/image\\\/\"},\"sameAs\":[\"https:\\\/\\\/www.facebook.com\\\/broz.ba\\\/\"]}]}<\/script>\n<!-- \/ Yoast SEO Premium plugin. -->","yoast_head_json":{"title":"Contacts - BROZ","robots":{"index":"index","follow":"follow","max-snippet":"max-snippet:-1","max-image-preview":"max-image-preview:large","max-video-preview":"max-video-preview:-1"},"canonical":"https:\/\/broz.sk\/en\/contacts\/","og_locale":"en_US","og_type":"article","og_title":"Contacts","og_description":"[vc_row el_class=&#8221;vcard&#8221;][vc_column][vc_row_inner][vc_column_inner width=&#8221;1\/3&#8243;][vc_column_text] BROZ \u2013 conservation association Na Rivi\u00e9re 7\/a 841 04 Bratislava Location on the map[\/vc_column_text][vc_column_text] www.broz.sk broz(at)broz.sk[\/vc_column_text][\/vc_column_inner][vc_column_inner width=&#8221;1\/3&#8243;][vc_column_text]Office + 421 903 046 540 &nbsp; Economic department + 421 949 593 267 [\/vc_column_text][\/vc_column_inner][vc_column_inner width=&#8221;1\/3&#8243;][vc_column_text]Bank details Bank: V\u00daB banka, a.s. IBAN:\u00a0SK85 0200 0000 0037 6214 5357 SWIFT\/BIC:\u00a0SUBASKBX &nbsp; I\u010cO: 31771815 DI\u010c: 2021575028[\/vc_column_text][\/vc_column_inner][\/vc_row_inner][\/vc_column][\/vc_row]","og_url":"https:\/\/broz.sk\/en\/contacts\/","og_site_name":"BROZ","article_publisher":"https:\/\/www.facebook.com\/broz.ba\/","article_modified_time":"2024-03-15T14:00:05+00:00","og_image":[{"width":192,"height":120,"url":"https:\/\/broz.sk\/wp-content\/uploads\/2018\/03\/broz-logo-color.png","type":"image\/png"}],"twitter_card":"summary_large_image","twitter_misc":{"Est. reading time":"1 minute"},"schema":{"@context":"https:\/\/schema.org","@graph":[{"@type":"WebPage","@id":"https:\/\/broz.sk\/en\/contacts\/","url":"https:\/\/broz.sk\/en\/contacts\/","name":"Contacts - BROZ","isPartOf":{"@id":"https:\/\/broz.sk\/#website"},"datePublished":"2023-10-11T12:19:34+00:00","dateModified":"2024-03-15T14:00:05+00:00","breadcrumb":{"@id":"https:\/\/broz.sk\/en\/contacts\/#breadcrumb"},"inLanguage":"en-US","potentialAction":[{"@type":"ReadAction","target":["https:\/\/broz.sk\/en\/contacts\/"]}]},{"@type":"BreadcrumbList","@id":"https:\/\/broz.sk\/en\/contacts\/#breadcrumb","itemListElement":[{"@type":"ListItem","position":1,"name":"Domovsk\u00e1 str\u00e1nka","item":"https:\/\/broz.sk\/en\/"},{"@type":"ListItem","position":2,"name":"Contacts"}]},{"@type":"WebSite","@id":"https:\/\/broz.sk\/#website","url":"https:\/\/broz.sk\/","name":"BROZ","description":"ochran\u00e1rske zdru\u017eenie","publisher":{"@id":"https:\/\/broz.sk\/#organization"},"potentialAction":[{"@type":"SearchAction","target":{"@type":"EntryPoint","urlTemplate":"https:\/\/broz.sk\/?s={search_term_string}"},"query-input":{"@type":"PropertyValueSpecification","valueRequired":true,"valueName":"search_term_string"}}],"inLanguage":"en-US"},{"@type":"Organization","@id":"https:\/\/broz.sk\/#organization","name":"BROZ - Bratislavsk\u00e9 region\u00e1lne ochran\u00e1rske zdru\u017eenie","url":"https:\/\/broz.sk\/","logo":{"@type":"ImageObject","inLanguage":"en-US","@id":"https:\/\/broz.sk\/#\/schema\/logo\/image\/","url":"https:\/\/broz.sk\/wp-content\/uploads\/2018\/03\/broz-logo-hires-color.png","contentUrl":"https:\/\/broz.sk\/wp-content\/uploads\/2018\/03\/broz-logo-hires-color.png","width":2585,"height":1618,"caption":"BROZ - Bratislavsk\u00e9 region\u00e1lne ochran\u00e1rske zdru\u017eenie"},"image":{"@id":"https:\/\/broz.sk\/#\/schema\/logo\/image\/"},"sameAs":["https:\/\/www.facebook.com\/broz.ba\/"]}]}},"_links":{"self":[{"href":"https:\/\/broz.sk\/en\/wp-json\/wp\/v2\/pages\/30105","targetHints":{"allow":["GET"]}}],"collection":[{"href":"https:\/\/broz.sk\/en\/wp-json\/wp\/v2\/pages"}],"about":[{"href":"https:\/\/broz.sk\/en\/wp-json\/wp\/v2\/types\/page"}],"author":[{"embeddable":true,"href":"https:\/\/broz.sk\/en\/wp-json\/wp\/v2\/users\/2"}],"replies":[{"embeddable":true,"href":"https:\/\/broz.sk\/en\/wp-json\/wp\/v2\/comments?post=30105"}],"version-history":[{"count":4,"href":"https:\/\/broz.sk\/en\/wp-json\/wp\/v2\/pages\/30105\/revisions"}],"predecessor-version":[{"id":32857,"href":"https:\/\/broz.sk\/en\/wp-json\/wp\/v2\/pages\/30105\/revisions\/32857"}],"wp:attachment":[{"href":"https:\/\/broz.sk\/en\/wp-json\/wp\/v2\/media?parent=30105"}],"curies":[{"name":"wp","href":"https:\/\/api.w.org\/{rel}","templated":true}]}}