{"id":29947,"date":"2023-09-27T11:47:33","date_gmt":"2023-09-27T09:47:33","guid":{"rendered":"https:\/\/broz.sk\/?page_id=29947"},"modified":"2023-10-02T18:02:47","modified_gmt":"2023-10-02T16:02:47","slug":"our-vision","status":"publish","type":"page","link":"https:\/\/broz.sk\/en\/our-vision\/","title":{"rendered":"Our Vision"},"content":{"rendered":"<div class=\"wpb-content-wrapper\">[vc_row][vc_column][vc_column_text]\r\n<h3><span id=\"page7R_mcid24\" class=\"markedContent\"><span dir=\"ltr\" role=\"presentation\">Our vision is to apply our know-how, build a strong stakeholders network and<\/span><\/span><span id=\"page7R_mcid25\" class=\"markedContent\"><\/span><span id=\"page7R_mcid26\" class=\"markedContent\"><br role=\"presentation\" \/><span dir=\"ltr\" role=\"presentation\">implement<\/span><\/span><span id=\"page7R_mcid27\" class=\"markedContent\"><\/span><span id=\"page7R_mcid28\" class=\"markedContent\"> <span dir=\"ltr\" role=\"presentation\">long term and the most appropriate measures of nature<\/span><\/span><span id=\"page7R_mcid29\" class=\"markedContent\"><\/span><span id=\"page7R_mcid30\" class=\"markedContent\"><br role=\"presentation\" \/><span dir=\"ltr\" role=\"presentation\">protection and restoration.<\/span><\/span><\/h3>\r\n<span id=\"page7R_mcid31\" class=\"markedContent\"><\/span><span id=\"page7R_mcid32\" class=\"markedContent\"><div class=\"gap\" style=\"line-height: 20px; height: 20px;\"><\/div><br role=\"presentation\" \/><span dir=\"ltr\" role=\"presentation\">Unlike in many places in Western Europe, where<\/span><span class=\"markedContent\"> <span dir=\"ltr\" role=\"presentation\">fl<\/span><\/span><span dir=\"ltr\" role=\"presentation\">oodplain ecosystems have been completely converted to<\/span><\/span><span id=\"page7R_mcid33\" class=\"markedContent\"><\/span><span id=\"page7R_mcid34\" class=\"markedContent\"><br role=\"presentation\" \/><span dir=\"ltr\" role=\"presentation\">a state far from a natural one, in our region, great opportunities still exist to protect valuable and relatively<\/span><\/span><span id=\"page7R_mcid35\" class=\"markedContent\"><\/span><span id=\"page7R_mcid36\" class=\"markedContent\"><br role=\"presentation\" \/><span dir=\"ltr\" role=\"presentation\">well- preserved ecosystems harbouring a wealth of species and biodiversity. Luckily, we have experience,<\/span><\/span><span id=\"page7R_mcid37\" class=\"markedContent\"><\/span><span id=\"page7R_mcid38\" class=\"markedContent\"><br role=\"presentation\" \/><span dir=\"ltr\" role=\"presentation\">extraordinary stakeholders network based on long term cooperation and the know- how to preserve these<\/span><\/span><span id=\"page7R_mcid39\" class=\"markedContent\"><\/span><span id=\"page7R_mcid40\" class=\"markedContent\"><br role=\"presentation\" \/><span dir=\"ltr\" role=\"presentation\">sites.<\/span><\/span>[\/vc_column_text][\/vc_column][\/vc_row]<\/div>","protected":false},"excerpt":{"rendered":"<p>[vc_row][vc_column][vc_column_text] Our vision is to apply our know-how, build a strong stakeholders network andimplement long term and the most appropriate measures of natureprotection and restoration. Unlike in many places in Western Europe, where floodplain ecosystems have been completely converted toa state far from a natural one, in our region, great opportunities still exist to protect&hellip;<\/p>\n","protected":false},"author":2,"featured_media":0,"parent":0,"menu_order":59,"comment_status":"closed","ping_status":"closed","template":"","meta":{"_acf_changed":false,"pmpro_default_level":"","footnotes":""},"class_list":["post-29947","page","type-page","status-publish","hentry","pmpro-has-access","description-off"],"acf":[],"yoast_head":"<!-- This site is optimized with the Yoast SEO Premium plugin v21.4 (Yoast SEO v27.4) - https:\/\/yoast.com\/product\/yoast-seo-premium-wordpress\/ -->\n<title>Our Vision - BROZ<\/title>\n<meta name=\"description\" content=\"Our vision is to conserve valuable nature areas, to stop habitat degradation and biodiversity loss - one of the biggest challenges of our time. Our vision is to apply our know-how, build a strong stakeholders network and implement long term and the most appropriate measures of nature protection and restoration.\" \/>\n<meta name=\"robots\" content=\"index, follow, max-snippet:-1, max-image-preview:large, max-video-preview:-1\" \/>\n<link rel=\"canonical\" href=\"https:\/\/broz.sk\/en\/our-vision\/\" \/>\n<meta property=\"og:locale\" content=\"en_US\" \/>\n<meta property=\"og:type\" content=\"article\" \/>\n<meta property=\"og:title\" content=\"Our Vision\" \/>\n<meta property=\"og:description\" content=\"Our vision is to conserve valuable nature areas, to stop habitat degradation and biodiversity loss - one of the biggest challenges of our time. Our vision is to apply our know-how, build a strong stakeholders network and implement long term and the most appropriate measures of nature protection and restoration.\" \/>\n<meta property=\"og:url\" content=\"https:\/\/broz.sk\/en\/our-vision\/\" \/>\n<meta property=\"og:site_name\" content=\"BROZ\" \/>\n<meta property=\"article:publisher\" content=\"https:\/\/www.facebook.com\/broz.ba\/\" \/>\n<meta property=\"article:modified_time\" content=\"2023-10-02T16:02:47+00:00\" \/>\n<meta property=\"og:image\" content=\"https:\/\/broz.sk\/wp-content\/uploads\/2018\/03\/broz-logo-color.png\" \/>\n\t<meta property=\"og:image:width\" content=\"192\" \/>\n\t<meta property=\"og:image:height\" content=\"120\" \/>\n\t<meta property=\"og:image:type\" content=\"image\/png\" \/>\n<meta name=\"twitter:card\" content=\"summary_large_image\" \/>\n<meta name=\"twitter:label1\" content=\"Est. reading time\" \/>\n\t<meta name=\"twitter:data1\" content=\"1 minute\" \/>\n<script type=\"application\/ld+json\" class=\"yoast-schema-graph\">{\"@context\":\"https:\\\/\\\/schema.org\",\"@graph\":[{\"@type\":\"WebPage\",\"@id\":\"https:\\\/\\\/broz.sk\\\/en\\\/our-vision\\\/\",\"url\":\"https:\\\/\\\/broz.sk\\\/en\\\/our-vision\\\/\",\"name\":\"Our Vision - BROZ\",\"isPartOf\":{\"@id\":\"https:\\\/\\\/broz.sk\\\/#website\"},\"datePublished\":\"2023-09-27T09:47:33+00:00\",\"dateModified\":\"2023-10-02T16:02:47+00:00\",\"description\":\"Our vision is to conserve valuable nature areas, to stop habitat degradation and biodiversity loss - one of the biggest challenges of our time. Our vision is to apply our know-how, build a strong stakeholders network and implement long term and the most appropriate measures of nature protection and restoration.\",\"breadcrumb\":{\"@id\":\"https:\\\/\\\/broz.sk\\\/en\\\/our-vision\\\/#breadcrumb\"},\"inLanguage\":\"en-US\",\"potentialAction\":[{\"@type\":\"ReadAction\",\"target\":[\"https:\\\/\\\/broz.sk\\\/en\\\/our-vision\\\/\"]}]},{\"@type\":\"BreadcrumbList\",\"@id\":\"https:\\\/\\\/broz.sk\\\/en\\\/our-vision\\\/#breadcrumb\",\"itemListElement\":[{\"@type\":\"ListItem\",\"position\":1,\"name\":\"Domovsk\u00e1 str\u00e1nka\",\"item\":\"https:\\\/\\\/broz.sk\\\/en\\\/\"},{\"@type\":\"ListItem\",\"position\":2,\"name\":\"Our Vision\"}]},{\"@type\":\"WebSite\",\"@id\":\"https:\\\/\\\/broz.sk\\\/#website\",\"url\":\"https:\\\/\\\/broz.sk\\\/\",\"name\":\"BROZ\",\"description\":\"ochran\u00e1rske zdru\u017eenie\",\"publisher\":{\"@id\":\"https:\\\/\\\/broz.sk\\\/#organization\"},\"potentialAction\":[{\"@type\":\"SearchAction\",\"target\":{\"@type\":\"EntryPoint\",\"urlTemplate\":\"https:\\\/\\\/broz.sk\\\/?s={search_term_string}\"},\"query-input\":{\"@type\":\"PropertyValueSpecification\",\"valueRequired\":true,\"valueName\":\"search_term_string\"}}],\"inLanguage\":\"en-US\"},{\"@type\":\"Organization\",\"@id\":\"https:\\\/\\\/broz.sk\\\/#organization\",\"name\":\"BROZ - Bratislavsk\u00e9 region\u00e1lne ochran\u00e1rske zdru\u017eenie\",\"url\":\"https:\\\/\\\/broz.sk\\\/\",\"logo\":{\"@type\":\"ImageObject\",\"inLanguage\":\"en-US\",\"@id\":\"https:\\\/\\\/broz.sk\\\/#\\\/schema\\\/logo\\\/image\\\/\",\"url\":\"https:\\\/\\\/broz.sk\\\/wp-content\\\/uploads\\\/2018\\\/03\\\/broz-logo-hires-color.png\",\"contentUrl\":\"https:\\\/\\\/broz.sk\\\/wp-content\\\/uploads\\\/2018\\\/03\\\/broz-logo-hires-color.png\",\"width\":2585,\"height\":1618,\"caption\":\"BROZ - Bratislavsk\u00e9 region\u00e1lne ochran\u00e1rske zdru\u017eenie\"},\"image\":{\"@id\":\"https:\\\/\\\/broz.sk\\\/#\\\/schema\\\/logo\\\/image\\\/\"},\"sameAs\":[\"https:\\\/\\\/www.facebook.com\\\/broz.ba\\\/\"]}]}<\/script>\n<!-- \/ Yoast SEO Premium plugin. -->","yoast_head_json":{"title":"Our Vision - BROZ","description":"Our vision is to conserve valuable nature areas, to stop habitat degradation and biodiversity loss - one of the biggest challenges of our time. Our vision is to apply our know-how, build a strong stakeholders network and implement long term and the most appropriate measures of nature protection and restoration.","robots":{"index":"index","follow":"follow","max-snippet":"max-snippet:-1","max-image-preview":"max-image-preview:large","max-video-preview":"max-video-preview:-1"},"canonical":"https:\/\/broz.sk\/en\/our-vision\/","og_locale":"en_US","og_type":"article","og_title":"Our Vision","og_description":"Our vision is to conserve valuable nature areas, to stop habitat degradation and biodiversity loss - one of the biggest challenges of our time. Our vision is to apply our know-how, build a strong stakeholders network and implement long term and the most appropriate measures of nature protection and restoration.","og_url":"https:\/\/broz.sk\/en\/our-vision\/","og_site_name":"BROZ","article_publisher":"https:\/\/www.facebook.com\/broz.ba\/","article_modified_time":"2023-10-02T16:02:47+00:00","og_image":[{"width":192,"height":120,"url":"https:\/\/broz.sk\/wp-content\/uploads\/2018\/03\/broz-logo-color.png","type":"image\/png"}],"twitter_card":"summary_large_image","twitter_misc":{"Est. reading time":"1 minute"},"schema":{"@context":"https:\/\/schema.org","@graph":[{"@type":"WebPage","@id":"https:\/\/broz.sk\/en\/our-vision\/","url":"https:\/\/broz.sk\/en\/our-vision\/","name":"Our Vision - BROZ","isPartOf":{"@id":"https:\/\/broz.sk\/#website"},"datePublished":"2023-09-27T09:47:33+00:00","dateModified":"2023-10-02T16:02:47+00:00","description":"Our vision is to conserve valuable nature areas, to stop habitat degradation and biodiversity loss - one of the biggest challenges of our time. Our vision is to apply our know-how, build a strong stakeholders network and implement long term and the most appropriate measures of nature protection and restoration.","breadcrumb":{"@id":"https:\/\/broz.sk\/en\/our-vision\/#breadcrumb"},"inLanguage":"en-US","potentialAction":[{"@type":"ReadAction","target":["https:\/\/broz.sk\/en\/our-vision\/"]}]},{"@type":"BreadcrumbList","@id":"https:\/\/broz.sk\/en\/our-vision\/#breadcrumb","itemListElement":[{"@type":"ListItem","position":1,"name":"Domovsk\u00e1 str\u00e1nka","item":"https:\/\/broz.sk\/en\/"},{"@type":"ListItem","position":2,"name":"Our Vision"}]},{"@type":"WebSite","@id":"https:\/\/broz.sk\/#website","url":"https:\/\/broz.sk\/","name":"BROZ","description":"ochran\u00e1rske zdru\u017eenie","publisher":{"@id":"https:\/\/broz.sk\/#organization"},"potentialAction":[{"@type":"SearchAction","target":{"@type":"EntryPoint","urlTemplate":"https:\/\/broz.sk\/?s={search_term_string}"},"query-input":{"@type":"PropertyValueSpecification","valueRequired":true,"valueName":"search_term_string"}}],"inLanguage":"en-US"},{"@type":"Organization","@id":"https:\/\/broz.sk\/#organization","name":"BROZ - Bratislavsk\u00e9 region\u00e1lne ochran\u00e1rske zdru\u017eenie","url":"https:\/\/broz.sk\/","logo":{"@type":"ImageObject","inLanguage":"en-US","@id":"https:\/\/broz.sk\/#\/schema\/logo\/image\/","url":"https:\/\/broz.sk\/wp-content\/uploads\/2018\/03\/broz-logo-hires-color.png","contentUrl":"https:\/\/broz.sk\/wp-content\/uploads\/2018\/03\/broz-logo-hires-color.png","width":2585,"height":1618,"caption":"BROZ - Bratislavsk\u00e9 region\u00e1lne ochran\u00e1rske zdru\u017eenie"},"image":{"@id":"https:\/\/broz.sk\/#\/schema\/logo\/image\/"},"sameAs":["https:\/\/www.facebook.com\/broz.ba\/"]}]}},"_links":{"self":[{"href":"https:\/\/broz.sk\/en\/wp-json\/wp\/v2\/pages\/29947","targetHints":{"allow":["GET"]}}],"collection":[{"href":"https:\/\/broz.sk\/en\/wp-json\/wp\/v2\/pages"}],"about":[{"href":"https:\/\/broz.sk\/en\/wp-json\/wp\/v2\/types\/page"}],"author":[{"embeddable":true,"href":"https:\/\/broz.sk\/en\/wp-json\/wp\/v2\/users\/2"}],"replies":[{"embeddable":true,"href":"https:\/\/broz.sk\/en\/wp-json\/wp\/v2\/comments?post=29947"}],"version-history":[{"count":2,"href":"https:\/\/broz.sk\/en\/wp-json\/wp\/v2\/pages\/29947\/revisions"}],"predecessor-version":[{"id":29950,"href":"https:\/\/broz.sk\/en\/wp-json\/wp\/v2\/pages\/29947\/revisions\/29950"}],"wp:attachment":[{"href":"https:\/\/broz.sk\/en\/wp-json\/wp\/v2\/media?parent=29947"}],"curies":[{"name":"wp","href":"https:\/\/api.w.org\/{rel}","templated":true}]}}