{"id":29942,"date":"2023-09-27T11:37:59","date_gmt":"2023-09-27T09:37:59","guid":{"rendered":"https:\/\/broz.sk\/?page_id=29942"},"modified":"2023-10-09T20:23:31","modified_gmt":"2023-10-09T18:23:31","slug":"our-mission","status":"publish","type":"page","link":"https:\/\/broz.sk\/en\/our-mission\/","title":{"rendered":"Our Mission"},"content":{"rendered":"<div class=\"wpb-content-wrapper\">[vc_row][vc_column][vc_column_text]\r\n<h3><span style=\"color: #008d0d;\"><span id=\"page7R_mcid2\" class=\"markedContent\"><span dir=\"ltr\" role=\"presentation\">Our mission is to conserve valuable nature areas, to stop habitat degradation and\r\n<\/span><\/span><span id=\"page7R_mcid4\" class=\"markedContent\"><span dir=\"ltr\" role=\"presentation\">biodiversity loss &#8211; one of the biggest challenges of our time.<\/span><\/span><\/span><\/h3>\r\n<span id=\"page7R_mcid6\" class=\"markedContent\"><span dir=\"ltr\" role=\"presentation\"><div class=\"gap\" style=\"line-height: 20px; height: 20px;\"><\/div>Our activities are aimed in particular to protect and restore the nature of the Bratislava region and south-western<\/span><\/span><span id=\"page7R_mcid7\" class=\"markedContent\"><\/span><span id=\"page7R_mcid8\" class=\"markedContent\"><br role=\"presentation\" \/><span dir=\"ltr\" role=\"presentation\">Slovakia, in particular in the Danube region, the Little and White Carpathians, in Z<\/span><span class=\"markedContent\"><span dir=\"ltr\" role=\"presentation\">\u00e1<\/span><\/span><span dir=\"ltr\" role=\"presentation\">horie, but also in Bratislava and other<\/span><\/span><span id=\"page7R_mcid9\" class=\"markedContent\"><\/span><span id=\"page7R_mcid10\" class=\"markedContent\"><br role=\"presentation\" \/><span dir=\"ltr\" role=\"presentation\">valuable Slovakian sites.<\/span><\/span><span id=\"page7R_mcid11\" class=\"markedContent\"><br role=\"presentation\" \/><span dir=\"ltr\" role=\"presentation\">We promote traditional forms of landscape management such as extensive livestock grazing or pruning and using<\/span><\/span><span id=\"page7R_mcid12\" class=\"markedContent\"><\/span><span id=\"page7R_mcid13\" class=\"markedContent\"><br role=\"presentation\" \/><span dir=\"ltr\" role=\"presentation\">pollarded willows which have a favourable impact on the conservation of animal and plant species richness.<\/span><\/span><span id=\"page7R_mcid14\" class=\"markedContent\"><br role=\"presentation\" \/><span dir=\"ltr\" role=\"presentation\">We cooperate with various institutions from the<\/span><span class=\"markedContent\"> <span dir=\"ltr\" role=\"presentation\">fi<\/span><\/span><span dir=\"ltr\" role=\"presentation\">eld of nature protection, forest, and water management, as well as<\/span><\/span><span id=\"page7R_mcid15\" class=\"markedContent\"><\/span><span id=\"page7R_mcid16\" class=\"markedContent\"><br role=\"presentation\" \/><span dir=\"ltr\" role=\"presentation\">Slovak and foreign universities.<\/span><\/span><span id=\"page7R_mcid17\" class=\"markedContent\"><\/span><span id=\"page7R_mcid18\" class=\"markedContent\"><br role=\"presentation\" \/><span dir=\"ltr\" role=\"presentation\">By means of environmental education we promote the importance of nature protection and develop the relationship of<\/span><\/span><span id=\"page7R_mcid19\" class=\"markedContent\"><\/span><span id=\"page7R_mcid20\" class=\"markedContent\"><br role=\"presentation\" \/><span dir=\"ltr\" role=\"presentation\">the public towards nature, from the youngest children to seniors. This is done through organising excursions, lectures,<\/span><\/span><span id=\"page7R_mcid21\" class=\"markedContent\"><\/span><span id=\"page7R_mcid22\" class=\"markedContent\"><br role=\"presentation\" \/><span dir=\"ltr\" role=\"presentation\">seminars, and preparing various publications, documentaries, and exhibitions.<\/span><\/span>[\/vc_column_text][\/vc_column][\/vc_row][vc_row][vc_column parallax=&#8221;content-moving-fade&#8221; parallax_image=&#8221;29970&#8243; parallax_speed_bg=&#8221;5&#8243;][vc_custom_heading text=&#8221;Our mission is to conserve valuable nature areas, to stop habitat degradation and\r\nbiodiversity loss &#8211; one of the biggest challenges of our time.&#8221; font_container=&#8221;tag:h2|text_align:center|color:%23ffffff&#8221; use_theme_fonts=&#8221;yes&#8221; css_animation=&#8221;fadeIn&#8221; css=&#8221;.vc_custom_1696843885592{padding-top: 200px !important;padding-bottom: 200px !important;}&#8221;][\/vc_column][\/vc_row]<\/div>","protected":false},"excerpt":{"rendered":"<p>[vc_row][vc_column][vc_column_text] Our mission is to conserve valuable nature areas, to stop habitat degradation and biodiversity loss &#8211; one of the biggest challenges of our time. Our activities are aimed in particular to protect and restore the nature of the Bratislava region and south-westernSlovakia, in particular in the Danube region, the Little and White Carpathians, in&hellip;<\/p>\n","protected":false},"author":2,"featured_media":29970,"parent":0,"menu_order":60,"comment_status":"closed","ping_status":"closed","template":"","meta":{"_acf_changed":false,"pmpro_default_level":"","footnotes":""},"class_list":["post-29942","page","type-page","status-publish","has-post-thumbnail","hentry","pmpro-has-access","description-off"],"acf":[],"yoast_head":"<!-- This site is optimized with the Yoast SEO Premium plugin v21.4 (Yoast SEO v27.4) - https:\/\/yoast.com\/product\/yoast-seo-premium-wordpress\/ -->\n<title>Our Mission - BROZ<\/title>\n<meta name=\"description\" content=\"Our mission is to conserve valuable nature areas, to stop habitat degradation and biodiversity loss - one of the biggest challenges of our time.\" \/>\n<meta name=\"robots\" content=\"index, follow, max-snippet:-1, max-image-preview:large, max-video-preview:-1\" \/>\n<link rel=\"canonical\" href=\"https:\/\/broz.sk\/en\/our-mission\/\" \/>\n<meta property=\"og:locale\" content=\"en_US\" \/>\n<meta property=\"og:type\" content=\"article\" \/>\n<meta property=\"og:title\" content=\"Our Mission\" \/>\n<meta property=\"og:description\" content=\"Our mission is to conserve valuable nature areas, to stop habitat degradation and biodiversity loss - one of the biggest challenges of our time.\" \/>\n<meta property=\"og:url\" content=\"https:\/\/broz.sk\/en\/our-mission\/\" \/>\n<meta property=\"og:site_name\" content=\"BROZ\" \/>\n<meta property=\"article:publisher\" content=\"https:\/\/www.facebook.com\/broz.ba\/\" \/>\n<meta property=\"article:modified_time\" content=\"2023-10-09T18:23:31+00:00\" \/>\n<meta property=\"og:image\" content=\"https:\/\/broz.sk\/wp-content\/uploads\/2023\/10\/mokr-scaled.jpg\" \/>\n\t<meta property=\"og:image:width\" content=\"2560\" \/>\n\t<meta property=\"og:image:height\" content=\"1920\" \/>\n\t<meta property=\"og:image:type\" content=\"image\/jpeg\" \/>\n<meta name=\"twitter:card\" content=\"summary_large_image\" \/>\n<meta name=\"twitter:label1\" content=\"Est. reading time\" \/>\n\t<meta name=\"twitter:data1\" content=\"2 minutes\" \/>\n<script type=\"application\/ld+json\" class=\"yoast-schema-graph\">{\"@context\":\"https:\\\/\\\/schema.org\",\"@graph\":[{\"@type\":\"WebPage\",\"@id\":\"https:\\\/\\\/broz.sk\\\/en\\\/our-mission\\\/\",\"url\":\"https:\\\/\\\/broz.sk\\\/en\\\/our-mission\\\/\",\"name\":\"Our Mission - BROZ\",\"isPartOf\":{\"@id\":\"https:\\\/\\\/broz.sk\\\/#website\"},\"primaryImageOfPage\":{\"@id\":\"https:\\\/\\\/broz.sk\\\/en\\\/our-mission\\\/#primaryimage\"},\"image\":{\"@id\":\"https:\\\/\\\/broz.sk\\\/en\\\/our-mission\\\/#primaryimage\"},\"thumbnailUrl\":\"https:\\\/\\\/broz.sk\\\/wp-content\\\/uploads\\\/2023\\\/10\\\/mokr-scaled.jpg\",\"datePublished\":\"2023-09-27T09:37:59+00:00\",\"dateModified\":\"2023-10-09T18:23:31+00:00\",\"description\":\"Our mission is to conserve valuable nature areas, to stop habitat degradation and biodiversity loss - one of the biggest challenges of our time.\",\"breadcrumb\":{\"@id\":\"https:\\\/\\\/broz.sk\\\/en\\\/our-mission\\\/#breadcrumb\"},\"inLanguage\":\"en-US\",\"potentialAction\":[{\"@type\":\"ReadAction\",\"target\":[\"https:\\\/\\\/broz.sk\\\/en\\\/our-mission\\\/\"]}]},{\"@type\":\"ImageObject\",\"inLanguage\":\"en-US\",\"@id\":\"https:\\\/\\\/broz.sk\\\/en\\\/our-mission\\\/#primaryimage\",\"url\":\"https:\\\/\\\/broz.sk\\\/wp-content\\\/uploads\\\/2023\\\/10\\\/mokr-scaled.jpg\",\"contentUrl\":\"https:\\\/\\\/broz.sk\\\/wp-content\\\/uploads\\\/2023\\\/10\\\/mokr-scaled.jpg\",\"width\":2560,\"height\":1920},{\"@type\":\"BreadcrumbList\",\"@id\":\"https:\\\/\\\/broz.sk\\\/en\\\/our-mission\\\/#breadcrumb\",\"itemListElement\":[{\"@type\":\"ListItem\",\"position\":1,\"name\":\"Domovsk\u00e1 str\u00e1nka\",\"item\":\"https:\\\/\\\/broz.sk\\\/en\\\/\"},{\"@type\":\"ListItem\",\"position\":2,\"name\":\"Our Mission\"}]},{\"@type\":\"WebSite\",\"@id\":\"https:\\\/\\\/broz.sk\\\/#website\",\"url\":\"https:\\\/\\\/broz.sk\\\/\",\"name\":\"BROZ\",\"description\":\"ochran\u00e1rske zdru\u017eenie\",\"publisher\":{\"@id\":\"https:\\\/\\\/broz.sk\\\/#organization\"},\"potentialAction\":[{\"@type\":\"SearchAction\",\"target\":{\"@type\":\"EntryPoint\",\"urlTemplate\":\"https:\\\/\\\/broz.sk\\\/?s={search_term_string}\"},\"query-input\":{\"@type\":\"PropertyValueSpecification\",\"valueRequired\":true,\"valueName\":\"search_term_string\"}}],\"inLanguage\":\"en-US\"},{\"@type\":\"Organization\",\"@id\":\"https:\\\/\\\/broz.sk\\\/#organization\",\"name\":\"BROZ - Bratislavsk\u00e9 region\u00e1lne ochran\u00e1rske zdru\u017eenie\",\"url\":\"https:\\\/\\\/broz.sk\\\/\",\"logo\":{\"@type\":\"ImageObject\",\"inLanguage\":\"en-US\",\"@id\":\"https:\\\/\\\/broz.sk\\\/#\\\/schema\\\/logo\\\/image\\\/\",\"url\":\"https:\\\/\\\/broz.sk\\\/wp-content\\\/uploads\\\/2018\\\/03\\\/broz-logo-hires-color.png\",\"contentUrl\":\"https:\\\/\\\/broz.sk\\\/wp-content\\\/uploads\\\/2018\\\/03\\\/broz-logo-hires-color.png\",\"width\":2585,\"height\":1618,\"caption\":\"BROZ - Bratislavsk\u00e9 region\u00e1lne ochran\u00e1rske zdru\u017eenie\"},\"image\":{\"@id\":\"https:\\\/\\\/broz.sk\\\/#\\\/schema\\\/logo\\\/image\\\/\"},\"sameAs\":[\"https:\\\/\\\/www.facebook.com\\\/broz.ba\\\/\"]}]}<\/script>\n<!-- \/ Yoast SEO Premium plugin. -->","yoast_head_json":{"title":"Our Mission - BROZ","description":"Our mission is to conserve valuable nature areas, to stop habitat degradation and biodiversity loss - one of the biggest challenges of our time.","robots":{"index":"index","follow":"follow","max-snippet":"max-snippet:-1","max-image-preview":"max-image-preview:large","max-video-preview":"max-video-preview:-1"},"canonical":"https:\/\/broz.sk\/en\/our-mission\/","og_locale":"en_US","og_type":"article","og_title":"Our Mission","og_description":"Our mission is to conserve valuable nature areas, to stop habitat degradation and biodiversity loss - one of the biggest challenges of our time.","og_url":"https:\/\/broz.sk\/en\/our-mission\/","og_site_name":"BROZ","article_publisher":"https:\/\/www.facebook.com\/broz.ba\/","article_modified_time":"2023-10-09T18:23:31+00:00","og_image":[{"width":2560,"height":1920,"url":"https:\/\/broz.sk\/wp-content\/uploads\/2023\/10\/mokr-scaled.jpg","type":"image\/jpeg"}],"twitter_card":"summary_large_image","twitter_misc":{"Est. reading time":"2 minutes"},"schema":{"@context":"https:\/\/schema.org","@graph":[{"@type":"WebPage","@id":"https:\/\/broz.sk\/en\/our-mission\/","url":"https:\/\/broz.sk\/en\/our-mission\/","name":"Our Mission - BROZ","isPartOf":{"@id":"https:\/\/broz.sk\/#website"},"primaryImageOfPage":{"@id":"https:\/\/broz.sk\/en\/our-mission\/#primaryimage"},"image":{"@id":"https:\/\/broz.sk\/en\/our-mission\/#primaryimage"},"thumbnailUrl":"https:\/\/broz.sk\/wp-content\/uploads\/2023\/10\/mokr-scaled.jpg","datePublished":"2023-09-27T09:37:59+00:00","dateModified":"2023-10-09T18:23:31+00:00","description":"Our mission is to conserve valuable nature areas, to stop habitat degradation and biodiversity loss - one of the biggest challenges of our time.","breadcrumb":{"@id":"https:\/\/broz.sk\/en\/our-mission\/#breadcrumb"},"inLanguage":"en-US","potentialAction":[{"@type":"ReadAction","target":["https:\/\/broz.sk\/en\/our-mission\/"]}]},{"@type":"ImageObject","inLanguage":"en-US","@id":"https:\/\/broz.sk\/en\/our-mission\/#primaryimage","url":"https:\/\/broz.sk\/wp-content\/uploads\/2023\/10\/mokr-scaled.jpg","contentUrl":"https:\/\/broz.sk\/wp-content\/uploads\/2023\/10\/mokr-scaled.jpg","width":2560,"height":1920},{"@type":"BreadcrumbList","@id":"https:\/\/broz.sk\/en\/our-mission\/#breadcrumb","itemListElement":[{"@type":"ListItem","position":1,"name":"Domovsk\u00e1 str\u00e1nka","item":"https:\/\/broz.sk\/en\/"},{"@type":"ListItem","position":2,"name":"Our Mission"}]},{"@type":"WebSite","@id":"https:\/\/broz.sk\/#website","url":"https:\/\/broz.sk\/","name":"BROZ","description":"ochran\u00e1rske zdru\u017eenie","publisher":{"@id":"https:\/\/broz.sk\/#organization"},"potentialAction":[{"@type":"SearchAction","target":{"@type":"EntryPoint","urlTemplate":"https:\/\/broz.sk\/?s={search_term_string}"},"query-input":{"@type":"PropertyValueSpecification","valueRequired":true,"valueName":"search_term_string"}}],"inLanguage":"en-US"},{"@type":"Organization","@id":"https:\/\/broz.sk\/#organization","name":"BROZ - Bratislavsk\u00e9 region\u00e1lne ochran\u00e1rske zdru\u017eenie","url":"https:\/\/broz.sk\/","logo":{"@type":"ImageObject","inLanguage":"en-US","@id":"https:\/\/broz.sk\/#\/schema\/logo\/image\/","url":"https:\/\/broz.sk\/wp-content\/uploads\/2018\/03\/broz-logo-hires-color.png","contentUrl":"https:\/\/broz.sk\/wp-content\/uploads\/2018\/03\/broz-logo-hires-color.png","width":2585,"height":1618,"caption":"BROZ - Bratislavsk\u00e9 region\u00e1lne ochran\u00e1rske zdru\u017eenie"},"image":{"@id":"https:\/\/broz.sk\/#\/schema\/logo\/image\/"},"sameAs":["https:\/\/www.facebook.com\/broz.ba\/"]}]}},"_links":{"self":[{"href":"https:\/\/broz.sk\/en\/wp-json\/wp\/v2\/pages\/29942","targetHints":{"allow":["GET"]}}],"collection":[{"href":"https:\/\/broz.sk\/en\/wp-json\/wp\/v2\/pages"}],"about":[{"href":"https:\/\/broz.sk\/en\/wp-json\/wp\/v2\/types\/page"}],"author":[{"embeddable":true,"href":"https:\/\/broz.sk\/en\/wp-json\/wp\/v2\/users\/2"}],"replies":[{"embeddable":true,"href":"https:\/\/broz.sk\/en\/wp-json\/wp\/v2\/comments?post=29942"}],"version-history":[{"count":7,"href":"https:\/\/broz.sk\/en\/wp-json\/wp\/v2\/pages\/29942\/revisions"}],"predecessor-version":[{"id":29981,"href":"https:\/\/broz.sk\/en\/wp-json\/wp\/v2\/pages\/29942\/revisions\/29981"}],"wp:featuredmedia":[{"embeddable":true,"href":"https:\/\/broz.sk\/en\/wp-json\/wp\/v2\/media\/29970"}],"wp:attachment":[{"href":"https:\/\/broz.sk\/en\/wp-json\/wp\/v2\/media?parent=29942"}],"curies":[{"name":"wp","href":"https:\/\/api.w.org\/{rel}","templated":true}]}}