{"id":29829,"date":"2023-09-11T14:22:49","date_gmt":"2023-09-11T12:22:49","guid":{"rendered":"https:\/\/broz.sk\/?page_id=29829"},"modified":"2023-09-27T11:45:45","modified_gmt":"2023-09-27T09:45:45","slug":"our-movies","status":"publish","type":"page","link":"https:\/\/broz.sk\/en\/our-movies\/","title":{"rendered":"Our Movies"},"content":{"rendered":"<div class=\"wpb-content-wrapper\">[vc_row][vc_column][vc_column_text]\r\n<h2>The return of the<b>\u00a0swifts<\/b><\/h2>\r\n<div class=\"o9v6fnle cxmmr5t8 oygrvhab hcukyx3x c1et5uql\">\r\n\r\nA documentary film about birds and bats in our cities and our housing estates. About their populations, which have been shrinking for a long time, due to renovations and insulation of buildings.\r\nAbout how we found a solution to this problem and how we devised a system of replacement nesting boxes for these species as part of a project to protect earthworms and bats, which we managed to install in thousands on our estates. We still actively install huts for swifts and bats on insulated buildings.\r\n\r\nBra\u0148o Moln\u00e1r&#8217;s documentary film was created thanks to support from the LIFE10 NAT\/SK\/079 project Protection of the dark swifts and bats in buildings in Slovakia.\r\n\r\n<\/div>\r\n<div><\/div>\r\n<div><\/div>\r\n[\/vc_column_text][vc_video link=&#8221;https:\/\/www.youtube.com\/watch?v=b9O-WLRHOfI&#8221; align=&#8221;center&#8221;][vc_empty_space height=&#8221;100px&#8221;][vc_column_text]\r\n<h2><\/h2>\r\n<h2>Forbidden kingdom<\/h2>\r\n<div class=\"o9v6fnle cxmmr5t8 oygrvhab hcukyx3x c1et5uql\">The military district of Z\u00e1horie remains our little kingdom. Its treasures are well hidden in deep pine forests, in mazes of sand dunes and swamps. However, whoever is enchanted by its quiet beauty once must return here for the rest of his life. This film is dedicated to the beauty of life in the forbidden kingdom and also to the people who strive to save it.<\/div>\r\n<div><\/div>\r\n<div>Watch Bra\u0148o Moln\u00e1r&#8217;s documentary film, which, in addition to the beautiful nature in the Military District of Z\u00e1horie, also documents our activities aimed at the restoration and management of rare communities of sand dunes.<\/div>\r\n<div><\/div>\r\n<div><\/div>\r\n[\/vc_column_text][vc_video link=&#8221;https:\/\/youtu.be\/VPIRBLkt-q4?si=a_QS1VGia0wJUAfk&#8221; align=&#8221;center&#8221;][vc_empty_space height=&#8221;100px&#8221;][vc_column_text]\r\n<h2><strong>Bratislava, a city in the middle of nature<\/strong><\/h2>\r\nThe film &#8220;Bratislava \u2013 a City in the Middle of Nature&#8221; highlights fragments of nature in Bratislava and its surroundings. It depicts how we continuously encroach upon nature, while simultaneously yearning for it. It&#8217;s not just people who miss living nature, but also the plants and animals that inhabit this area. Some animals and plants have adapted to urban changes and survived, while others have nearly disappeared for good.\r\n\r\nIn addition to showcasing Bratislava&#8217;s nature, the film documents our conservation efforts in the city and its surroundings, such as the restoration of the Dev\u00ednske and Karlovesk\u00e9 rameno (branches) of the river, grazing in Dev\u00ednska Kobyla, dedicated to the rejuvenation of rare orchids, and other activities.\r\n\r\nThis documentary film by author Bra\u0148o Moln\u00e1r was created as part of the <a href=\"https:\/\/broz.sk\/projekty\/ochrana-a-obnova-uzemi-natura-2000-v-cezhranicnom-regione-bratislavy-life-10-natsk080\/\"><u>Ochrana a obnova \u00fazem\u00ed NATURA 2000 v Cezhrani\u010dnom regi\u00f3ne Bratislavy<\/u><\/a>.\r\n\r\nThe film was prepared in cooperation with Naturally s.r.o., BROZ, RTVS, with the support of BSK (Bratislava Self-Governing Region).[\/vc_column_text][vc_video link=&#8221;https:\/\/www.youtube.com\/watch?v=p-9JMv5wEIM&#8221; align=&#8221;center&#8221;][vc_empty_space height=&#8221;100px&#8221;][vc_column_text][\/vc_column_text][\/vc_row]<\/div>","protected":false},"excerpt":{"rendered":"<p>[vc_row][vc_column][vc_column_text] The return of the\u00a0swifts A documentary film about birds and bats in our cities and our housing estates. About their populations, which have been shrinking for a long time, due to renovations and insulation of buildings. About how we found a solution to this problem and how we devised a system of replacement nesting&hellip;<\/p>\n","protected":false},"author":2,"featured_media":14509,"parent":0,"menu_order":76,"comment_status":"closed","ping_status":"closed","template":"","meta":{"_acf_changed":false,"pmpro_default_level":"","footnotes":""},"class_list":["post-29829","page","type-page","status-publish","has-post-thumbnail","hentry","pmpro-has-access","description-off"],"acf":[],"yoast_head":"<!-- This site is optimized with the Yoast SEO Premium plugin v21.4 (Yoast SEO v27.4) - https:\/\/yoast.com\/product\/yoast-seo-premium-wordpress\/ -->\n<title>Our Movies - BROZ<\/title>\n<meta name=\"robots\" content=\"index, follow, max-snippet:-1, max-image-preview:large, max-video-preview:-1\" \/>\n<link rel=\"canonical\" href=\"https:\/\/broz.sk\/en\/our-movies\/\" \/>\n<meta property=\"og:locale\" content=\"en_US\" \/>\n<meta property=\"og:type\" content=\"article\" \/>\n<meta property=\"og:title\" content=\"Our Movies\" \/>\n<meta property=\"og:description\" content=\"[vc_row][vc_column][vc_column_text] The return of the\u00a0swifts A documentary film about birds and bats in our cities and our housing estates. About their populations, which have been shrinking for a long time, due to renovations and insulation of buildings. About how we found a solution to this problem and how we devised a system of replacement nesting&hellip;\" \/>\n<meta property=\"og:url\" content=\"https:\/\/broz.sk\/en\/our-movies\/\" \/>\n<meta property=\"og:site_name\" content=\"BROZ\" \/>\n<meta property=\"article:publisher\" content=\"https:\/\/www.facebook.com\/broz.ba\/\" \/>\n<meta property=\"article:modified_time\" content=\"2023-09-27T09:45:45+00:00\" \/>\n<meta property=\"og:image\" content=\"https:\/\/broz.sk\/wp-content\/uploads\/2021\/01\/klapka.gif\" \/>\n\t<meta property=\"og:image:width\" content=\"1313\" \/>\n\t<meta property=\"og:image:height\" content=\"1313\" \/>\n\t<meta property=\"og:image:type\" content=\"image\/gif\" \/>\n<meta name=\"twitter:card\" content=\"summary_large_image\" \/>\n<meta name=\"twitter:label1\" content=\"Est. reading time\" \/>\n\t<meta name=\"twitter:data1\" content=\"3 minutes\" \/>\n<script type=\"application\/ld+json\" class=\"yoast-schema-graph\">{\"@context\":\"https:\\\/\\\/schema.org\",\"@graph\":[{\"@type\":\"WebPage\",\"@id\":\"https:\\\/\\\/broz.sk\\\/en\\\/our-movies\\\/\",\"url\":\"https:\\\/\\\/broz.sk\\\/en\\\/our-movies\\\/\",\"name\":\"Our Movies - BROZ\",\"isPartOf\":{\"@id\":\"https:\\\/\\\/broz.sk\\\/#website\"},\"primaryImageOfPage\":{\"@id\":\"https:\\\/\\\/broz.sk\\\/en\\\/our-movies\\\/#primaryimage\"},\"image\":{\"@id\":\"https:\\\/\\\/broz.sk\\\/en\\\/our-movies\\\/#primaryimage\"},\"thumbnailUrl\":\"https:\\\/\\\/broz.sk\\\/wp-content\\\/uploads\\\/2021\\\/01\\\/klapka.gif\",\"datePublished\":\"2023-09-11T12:22:49+00:00\",\"dateModified\":\"2023-09-27T09:45:45+00:00\",\"breadcrumb\":{\"@id\":\"https:\\\/\\\/broz.sk\\\/en\\\/our-movies\\\/#breadcrumb\"},\"inLanguage\":\"en-US\",\"potentialAction\":[{\"@type\":\"ReadAction\",\"target\":[\"https:\\\/\\\/broz.sk\\\/en\\\/our-movies\\\/\"]}]},{\"@type\":\"ImageObject\",\"inLanguage\":\"en-US\",\"@id\":\"https:\\\/\\\/broz.sk\\\/en\\\/our-movies\\\/#primaryimage\",\"url\":\"https:\\\/\\\/broz.sk\\\/wp-content\\\/uploads\\\/2021\\\/01\\\/klapka.gif\",\"contentUrl\":\"https:\\\/\\\/broz.sk\\\/wp-content\\\/uploads\\\/2021\\\/01\\\/klapka.gif\",\"width\":1313,\"height\":1313},{\"@type\":\"BreadcrumbList\",\"@id\":\"https:\\\/\\\/broz.sk\\\/en\\\/our-movies\\\/#breadcrumb\",\"itemListElement\":[{\"@type\":\"ListItem\",\"position\":1,\"name\":\"Domovsk\u00e1 str\u00e1nka\",\"item\":\"https:\\\/\\\/broz.sk\\\/en\\\/\"},{\"@type\":\"ListItem\",\"position\":2,\"name\":\"Our Movies\"}]},{\"@type\":\"WebSite\",\"@id\":\"https:\\\/\\\/broz.sk\\\/#website\",\"url\":\"https:\\\/\\\/broz.sk\\\/\",\"name\":\"BROZ\",\"description\":\"ochran\u00e1rske zdru\u017eenie\",\"publisher\":{\"@id\":\"https:\\\/\\\/broz.sk\\\/#organization\"},\"potentialAction\":[{\"@type\":\"SearchAction\",\"target\":{\"@type\":\"EntryPoint\",\"urlTemplate\":\"https:\\\/\\\/broz.sk\\\/?s={search_term_string}\"},\"query-input\":{\"@type\":\"PropertyValueSpecification\",\"valueRequired\":true,\"valueName\":\"search_term_string\"}}],\"inLanguage\":\"en-US\"},{\"@type\":\"Organization\",\"@id\":\"https:\\\/\\\/broz.sk\\\/#organization\",\"name\":\"BROZ - Bratislavsk\u00e9 region\u00e1lne ochran\u00e1rske zdru\u017eenie\",\"url\":\"https:\\\/\\\/broz.sk\\\/\",\"logo\":{\"@type\":\"ImageObject\",\"inLanguage\":\"en-US\",\"@id\":\"https:\\\/\\\/broz.sk\\\/#\\\/schema\\\/logo\\\/image\\\/\",\"url\":\"https:\\\/\\\/broz.sk\\\/wp-content\\\/uploads\\\/2018\\\/03\\\/broz-logo-hires-color.png\",\"contentUrl\":\"https:\\\/\\\/broz.sk\\\/wp-content\\\/uploads\\\/2018\\\/03\\\/broz-logo-hires-color.png\",\"width\":2585,\"height\":1618,\"caption\":\"BROZ - Bratislavsk\u00e9 region\u00e1lne ochran\u00e1rske zdru\u017eenie\"},\"image\":{\"@id\":\"https:\\\/\\\/broz.sk\\\/#\\\/schema\\\/logo\\\/image\\\/\"},\"sameAs\":[\"https:\\\/\\\/www.facebook.com\\\/broz.ba\\\/\"]}]}<\/script>\n<!-- \/ Yoast SEO Premium plugin. -->","yoast_head_json":{"title":"Our Movies - BROZ","robots":{"index":"index","follow":"follow","max-snippet":"max-snippet:-1","max-image-preview":"max-image-preview:large","max-video-preview":"max-video-preview:-1"},"canonical":"https:\/\/broz.sk\/en\/our-movies\/","og_locale":"en_US","og_type":"article","og_title":"Our Movies","og_description":"[vc_row][vc_column][vc_column_text] The return of the\u00a0swifts A documentary film about birds and bats in our cities and our housing estates. About their populations, which have been shrinking for a long time, due to renovations and insulation of buildings. About how we found a solution to this problem and how we devised a system of replacement nesting&hellip;","og_url":"https:\/\/broz.sk\/en\/our-movies\/","og_site_name":"BROZ","article_publisher":"https:\/\/www.facebook.com\/broz.ba\/","article_modified_time":"2023-09-27T09:45:45+00:00","og_image":[{"width":1313,"height":1313,"url":"https:\/\/broz.sk\/wp-content\/uploads\/2021\/01\/klapka.gif","type":"image\/gif"}],"twitter_card":"summary_large_image","twitter_misc":{"Est. reading time":"3 minutes"},"schema":{"@context":"https:\/\/schema.org","@graph":[{"@type":"WebPage","@id":"https:\/\/broz.sk\/en\/our-movies\/","url":"https:\/\/broz.sk\/en\/our-movies\/","name":"Our Movies - BROZ","isPartOf":{"@id":"https:\/\/broz.sk\/#website"},"primaryImageOfPage":{"@id":"https:\/\/broz.sk\/en\/our-movies\/#primaryimage"},"image":{"@id":"https:\/\/broz.sk\/en\/our-movies\/#primaryimage"},"thumbnailUrl":"https:\/\/broz.sk\/wp-content\/uploads\/2021\/01\/klapka.gif","datePublished":"2023-09-11T12:22:49+00:00","dateModified":"2023-09-27T09:45:45+00:00","breadcrumb":{"@id":"https:\/\/broz.sk\/en\/our-movies\/#breadcrumb"},"inLanguage":"en-US","potentialAction":[{"@type":"ReadAction","target":["https:\/\/broz.sk\/en\/our-movies\/"]}]},{"@type":"ImageObject","inLanguage":"en-US","@id":"https:\/\/broz.sk\/en\/our-movies\/#primaryimage","url":"https:\/\/broz.sk\/wp-content\/uploads\/2021\/01\/klapka.gif","contentUrl":"https:\/\/broz.sk\/wp-content\/uploads\/2021\/01\/klapka.gif","width":1313,"height":1313},{"@type":"BreadcrumbList","@id":"https:\/\/broz.sk\/en\/our-movies\/#breadcrumb","itemListElement":[{"@type":"ListItem","position":1,"name":"Domovsk\u00e1 str\u00e1nka","item":"https:\/\/broz.sk\/en\/"},{"@type":"ListItem","position":2,"name":"Our Movies"}]},{"@type":"WebSite","@id":"https:\/\/broz.sk\/#website","url":"https:\/\/broz.sk\/","name":"BROZ","description":"ochran\u00e1rske zdru\u017eenie","publisher":{"@id":"https:\/\/broz.sk\/#organization"},"potentialAction":[{"@type":"SearchAction","target":{"@type":"EntryPoint","urlTemplate":"https:\/\/broz.sk\/?s={search_term_string}"},"query-input":{"@type":"PropertyValueSpecification","valueRequired":true,"valueName":"search_term_string"}}],"inLanguage":"en-US"},{"@type":"Organization","@id":"https:\/\/broz.sk\/#organization","name":"BROZ - Bratislavsk\u00e9 region\u00e1lne ochran\u00e1rske zdru\u017eenie","url":"https:\/\/broz.sk\/","logo":{"@type":"ImageObject","inLanguage":"en-US","@id":"https:\/\/broz.sk\/#\/schema\/logo\/image\/","url":"https:\/\/broz.sk\/wp-content\/uploads\/2018\/03\/broz-logo-hires-color.png","contentUrl":"https:\/\/broz.sk\/wp-content\/uploads\/2018\/03\/broz-logo-hires-color.png","width":2585,"height":1618,"caption":"BROZ - Bratislavsk\u00e9 region\u00e1lne ochran\u00e1rske zdru\u017eenie"},"image":{"@id":"https:\/\/broz.sk\/#\/schema\/logo\/image\/"},"sameAs":["https:\/\/www.facebook.com\/broz.ba\/"]}]}},"_links":{"self":[{"href":"https:\/\/broz.sk\/en\/wp-json\/wp\/v2\/pages\/29829","targetHints":{"allow":["GET"]}}],"collection":[{"href":"https:\/\/broz.sk\/en\/wp-json\/wp\/v2\/pages"}],"about":[{"href":"https:\/\/broz.sk\/en\/wp-json\/wp\/v2\/types\/page"}],"author":[{"embeddable":true,"href":"https:\/\/broz.sk\/en\/wp-json\/wp\/v2\/users\/2"}],"replies":[{"embeddable":true,"href":"https:\/\/broz.sk\/en\/wp-json\/wp\/v2\/comments?post=29829"}],"version-history":[{"count":6,"href":"https:\/\/broz.sk\/en\/wp-json\/wp\/v2\/pages\/29829\/revisions"}],"predecessor-version":[{"id":29948,"href":"https:\/\/broz.sk\/en\/wp-json\/wp\/v2\/pages\/29829\/revisions\/29948"}],"wp:featuredmedia":[{"embeddable":true,"href":"https:\/\/broz.sk\/en\/wp-json\/wp\/v2\/media\/14509"}],"wp:attachment":[{"href":"https:\/\/broz.sk\/en\/wp-json\/wp\/v2\/media?parent=29829"}],"curies":[{"name":"wp","href":"https:\/\/api.w.org\/{rel}","templated":true}]}}