{"id":14782,"date":"2021-02-22T14:24:59","date_gmt":"2021-02-22T13:24:59","guid":{"rendered":"https:\/\/broz.sk\/grazing-of-protected-areas\/"},"modified":"2023-09-05T12:56:07","modified_gmt":"2023-09-05T10:56:07","slug":"grazing-of-protected-areas","status":"publish","type":"page","link":"https:\/\/broz.sk\/en\/grazing-of-protected-areas\/","title":{"rendered":"Grazing of protected areas"},"content":{"rendered":"<div class=\"wpb-content-wrapper\"><p>[vc_row][vc_column][vc_column_text]<\/p>\r\n<p class=\"Standard\" style=\"line-height: 150%;\">Pastures and meadows were once a\u00a0common part of our countryside and this habitat has co-evolved with large megafauna. Megaherbivores such as European bison which used to roam the wast grasslands of Europe were later replaced by domesticated animals. <strong>All grasslands need to be grazed and without the grazers they slowly dissapear, overgrown by bushes and trees.<\/strong> As livestock farming has become intensified and animals are raised indoors, large areas of meadows have been turned to argicultural land. As meadows dissapear the once common species of plants and animals which rely on meadows are becoming rare and even extinct.<\/p>\r\n<p>[\/vc_column_text][vc_column_text]<strong>In order to conserve precious species of flowering plants, insect, birds and mammals such as the ground squirrel we restore extensive grazing in protected Natura 2000 areas.<\/strong> We graze several species of animals including goats, sheep, cows, horses and even water buffalos which help to restore the natural character of grassland habitats. In intesely agricultural areas we try to increase biodiversity by establishing new meadows on arable land.[\/vc_column_text][vc_column_text]<\/p>\r\n<h2>Where do we graze?<\/h2>\r\n<p>[\/vc_column_text][vc_gmaps link=&#8221;#E-8_JTNDaWZyYW1lJTIwc3JjJTNEJTIyaHR0cHMlM0ElMkYlMkZ3d3cuZ29vZ2xlLmNvbSUyRm1hcHMlMkZkJTJGZW1iZWQlM0ZtaWQlM0QxNnh1MzdqQ0hDWWZITTZyMTVadG9EbG9aU1QzT1FiSSUyNmVoYmMlM0QyRTMxMkYlMjIlMjB3aWR0aCUzRCUyMjY0MCUyMiUyMGhlaWdodCUzRCUyMjQ4MCUyMiUzRSUzQyUyRmlmcmFtZSUzRQ==&#8221;][vc_btn title=&#8221;More about BROZ projects&#8221; color=&#8221;warning&#8221; link=&#8221;url:https%3A%2F%2Fbroz.sk%2Fen%2Fprojekty%2F&#8221;][\/vc_column][\/vc_row]<\/p>\r\n<\/div>","protected":false},"excerpt":{"rendered":"<p>[vc_row][vc_column][vc_column_text] Pastures and meadows were once a\u00a0common part of our countryside and this habitat has co-evolved with large megafauna. Megaherbivores such as European bison which used to roam the wast grasslands of Europe were later replaced by domesticated animals. All grasslands need to be grazed and without the grazers they slowly dissapear, overgrown by bushes&hellip;<\/p>\n","protected":false},"author":2,"featured_media":11137,"parent":0,"menu_order":143,"comment_status":"closed","ping_status":"closed","template":"","meta":{"_acf_changed":false,"pmpro_default_level":"","footnotes":""},"class_list":["post-14782","page","type-page","status-publish","has-post-thumbnail","hentry","pmpro-has-access","description-off"],"acf":[],"yoast_head":"<!-- This site is optimized with the Yoast SEO Premium plugin v21.4 (Yoast SEO v27.4) - https:\/\/yoast.com\/product\/yoast-seo-premium-wordpress\/ -->\n<title>Grazing of protected areas - BROZ<\/title>\n<meta name=\"robots\" content=\"index, follow, max-snippet:-1, max-image-preview:large, max-video-preview:-1\" \/>\n<link rel=\"canonical\" href=\"https:\/\/broz.sk\/en\/grazing-of-protected-areas\/\" \/>\n<meta property=\"og:locale\" content=\"en_US\" \/>\n<meta property=\"og:type\" content=\"article\" \/>\n<meta property=\"og:title\" content=\"Grazing of protected areas\" \/>\n<meta property=\"og:description\" content=\"[vc_row][vc_column][vc_column_text] Pastures and meadows were once a\u00a0common part of our countryside and this habitat has co-evolved with large megafauna. Megaherbivores such as European bison which used to roam the wast grasslands of Europe were later replaced by domesticated animals. All grasslands need to be grazed and without the grazers they slowly dissapear, overgrown by bushes&hellip;\" \/>\n<meta property=\"og:url\" content=\"https:\/\/broz.sk\/en\/grazing-of-protected-areas\/\" \/>\n<meta property=\"og:site_name\" content=\"BROZ\" \/>\n<meta property=\"article:publisher\" content=\"https:\/\/www.facebook.com\/broz.ba\/\" \/>\n<meta property=\"article:modified_time\" content=\"2023-09-05T10:56:07+00:00\" \/>\n<meta property=\"og:image\" content=\"https:\/\/broz.sk\/wp-content\/uploads\/2020\/03\/pastva_ram290pix-2.gif\" \/>\n\t<meta property=\"og:image:width\" content=\"1313\" \/>\n\t<meta property=\"og:image:height\" content=\"1313\" \/>\n\t<meta property=\"og:image:type\" content=\"image\/gif\" \/>\n<meta name=\"twitter:card\" content=\"summary_large_image\" \/>\n<meta name=\"twitter:label1\" content=\"Est. reading time\" \/>\n\t<meta name=\"twitter:data1\" content=\"1 minute\" \/>\n<script type=\"application\/ld+json\" class=\"yoast-schema-graph\">{\"@context\":\"https:\\\/\\\/schema.org\",\"@graph\":[{\"@type\":\"WebPage\",\"@id\":\"https:\\\/\\\/broz.sk\\\/en\\\/grazing-of-protected-areas\\\/\",\"url\":\"https:\\\/\\\/broz.sk\\\/en\\\/grazing-of-protected-areas\\\/\",\"name\":\"Grazing of protected areas - BROZ\",\"isPartOf\":{\"@id\":\"https:\\\/\\\/broz.sk\\\/#website\"},\"primaryImageOfPage\":{\"@id\":\"https:\\\/\\\/broz.sk\\\/en\\\/grazing-of-protected-areas\\\/#primaryimage\"},\"image\":{\"@id\":\"https:\\\/\\\/broz.sk\\\/en\\\/grazing-of-protected-areas\\\/#primaryimage\"},\"thumbnailUrl\":\"https:\\\/\\\/broz.sk\\\/wp-content\\\/uploads\\\/2020\\\/03\\\/pastva_ram290pix-2.gif\",\"datePublished\":\"2021-02-22T13:24:59+00:00\",\"dateModified\":\"2023-09-05T10:56:07+00:00\",\"breadcrumb\":{\"@id\":\"https:\\\/\\\/broz.sk\\\/en\\\/grazing-of-protected-areas\\\/#breadcrumb\"},\"inLanguage\":\"en-US\",\"potentialAction\":[{\"@type\":\"ReadAction\",\"target\":[\"https:\\\/\\\/broz.sk\\\/en\\\/grazing-of-protected-areas\\\/\"]}]},{\"@type\":\"ImageObject\",\"inLanguage\":\"en-US\",\"@id\":\"https:\\\/\\\/broz.sk\\\/en\\\/grazing-of-protected-areas\\\/#primaryimage\",\"url\":\"https:\\\/\\\/broz.sk\\\/wp-content\\\/uploads\\\/2020\\\/03\\\/pastva_ram290pix-2.gif\",\"contentUrl\":\"https:\\\/\\\/broz.sk\\\/wp-content\\\/uploads\\\/2020\\\/03\\\/pastva_ram290pix-2.gif\",\"width\":1313,\"height\":1313},{\"@type\":\"BreadcrumbList\",\"@id\":\"https:\\\/\\\/broz.sk\\\/en\\\/grazing-of-protected-areas\\\/#breadcrumb\",\"itemListElement\":[{\"@type\":\"ListItem\",\"position\":1,\"name\":\"Domovsk\u00e1 str\u00e1nka\",\"item\":\"https:\\\/\\\/broz.sk\\\/en\\\/\"},{\"@type\":\"ListItem\",\"position\":2,\"name\":\"Grazing of protected areas\"}]},{\"@type\":\"WebSite\",\"@id\":\"https:\\\/\\\/broz.sk\\\/#website\",\"url\":\"https:\\\/\\\/broz.sk\\\/\",\"name\":\"BROZ\",\"description\":\"ochran\u00e1rske zdru\u017eenie\",\"publisher\":{\"@id\":\"https:\\\/\\\/broz.sk\\\/#organization\"},\"potentialAction\":[{\"@type\":\"SearchAction\",\"target\":{\"@type\":\"EntryPoint\",\"urlTemplate\":\"https:\\\/\\\/broz.sk\\\/?s={search_term_string}\"},\"query-input\":{\"@type\":\"PropertyValueSpecification\",\"valueRequired\":true,\"valueName\":\"search_term_string\"}}],\"inLanguage\":\"en-US\"},{\"@type\":\"Organization\",\"@id\":\"https:\\\/\\\/broz.sk\\\/#organization\",\"name\":\"BROZ - Bratislavsk\u00e9 region\u00e1lne ochran\u00e1rske zdru\u017eenie\",\"url\":\"https:\\\/\\\/broz.sk\\\/\",\"logo\":{\"@type\":\"ImageObject\",\"inLanguage\":\"en-US\",\"@id\":\"https:\\\/\\\/broz.sk\\\/#\\\/schema\\\/logo\\\/image\\\/\",\"url\":\"https:\\\/\\\/broz.sk\\\/wp-content\\\/uploads\\\/2018\\\/03\\\/broz-logo-hires-color.png\",\"contentUrl\":\"https:\\\/\\\/broz.sk\\\/wp-content\\\/uploads\\\/2018\\\/03\\\/broz-logo-hires-color.png\",\"width\":2585,\"height\":1618,\"caption\":\"BROZ - Bratislavsk\u00e9 region\u00e1lne ochran\u00e1rske zdru\u017eenie\"},\"image\":{\"@id\":\"https:\\\/\\\/broz.sk\\\/#\\\/schema\\\/logo\\\/image\\\/\"},\"sameAs\":[\"https:\\\/\\\/www.facebook.com\\\/broz.ba\\\/\"]}]}<\/script>\n<!-- \/ Yoast SEO Premium plugin. -->","yoast_head_json":{"title":"Grazing of protected areas - BROZ","robots":{"index":"index","follow":"follow","max-snippet":"max-snippet:-1","max-image-preview":"max-image-preview:large","max-video-preview":"max-video-preview:-1"},"canonical":"https:\/\/broz.sk\/en\/grazing-of-protected-areas\/","og_locale":"en_US","og_type":"article","og_title":"Grazing of protected areas","og_description":"[vc_row][vc_column][vc_column_text] Pastures and meadows were once a\u00a0common part of our countryside and this habitat has co-evolved with large megafauna. Megaherbivores such as European bison which used to roam the wast grasslands of Europe were later replaced by domesticated animals. All grasslands need to be grazed and without the grazers they slowly dissapear, overgrown by bushes&hellip;","og_url":"https:\/\/broz.sk\/en\/grazing-of-protected-areas\/","og_site_name":"BROZ","article_publisher":"https:\/\/www.facebook.com\/broz.ba\/","article_modified_time":"2023-09-05T10:56:07+00:00","og_image":[{"width":1313,"height":1313,"url":"https:\/\/broz.sk\/wp-content\/uploads\/2020\/03\/pastva_ram290pix-2.gif","type":"image\/gif"}],"twitter_card":"summary_large_image","twitter_misc":{"Est. reading time":"1 minute"},"schema":{"@context":"https:\/\/schema.org","@graph":[{"@type":"WebPage","@id":"https:\/\/broz.sk\/en\/grazing-of-protected-areas\/","url":"https:\/\/broz.sk\/en\/grazing-of-protected-areas\/","name":"Grazing of protected areas - BROZ","isPartOf":{"@id":"https:\/\/broz.sk\/#website"},"primaryImageOfPage":{"@id":"https:\/\/broz.sk\/en\/grazing-of-protected-areas\/#primaryimage"},"image":{"@id":"https:\/\/broz.sk\/en\/grazing-of-protected-areas\/#primaryimage"},"thumbnailUrl":"https:\/\/broz.sk\/wp-content\/uploads\/2020\/03\/pastva_ram290pix-2.gif","datePublished":"2021-02-22T13:24:59+00:00","dateModified":"2023-09-05T10:56:07+00:00","breadcrumb":{"@id":"https:\/\/broz.sk\/en\/grazing-of-protected-areas\/#breadcrumb"},"inLanguage":"en-US","potentialAction":[{"@type":"ReadAction","target":["https:\/\/broz.sk\/en\/grazing-of-protected-areas\/"]}]},{"@type":"ImageObject","inLanguage":"en-US","@id":"https:\/\/broz.sk\/en\/grazing-of-protected-areas\/#primaryimage","url":"https:\/\/broz.sk\/wp-content\/uploads\/2020\/03\/pastva_ram290pix-2.gif","contentUrl":"https:\/\/broz.sk\/wp-content\/uploads\/2020\/03\/pastva_ram290pix-2.gif","width":1313,"height":1313},{"@type":"BreadcrumbList","@id":"https:\/\/broz.sk\/en\/grazing-of-protected-areas\/#breadcrumb","itemListElement":[{"@type":"ListItem","position":1,"name":"Domovsk\u00e1 str\u00e1nka","item":"https:\/\/broz.sk\/en\/"},{"@type":"ListItem","position":2,"name":"Grazing of protected areas"}]},{"@type":"WebSite","@id":"https:\/\/broz.sk\/#website","url":"https:\/\/broz.sk\/","name":"BROZ","description":"ochran\u00e1rske zdru\u017eenie","publisher":{"@id":"https:\/\/broz.sk\/#organization"},"potentialAction":[{"@type":"SearchAction","target":{"@type":"EntryPoint","urlTemplate":"https:\/\/broz.sk\/?s={search_term_string}"},"query-input":{"@type":"PropertyValueSpecification","valueRequired":true,"valueName":"search_term_string"}}],"inLanguage":"en-US"},{"@type":"Organization","@id":"https:\/\/broz.sk\/#organization","name":"BROZ - Bratislavsk\u00e9 region\u00e1lne ochran\u00e1rske zdru\u017eenie","url":"https:\/\/broz.sk\/","logo":{"@type":"ImageObject","inLanguage":"en-US","@id":"https:\/\/broz.sk\/#\/schema\/logo\/image\/","url":"https:\/\/broz.sk\/wp-content\/uploads\/2018\/03\/broz-logo-hires-color.png","contentUrl":"https:\/\/broz.sk\/wp-content\/uploads\/2018\/03\/broz-logo-hires-color.png","width":2585,"height":1618,"caption":"BROZ - Bratislavsk\u00e9 region\u00e1lne ochran\u00e1rske zdru\u017eenie"},"image":{"@id":"https:\/\/broz.sk\/#\/schema\/logo\/image\/"},"sameAs":["https:\/\/www.facebook.com\/broz.ba\/"]}]}},"_links":{"self":[{"href":"https:\/\/broz.sk\/en\/wp-json\/wp\/v2\/pages\/14782","targetHints":{"allow":["GET"]}}],"collection":[{"href":"https:\/\/broz.sk\/en\/wp-json\/wp\/v2\/pages"}],"about":[{"href":"https:\/\/broz.sk\/en\/wp-json\/wp\/v2\/types\/page"}],"author":[{"embeddable":true,"href":"https:\/\/broz.sk\/en\/wp-json\/wp\/v2\/users\/2"}],"replies":[{"embeddable":true,"href":"https:\/\/broz.sk\/en\/wp-json\/wp\/v2\/comments?post=14782"}],"version-history":[{"count":6,"href":"https:\/\/broz.sk\/en\/wp-json\/wp\/v2\/pages\/14782\/revisions"}],"predecessor-version":[{"id":29715,"href":"https:\/\/broz.sk\/en\/wp-json\/wp\/v2\/pages\/14782\/revisions\/29715"}],"wp:featuredmedia":[{"embeddable":true,"href":"https:\/\/broz.sk\/en\/wp-json\/wp\/v2\/media\/11137"}],"wp:attachment":[{"href":"https:\/\/broz.sk\/en\/wp-json\/wp\/v2\/media?parent=14782"}],"curies":[{"name":"wp","href":"https:\/\/api.w.org\/{rel}","templated":true}]}}