{"id":14779,"date":"2021-02-22T14:21:26","date_gmt":"2021-02-22T13:21:26","guid":{"rendered":"https:\/\/broz.sk\/restoration-of-wetlands-and-river-side-arms\/"},"modified":"2023-09-04T14:59:11","modified_gmt":"2023-09-04T12:59:11","slug":"restoration-of-wetlands-and-river-side-arms","status":"publish","type":"page","link":"https:\/\/broz.sk\/en\/restoration-of-wetlands-and-river-side-arms\/","title":{"rendered":"Restoration of wetlands and river side arms"},"content":{"rendered":"<div class=\"wpb-content-wrapper\"><p>[vc_row][vc_column][vc_column_text]<\/p>\n<p class=\"Standard\" style=\"line-height: 150%;\">When it comes to species diveristy, wetlands and river side arms are among the richest one could find. The Danube inland delta located south of Bratislava represents one one of the biggest wetland complexes left in Central Europe although 90% of their formal range has been lost already. The remain of this once massive wetland complex is today appreciated for it\u00b4s ecosystem sevices such as water retention and puryfication and rare biodiversity. Black storks and sea eagles are often seen nesting in the area, European beavers and otters can still be found in the old side arms. Sadly, the degradation of this precious ecosystem continues as a\u00a0result of former interventions on the Danube river. In order to protect the remaining Danube wetlands it is neccesary to make interventions to restore water dynamics in the inland delta. To this day, BROZ has successfully restored more than 1000 ha of wetlands and improved water dynamics on another 1200 ha in the inland delta. We have also restored a\u00a0total of eight river side arms on the Danuber river and we are currently working on new projects to continue this work.<\/p>\n<p>[\/vc_column_text][vc_btn title=&#8221;More about BROZ projects&#8221; color=&#8221;warning&#8221; link=&#8221;url:https%3A%2F%2Fbroz.sk%2Fen%2Fprojekty%2F&#8221;][\/vc_column][\/vc_row][vc_row][vc_column][\/vc_column][\/vc_row]<\/p>\n<\/div>","protected":false},"excerpt":{"rendered":"<p>[vc_row][vc_column][vc_column_text] When it comes to species diveristy, wetlands and river side arms are among the richest one could find. The Danube inland delta located south of Bratislava represents one one of the biggest wetland complexes left in Central Europe although 90% of their formal range has been lost already. The remain of this once massive&hellip;<\/p>\n","protected":false},"author":2,"featured_media":11133,"parent":0,"menu_order":134,"comment_status":"closed","ping_status":"closed","template":"","meta":{"_acf_changed":false,"pmpro_default_level":"","footnotes":""},"class_list":["post-14779","page","type-page","status-publish","has-post-thumbnail","hentry","pmpro-has-access","description-off"],"acf":[],"yoast_head":"<!-- This site is optimized with the Yoast SEO Premium plugin v21.4 (Yoast SEO v27.4) - https:\/\/yoast.com\/product\/yoast-seo-premium-wordpress\/ -->\n<title>Restoration of wetlands and river side arms - BROZ<\/title>\n<meta name=\"robots\" content=\"index, follow, max-snippet:-1, max-image-preview:large, max-video-preview:-1\" \/>\n<link rel=\"canonical\" href=\"https:\/\/broz.sk\/en\/restoration-of-wetlands-and-river-side-arms\/\" \/>\n<meta property=\"og:locale\" content=\"en_US\" \/>\n<meta property=\"og:type\" content=\"article\" \/>\n<meta property=\"og:title\" content=\"Restoration of wetlands and river side arms\" \/>\n<meta property=\"og:description\" content=\"[vc_row][vc_column][vc_column_text] When it comes to species diveristy, wetlands and river side arms are among the richest one could find. The Danube inland delta located south of Bratislava represents one one of the biggest wetland complexes left in Central Europe although 90% of their formal range has been lost already. The remain of this once massive&hellip;\" \/>\n<meta property=\"og:url\" content=\"https:\/\/broz.sk\/en\/restoration-of-wetlands-and-river-side-arms\/\" \/>\n<meta property=\"og:site_name\" content=\"BROZ\" \/>\n<meta property=\"article:publisher\" content=\"https:\/\/www.facebook.com\/broz.ba\/\" \/>\n<meta property=\"article:modified_time\" content=\"2023-09-04T12:59:11+00:00\" \/>\n<meta property=\"og:image\" content=\"https:\/\/broz.sk\/wp-content\/uploads\/2020\/03\/obnova-riecnych-ramien_ram290pix.gif\" \/>\n\t<meta property=\"og:image:width\" content=\"1313\" \/>\n\t<meta property=\"og:image:height\" content=\"1313\" \/>\n\t<meta property=\"og:image:type\" content=\"image\/gif\" \/>\n<meta name=\"twitter:card\" content=\"summary_large_image\" \/>\n<meta name=\"twitter:label1\" content=\"Est. reading time\" \/>\n\t<meta name=\"twitter:data1\" content=\"1 minute\" \/>\n<script type=\"application\/ld+json\" class=\"yoast-schema-graph\">{\"@context\":\"https:\\\/\\\/schema.org\",\"@graph\":[{\"@type\":\"WebPage\",\"@id\":\"https:\\\/\\\/broz.sk\\\/en\\\/restoration-of-wetlands-and-river-side-arms\\\/\",\"url\":\"https:\\\/\\\/broz.sk\\\/en\\\/restoration-of-wetlands-and-river-side-arms\\\/\",\"name\":\"Restoration of wetlands and river side arms - BROZ\",\"isPartOf\":{\"@id\":\"https:\\\/\\\/broz.sk\\\/#website\"},\"primaryImageOfPage\":{\"@id\":\"https:\\\/\\\/broz.sk\\\/en\\\/restoration-of-wetlands-and-river-side-arms\\\/#primaryimage\"},\"image\":{\"@id\":\"https:\\\/\\\/broz.sk\\\/en\\\/restoration-of-wetlands-and-river-side-arms\\\/#primaryimage\"},\"thumbnailUrl\":\"https:\\\/\\\/broz.sk\\\/wp-content\\\/uploads\\\/2020\\\/03\\\/obnova-riecnych-ramien_ram290pix.gif\",\"datePublished\":\"2021-02-22T13:21:26+00:00\",\"dateModified\":\"2023-09-04T12:59:11+00:00\",\"breadcrumb\":{\"@id\":\"https:\\\/\\\/broz.sk\\\/en\\\/restoration-of-wetlands-and-river-side-arms\\\/#breadcrumb\"},\"inLanguage\":\"en-US\",\"potentialAction\":[{\"@type\":\"ReadAction\",\"target\":[\"https:\\\/\\\/broz.sk\\\/en\\\/restoration-of-wetlands-and-river-side-arms\\\/\"]}]},{\"@type\":\"ImageObject\",\"inLanguage\":\"en-US\",\"@id\":\"https:\\\/\\\/broz.sk\\\/en\\\/restoration-of-wetlands-and-river-side-arms\\\/#primaryimage\",\"url\":\"https:\\\/\\\/broz.sk\\\/wp-content\\\/uploads\\\/2020\\\/03\\\/obnova-riecnych-ramien_ram290pix.gif\",\"contentUrl\":\"https:\\\/\\\/broz.sk\\\/wp-content\\\/uploads\\\/2020\\\/03\\\/obnova-riecnych-ramien_ram290pix.gif\",\"width\":1313,\"height\":1313},{\"@type\":\"BreadcrumbList\",\"@id\":\"https:\\\/\\\/broz.sk\\\/en\\\/restoration-of-wetlands-and-river-side-arms\\\/#breadcrumb\",\"itemListElement\":[{\"@type\":\"ListItem\",\"position\":1,\"name\":\"Domovsk\u00e1 str\u00e1nka\",\"item\":\"https:\\\/\\\/broz.sk\\\/en\\\/\"},{\"@type\":\"ListItem\",\"position\":2,\"name\":\"Restoration of wetlands and river side arms\"}]},{\"@type\":\"WebSite\",\"@id\":\"https:\\\/\\\/broz.sk\\\/#website\",\"url\":\"https:\\\/\\\/broz.sk\\\/\",\"name\":\"BROZ\",\"description\":\"ochran\u00e1rske zdru\u017eenie\",\"publisher\":{\"@id\":\"https:\\\/\\\/broz.sk\\\/#organization\"},\"potentialAction\":[{\"@type\":\"SearchAction\",\"target\":{\"@type\":\"EntryPoint\",\"urlTemplate\":\"https:\\\/\\\/broz.sk\\\/?s={search_term_string}\"},\"query-input\":{\"@type\":\"PropertyValueSpecification\",\"valueRequired\":true,\"valueName\":\"search_term_string\"}}],\"inLanguage\":\"en-US\"},{\"@type\":\"Organization\",\"@id\":\"https:\\\/\\\/broz.sk\\\/#organization\",\"name\":\"BROZ - Bratislavsk\u00e9 region\u00e1lne ochran\u00e1rske zdru\u017eenie\",\"url\":\"https:\\\/\\\/broz.sk\\\/\",\"logo\":{\"@type\":\"ImageObject\",\"inLanguage\":\"en-US\",\"@id\":\"https:\\\/\\\/broz.sk\\\/#\\\/schema\\\/logo\\\/image\\\/\",\"url\":\"https:\\\/\\\/broz.sk\\\/wp-content\\\/uploads\\\/2018\\\/03\\\/broz-logo-hires-color.png\",\"contentUrl\":\"https:\\\/\\\/broz.sk\\\/wp-content\\\/uploads\\\/2018\\\/03\\\/broz-logo-hires-color.png\",\"width\":2585,\"height\":1618,\"caption\":\"BROZ - Bratislavsk\u00e9 region\u00e1lne ochran\u00e1rske zdru\u017eenie\"},\"image\":{\"@id\":\"https:\\\/\\\/broz.sk\\\/#\\\/schema\\\/logo\\\/image\\\/\"},\"sameAs\":[\"https:\\\/\\\/www.facebook.com\\\/broz.ba\\\/\"]}]}<\/script>\n<!-- \/ Yoast SEO Premium plugin. -->","yoast_head_json":{"title":"Restoration of wetlands and river side arms - BROZ","robots":{"index":"index","follow":"follow","max-snippet":"max-snippet:-1","max-image-preview":"max-image-preview:large","max-video-preview":"max-video-preview:-1"},"canonical":"https:\/\/broz.sk\/en\/restoration-of-wetlands-and-river-side-arms\/","og_locale":"en_US","og_type":"article","og_title":"Restoration of wetlands and river side arms","og_description":"[vc_row][vc_column][vc_column_text] When it comes to species diveristy, wetlands and river side arms are among the richest one could find. The Danube inland delta located south of Bratislava represents one one of the biggest wetland complexes left in Central Europe although 90% of their formal range has been lost already. The remain of this once massive&hellip;","og_url":"https:\/\/broz.sk\/en\/restoration-of-wetlands-and-river-side-arms\/","og_site_name":"BROZ","article_publisher":"https:\/\/www.facebook.com\/broz.ba\/","article_modified_time":"2023-09-04T12:59:11+00:00","og_image":[{"width":1313,"height":1313,"url":"https:\/\/broz.sk\/wp-content\/uploads\/2020\/03\/obnova-riecnych-ramien_ram290pix.gif","type":"image\/gif"}],"twitter_card":"summary_large_image","twitter_misc":{"Est. reading time":"1 minute"},"schema":{"@context":"https:\/\/schema.org","@graph":[{"@type":"WebPage","@id":"https:\/\/broz.sk\/en\/restoration-of-wetlands-and-river-side-arms\/","url":"https:\/\/broz.sk\/en\/restoration-of-wetlands-and-river-side-arms\/","name":"Restoration of wetlands and river side arms - BROZ","isPartOf":{"@id":"https:\/\/broz.sk\/#website"},"primaryImageOfPage":{"@id":"https:\/\/broz.sk\/en\/restoration-of-wetlands-and-river-side-arms\/#primaryimage"},"image":{"@id":"https:\/\/broz.sk\/en\/restoration-of-wetlands-and-river-side-arms\/#primaryimage"},"thumbnailUrl":"https:\/\/broz.sk\/wp-content\/uploads\/2020\/03\/obnova-riecnych-ramien_ram290pix.gif","datePublished":"2021-02-22T13:21:26+00:00","dateModified":"2023-09-04T12:59:11+00:00","breadcrumb":{"@id":"https:\/\/broz.sk\/en\/restoration-of-wetlands-and-river-side-arms\/#breadcrumb"},"inLanguage":"en-US","potentialAction":[{"@type":"ReadAction","target":["https:\/\/broz.sk\/en\/restoration-of-wetlands-and-river-side-arms\/"]}]},{"@type":"ImageObject","inLanguage":"en-US","@id":"https:\/\/broz.sk\/en\/restoration-of-wetlands-and-river-side-arms\/#primaryimage","url":"https:\/\/broz.sk\/wp-content\/uploads\/2020\/03\/obnova-riecnych-ramien_ram290pix.gif","contentUrl":"https:\/\/broz.sk\/wp-content\/uploads\/2020\/03\/obnova-riecnych-ramien_ram290pix.gif","width":1313,"height":1313},{"@type":"BreadcrumbList","@id":"https:\/\/broz.sk\/en\/restoration-of-wetlands-and-river-side-arms\/#breadcrumb","itemListElement":[{"@type":"ListItem","position":1,"name":"Domovsk\u00e1 str\u00e1nka","item":"https:\/\/broz.sk\/en\/"},{"@type":"ListItem","position":2,"name":"Restoration of wetlands and river side arms"}]},{"@type":"WebSite","@id":"https:\/\/broz.sk\/#website","url":"https:\/\/broz.sk\/","name":"BROZ","description":"ochran\u00e1rske zdru\u017eenie","publisher":{"@id":"https:\/\/broz.sk\/#organization"},"potentialAction":[{"@type":"SearchAction","target":{"@type":"EntryPoint","urlTemplate":"https:\/\/broz.sk\/?s={search_term_string}"},"query-input":{"@type":"PropertyValueSpecification","valueRequired":true,"valueName":"search_term_string"}}],"inLanguage":"en-US"},{"@type":"Organization","@id":"https:\/\/broz.sk\/#organization","name":"BROZ - Bratislavsk\u00e9 region\u00e1lne ochran\u00e1rske zdru\u017eenie","url":"https:\/\/broz.sk\/","logo":{"@type":"ImageObject","inLanguage":"en-US","@id":"https:\/\/broz.sk\/#\/schema\/logo\/image\/","url":"https:\/\/broz.sk\/wp-content\/uploads\/2018\/03\/broz-logo-hires-color.png","contentUrl":"https:\/\/broz.sk\/wp-content\/uploads\/2018\/03\/broz-logo-hires-color.png","width":2585,"height":1618,"caption":"BROZ - Bratislavsk\u00e9 region\u00e1lne ochran\u00e1rske zdru\u017eenie"},"image":{"@id":"https:\/\/broz.sk\/#\/schema\/logo\/image\/"},"sameAs":["https:\/\/www.facebook.com\/broz.ba\/"]}]}},"_links":{"self":[{"href":"https:\/\/broz.sk\/en\/wp-json\/wp\/v2\/pages\/14779","targetHints":{"allow":["GET"]}}],"collection":[{"href":"https:\/\/broz.sk\/en\/wp-json\/wp\/v2\/pages"}],"about":[{"href":"https:\/\/broz.sk\/en\/wp-json\/wp\/v2\/types\/page"}],"author":[{"embeddable":true,"href":"https:\/\/broz.sk\/en\/wp-json\/wp\/v2\/users\/2"}],"replies":[{"embeddable":true,"href":"https:\/\/broz.sk\/en\/wp-json\/wp\/v2\/comments?post=14779"}],"version-history":[{"count":4,"href":"https:\/\/broz.sk\/en\/wp-json\/wp\/v2\/pages\/14779\/revisions"}],"predecessor-version":[{"id":29697,"href":"https:\/\/broz.sk\/en\/wp-json\/wp\/v2\/pages\/14779\/revisions\/29697"}],"wp:featuredmedia":[{"embeddable":true,"href":"https:\/\/broz.sk\/en\/wp-json\/wp\/v2\/media\/11133"}],"wp:attachment":[{"href":"https:\/\/broz.sk\/en\/wp-json\/wp\/v2\/media?parent=14779"}],"curies":[{"name":"wp","href":"https:\/\/api.w.org\/{rel}","templated":true}]}}