{"id":3082,"date":"2018-01-26T14:31:49","date_gmt":"2018-01-26T13:31:49","guid":{"rendered":"https:\/\/broz.tvojamama.sk?page_id=3082"},"modified":"2019-01-25T18:12:42","modified_gmt":"2019-01-25T17:12:42","slug":"regionaler-naturschutzverband-bratislava-broz","status":"publish","type":"page","link":"https:\/\/broz.sk\/de\/regionaler-naturschutzverband-bratislava-broz\/","title":{"rendered":"\u00dcber uns"},"content":{"rendered":"<div class=\"wpb-content-wrapper\">[vc_row][vc_column][vc_column_text]<strong>Regionaler Naturschutzverband Bratislava (BROZ)<\/strong>\r\n\r\nDas Hauptziel des Projektes ist die Schaffung eines Funktionsnetzwerkes der NATURA 2000-Gebiete in der Bratislava-Region und\u00a0die Gew\u00e4hrleistung eines g\u00fcnstigen Naturschutzstatus der Biotope von gemeinschaftlicher Bedeutung durch ein Revitalisierungsmanagement in 17 Lokalit\u00e4ten des Projektgebiets.\r\nEin trilaterales grenz\u00fcberschreitendes Gebiet der Slowakei mit \u00d6sterreich\u00a0und Ungarn stellt mit ihren wertvollen Lokalit\u00e4ten des NATURA 2000-Netzwerks ein strategisches Gebiet dar, in dem das Naturerbe auf der internationalen Ebene gesch\u00fctzt werden sollte. Die gemeinsamen Naturschutz-Bestrebungen einschlie\u00dflich eines passenden Wiederherstellungsmanagements sollten zum aktiven Naturschutz und zur F\u00f6rderung der Naturwerte der Region f\u00fchren.[\/vc_column_text][\/vc_column][\/vc_row]<\/div>","protected":false},"excerpt":{"rendered":"<p>[vc_row][vc_column][vc_column_text]Regionaler Naturschutzverband Bratislava (BROZ) Das Hauptziel des Projektes ist die Schaffung eines Funktionsnetzwerkes der NATURA 2000-Gebiete in der Bratislava-Region und\u00a0die Gew\u00e4hrleistung eines g\u00fcnstigen Naturschutzstatus der Biotope von gemeinschaftlicher Bedeutung durch ein Revitalisierungsmanagement in 17 Lokalit\u00e4ten des Projektgebiets. Ein trilaterales grenz\u00fcberschreitendes Gebiet der Slowakei mit \u00d6sterreich\u00a0und Ungarn stellt mit ihren wertvollen Lokalit\u00e4ten des NATURA 2000-Netzwerks ein&hellip;<\/p>\n","protected":false},"author":2,"featured_media":3083,"parent":0,"menu_order":132,"comment_status":"closed","ping_status":"closed","template":"","meta":{"_acf_changed":false,"pmpro_default_level":"","footnotes":""},"class_list":["post-3082","page","type-page","status-publish","has-post-thumbnail","hentry","pmpro-has-access","description-off"],"acf":[],"yoast_head":"<!-- This site is optimized with the Yoast SEO Premium plugin v21.4 (Yoast SEO v27.4) - https:\/\/yoast.com\/product\/yoast-seo-premium-wordpress\/ -->\n<title>\u00dcber uns - BROZ<\/title>\n<meta name=\"robots\" content=\"index, follow, max-snippet:-1, max-image-preview:large, max-video-preview:-1\" \/>\n<link rel=\"canonical\" href=\"https:\/\/broz.sk\/de\/regionaler-naturschutzverband-bratislava-broz\/\" \/>\n<meta property=\"og:locale\" content=\"de_DE\" \/>\n<meta property=\"og:type\" content=\"article\" \/>\n<meta property=\"og:title\" content=\"\u00dcber uns\" \/>\n<meta property=\"og:description\" content=\"[vc_row][vc_column][vc_column_text]Regionaler Naturschutzverband Bratislava (BROZ) Das Hauptziel des Projektes ist die Schaffung eines Funktionsnetzwerkes der NATURA 2000-Gebiete in der Bratislava-Region und\u00a0die Gew\u00e4hrleistung eines g\u00fcnstigen Naturschutzstatus der Biotope von gemeinschaftlicher Bedeutung durch ein Revitalisierungsmanagement in 17 Lokalit\u00e4ten des Projektgebiets. Ein trilaterales grenz\u00fcberschreitendes Gebiet der Slowakei mit \u00d6sterreich\u00a0und Ungarn stellt mit ihren wertvollen Lokalit\u00e4ten des NATURA 2000-Netzwerks ein&hellip;\" \/>\n<meta property=\"og:url\" content=\"https:\/\/broz.sk\/de\/regionaler-naturschutzverband-bratislava-broz\/\" \/>\n<meta property=\"og:site_name\" content=\"BROZ\" \/>\n<meta property=\"article:publisher\" content=\"https:\/\/www.facebook.com\/broz.ba\/\" \/>\n<meta property=\"article:modified_time\" content=\"2019-01-25T17:12:42+00:00\" \/>\n<meta property=\"og:image\" content=\"https:\/\/broz.sk\/wp-content\/uploads\/2018\/01\/15871823_10153955855730448_245378920202209469_n.jpg\" \/>\n\t<meta property=\"og:image:width\" content=\"855\" \/>\n\t<meta property=\"og:image:height\" content=\"553\" \/>\n\t<meta property=\"og:image:type\" content=\"image\/jpeg\" \/>\n<meta name=\"twitter:card\" content=\"summary_large_image\" \/>\n<meta name=\"twitter:label1\" content=\"Gesch\u00e4tzte Lesezeit\" \/>\n\t<meta name=\"twitter:data1\" content=\"1\u00a0Minute\" \/>\n<script type=\"application\/ld+json\" class=\"yoast-schema-graph\">{\"@context\":\"https:\\\/\\\/schema.org\",\"@graph\":[{\"@type\":\"WebPage\",\"@id\":\"https:\\\/\\\/broz.sk\\\/de\\\/regionaler-naturschutzverband-bratislava-broz\\\/\",\"url\":\"https:\\\/\\\/broz.sk\\\/de\\\/regionaler-naturschutzverband-bratislava-broz\\\/\",\"name\":\"\u00dcber uns - BROZ\",\"isPartOf\":{\"@id\":\"https:\\\/\\\/broz.sk\\\/#website\"},\"primaryImageOfPage\":{\"@id\":\"https:\\\/\\\/broz.sk\\\/de\\\/regionaler-naturschutzverband-bratislava-broz\\\/#primaryimage\"},\"image\":{\"@id\":\"https:\\\/\\\/broz.sk\\\/de\\\/regionaler-naturschutzverband-bratislava-broz\\\/#primaryimage\"},\"thumbnailUrl\":\"https:\\\/\\\/broz.sk\\\/wp-content\\\/uploads\\\/2018\\\/01\\\/15871823_10153955855730448_245378920202209469_n.jpg\",\"datePublished\":\"2018-01-26T13:31:49+00:00\",\"dateModified\":\"2019-01-25T17:12:42+00:00\",\"breadcrumb\":{\"@id\":\"https:\\\/\\\/broz.sk\\\/de\\\/regionaler-naturschutzverband-bratislava-broz\\\/#breadcrumb\"},\"inLanguage\":\"de\",\"potentialAction\":[{\"@type\":\"ReadAction\",\"target\":[\"https:\\\/\\\/broz.sk\\\/de\\\/regionaler-naturschutzverband-bratislava-broz\\\/\"]}]},{\"@type\":\"ImageObject\",\"inLanguage\":\"de\",\"@id\":\"https:\\\/\\\/broz.sk\\\/de\\\/regionaler-naturschutzverband-bratislava-broz\\\/#primaryimage\",\"url\":\"https:\\\/\\\/broz.sk\\\/wp-content\\\/uploads\\\/2018\\\/01\\\/15871823_10153955855730448_245378920202209469_n.jpg\",\"contentUrl\":\"https:\\\/\\\/broz.sk\\\/wp-content\\\/uploads\\\/2018\\\/01\\\/15871823_10153955855730448_245378920202209469_n.jpg\",\"width\":855,\"height\":553},{\"@type\":\"BreadcrumbList\",\"@id\":\"https:\\\/\\\/broz.sk\\\/de\\\/regionaler-naturschutzverband-bratislava-broz\\\/#breadcrumb\",\"itemListElement\":[{\"@type\":\"ListItem\",\"position\":1,\"name\":\"Domovsk\u00e1 str\u00e1nka\",\"item\":\"https:\\\/\\\/broz.sk\\\/\"},{\"@type\":\"ListItem\",\"position\":2,\"name\":\"\u00dcber uns\"}]},{\"@type\":\"WebSite\",\"@id\":\"https:\\\/\\\/broz.sk\\\/#website\",\"url\":\"https:\\\/\\\/broz.sk\\\/\",\"name\":\"BROZ\",\"description\":\"ochran\u00e1rske zdru\u017eenie\",\"publisher\":{\"@id\":\"https:\\\/\\\/broz.sk\\\/#organization\"},\"potentialAction\":[{\"@type\":\"SearchAction\",\"target\":{\"@type\":\"EntryPoint\",\"urlTemplate\":\"https:\\\/\\\/broz.sk\\\/?s={search_term_string}\"},\"query-input\":{\"@type\":\"PropertyValueSpecification\",\"valueRequired\":true,\"valueName\":\"search_term_string\"}}],\"inLanguage\":\"de\"},{\"@type\":\"Organization\",\"@id\":\"https:\\\/\\\/broz.sk\\\/#organization\",\"name\":\"BROZ - Bratislavsk\u00e9 region\u00e1lne ochran\u00e1rske zdru\u017eenie\",\"url\":\"https:\\\/\\\/broz.sk\\\/\",\"logo\":{\"@type\":\"ImageObject\",\"inLanguage\":\"de\",\"@id\":\"https:\\\/\\\/broz.sk\\\/#\\\/schema\\\/logo\\\/image\\\/\",\"url\":\"https:\\\/\\\/broz.sk\\\/wp-content\\\/uploads\\\/2018\\\/03\\\/broz-logo-hires-color.png\",\"contentUrl\":\"https:\\\/\\\/broz.sk\\\/wp-content\\\/uploads\\\/2018\\\/03\\\/broz-logo-hires-color.png\",\"width\":2585,\"height\":1618,\"caption\":\"BROZ - Bratislavsk\u00e9 region\u00e1lne ochran\u00e1rske zdru\u017eenie\"},\"image\":{\"@id\":\"https:\\\/\\\/broz.sk\\\/#\\\/schema\\\/logo\\\/image\\\/\"},\"sameAs\":[\"https:\\\/\\\/www.facebook.com\\\/broz.ba\\\/\"]}]}<\/script>\n<!-- \/ Yoast SEO Premium plugin. -->","yoast_head_json":{"title":"\u00dcber uns - BROZ","robots":{"index":"index","follow":"follow","max-snippet":"max-snippet:-1","max-image-preview":"max-image-preview:large","max-video-preview":"max-video-preview:-1"},"canonical":"https:\/\/broz.sk\/de\/regionaler-naturschutzverband-bratislava-broz\/","og_locale":"de_DE","og_type":"article","og_title":"\u00dcber uns","og_description":"[vc_row][vc_column][vc_column_text]Regionaler Naturschutzverband Bratislava (BROZ) Das Hauptziel des Projektes ist die Schaffung eines Funktionsnetzwerkes der NATURA 2000-Gebiete in der Bratislava-Region und\u00a0die Gew\u00e4hrleistung eines g\u00fcnstigen Naturschutzstatus der Biotope von gemeinschaftlicher Bedeutung durch ein Revitalisierungsmanagement in 17 Lokalit\u00e4ten des Projektgebiets. Ein trilaterales grenz\u00fcberschreitendes Gebiet der Slowakei mit \u00d6sterreich\u00a0und Ungarn stellt mit ihren wertvollen Lokalit\u00e4ten des NATURA 2000-Netzwerks ein&hellip;","og_url":"https:\/\/broz.sk\/de\/regionaler-naturschutzverband-bratislava-broz\/","og_site_name":"BROZ","article_publisher":"https:\/\/www.facebook.com\/broz.ba\/","article_modified_time":"2019-01-25T17:12:42+00:00","og_image":[{"width":855,"height":553,"url":"https:\/\/broz.sk\/wp-content\/uploads\/2018\/01\/15871823_10153955855730448_245378920202209469_n.jpg","type":"image\/jpeg"}],"twitter_card":"summary_large_image","twitter_misc":{"Gesch\u00e4tzte Lesezeit":"1\u00a0Minute"},"schema":{"@context":"https:\/\/schema.org","@graph":[{"@type":"WebPage","@id":"https:\/\/broz.sk\/de\/regionaler-naturschutzverband-bratislava-broz\/","url":"https:\/\/broz.sk\/de\/regionaler-naturschutzverband-bratislava-broz\/","name":"\u00dcber uns - BROZ","isPartOf":{"@id":"https:\/\/broz.sk\/#website"},"primaryImageOfPage":{"@id":"https:\/\/broz.sk\/de\/regionaler-naturschutzverband-bratislava-broz\/#primaryimage"},"image":{"@id":"https:\/\/broz.sk\/de\/regionaler-naturschutzverband-bratislava-broz\/#primaryimage"},"thumbnailUrl":"https:\/\/broz.sk\/wp-content\/uploads\/2018\/01\/15871823_10153955855730448_245378920202209469_n.jpg","datePublished":"2018-01-26T13:31:49+00:00","dateModified":"2019-01-25T17:12:42+00:00","breadcrumb":{"@id":"https:\/\/broz.sk\/de\/regionaler-naturschutzverband-bratislava-broz\/#breadcrumb"},"inLanguage":"de","potentialAction":[{"@type":"ReadAction","target":["https:\/\/broz.sk\/de\/regionaler-naturschutzverband-bratislava-broz\/"]}]},{"@type":"ImageObject","inLanguage":"de","@id":"https:\/\/broz.sk\/de\/regionaler-naturschutzverband-bratislava-broz\/#primaryimage","url":"https:\/\/broz.sk\/wp-content\/uploads\/2018\/01\/15871823_10153955855730448_245378920202209469_n.jpg","contentUrl":"https:\/\/broz.sk\/wp-content\/uploads\/2018\/01\/15871823_10153955855730448_245378920202209469_n.jpg","width":855,"height":553},{"@type":"BreadcrumbList","@id":"https:\/\/broz.sk\/de\/regionaler-naturschutzverband-bratislava-broz\/#breadcrumb","itemListElement":[{"@type":"ListItem","position":1,"name":"Domovsk\u00e1 str\u00e1nka","item":"https:\/\/broz.sk\/"},{"@type":"ListItem","position":2,"name":"\u00dcber uns"}]},{"@type":"WebSite","@id":"https:\/\/broz.sk\/#website","url":"https:\/\/broz.sk\/","name":"BROZ","description":"ochran\u00e1rske zdru\u017eenie","publisher":{"@id":"https:\/\/broz.sk\/#organization"},"potentialAction":[{"@type":"SearchAction","target":{"@type":"EntryPoint","urlTemplate":"https:\/\/broz.sk\/?s={search_term_string}"},"query-input":{"@type":"PropertyValueSpecification","valueRequired":true,"valueName":"search_term_string"}}],"inLanguage":"de"},{"@type":"Organization","@id":"https:\/\/broz.sk\/#organization","name":"BROZ - Bratislavsk\u00e9 region\u00e1lne ochran\u00e1rske zdru\u017eenie","url":"https:\/\/broz.sk\/","logo":{"@type":"ImageObject","inLanguage":"de","@id":"https:\/\/broz.sk\/#\/schema\/logo\/image\/","url":"https:\/\/broz.sk\/wp-content\/uploads\/2018\/03\/broz-logo-hires-color.png","contentUrl":"https:\/\/broz.sk\/wp-content\/uploads\/2018\/03\/broz-logo-hires-color.png","width":2585,"height":1618,"caption":"BROZ - Bratislavsk\u00e9 region\u00e1lne ochran\u00e1rske zdru\u017eenie"},"image":{"@id":"https:\/\/broz.sk\/#\/schema\/logo\/image\/"},"sameAs":["https:\/\/www.facebook.com\/broz.ba\/"]}]}},"_links":{"self":[{"href":"https:\/\/broz.sk\/de\/wp-json\/wp\/v2\/pages\/3082","targetHints":{"allow":["GET"]}}],"collection":[{"href":"https:\/\/broz.sk\/de\/wp-json\/wp\/v2\/pages"}],"about":[{"href":"https:\/\/broz.sk\/de\/wp-json\/wp\/v2\/types\/page"}],"author":[{"embeddable":true,"href":"https:\/\/broz.sk\/de\/wp-json\/wp\/v2\/users\/2"}],"replies":[{"embeddable":true,"href":"https:\/\/broz.sk\/de\/wp-json\/wp\/v2\/comments?post=3082"}],"version-history":[{"count":4,"href":"https:\/\/broz.sk\/de\/wp-json\/wp\/v2\/pages\/3082\/revisions"}],"predecessor-version":[{"id":3092,"href":"https:\/\/broz.sk\/de\/wp-json\/wp\/v2\/pages\/3082\/revisions\/3092"}],"wp:featuredmedia":[{"embeddable":true,"href":"https:\/\/broz.sk\/de\/wp-json\/wp\/v2\/media\/3083"}],"wp:attachment":[{"href":"https:\/\/broz.sk\/de\/wp-json\/wp\/v2\/media?parent=3082"}],"curies":[{"name":"wp","href":"https:\/\/api.w.org\/{rel}","templated":true}]}}